{"id":144,"date":"2018-11-17T11:12:57","date_gmt":"2018-11-17T08:12:57","guid":{"rendered":"https:\/\/canpsikoloji.com\/?page_id=144"},"modified":"2019-10-08T09:16:07","modified_gmt":"2019-10-08T06:16:07","slug":"bireysel-terapiler","status":"publish","type":"page","link":"https:\/\/canpsikoloji.com\/index.php\/bireysel-terapiler\/","title":{"rendered":"Bireysel Terapiler"},"content":{"rendered":"<p><center><img loading=\"lazy\" decoding=\"async\" class=\"aligncenter wp-image-377 size-large\" src=\"https:\/\/canpsikoloji.com\/wp-content\/uploads\/2019\/10\/pt-1024x683.jpg\" alt=\"\" width=\"1024\" height=\"683\" srcset=\"https:\/\/canpsikoloji.com\/wp-content\/uploads\/2019\/10\/pt-1024x683.jpg 1024w, https:\/\/canpsikoloji.com\/wp-content\/uploads\/2019\/10\/pt-300x200.jpg 300w, https:\/\/canpsikoloji.com\/wp-content\/uploads\/2019\/10\/pt-768x513.jpg 768w\" sizes=\"auto, (max-width: 1024px) 100vw, 1024px\" \/><\/center><\/p>\n<p>Bireysel terapi dan\u0131\u015fan\u0131n psikoterapistiyle bire bir olarak \u00e7al\u0131\u015fmas\u0131d\u0131r. Ama\u00e7 ki\u015finin, kendisini somatik tepkiler, davran\u0131\u015flar, inan\u0131\u015flar, ili\u015fki problemleri veya duygular olarak g\u00f6steren i\u00e7 sanc\u0131lar\u0131n\u0131 hafifletmeye y\u00f6neliktir. Bireysel terapi ; terapi \u00e7e\u015fitleri i\u00e7inde en yayg\u0131n\u0131d\u0131r. Di\u011fer psikoterapi \u00e7e\u015fitleri; \u00e7ift ve aile terapisi, \u00e7ocuk ve ergen terapisi, grup terapisi , cinsel terapiler ve hipnoterapi \u2018dir.<\/p>\n<p><strong>B\u0130REYSEL TERAP\u0130N\u0130N AMA\u00c7LARI<\/strong><br \/>\nBireysel terapide amac\u0131 dan\u0131\u015fan ve psikoterapist birlikte belirler. Terapi hizmetlerini alan dan\u0131\u015fan\u0131n amac\u0131 psikoterapi s\u00fcreci i\u00e7erisinde de\u011fi\u015febilir. Terapinin hedefleri \u015funlar olabilir;<\/p>\n<p>Duygusal zorluklar\u0131n \u00fcstesinden gelmek<br \/>\nDavran\u0131\u015f ve tutum de\u011fi\u015fikli\u011fi sa\u011flamak<br \/>\nE\u015f, aile ve di\u011fer bireylerle olan ili\u015fkileri d\u00fczenlenmek<br \/>\nHayata y\u00f6n veren \u00f6nemli kararlar almak<br \/>\nDan\u0131\u015fan\u0131n kendine olan g\u00fcvenini art\u0131rmak<br \/>\nSorunlarla ba\u015fa \u00e7\u0131kma kapasitesini art\u0131rabilmek<br \/>\nPsikolojik hastal\u0131klar\u0131 ortadan kald\u0131rmak<br \/>\n\u00d6z fark\u0131ndal\u0131\u011f\u0131 art\u0131rabilmek<br \/>\n!!! S\u0131kl\u0131kla aile bireylerinden ya da e\u015flerden yaln\u0131zca biri terapiye kat\u0131l\u0131r. Fakat terapide bulunmayan ve de\u011fi\u015fme motivasyonu olmayan aile bireyini de\u011fi\u015ftirmeye \u00e7al\u0131\u015f\u0131rlar. Oysaki terapide olmayan biriyle \u00e7al\u0131\u015f\u0131lamaz. Terapide kimin de\u011fi\u015fme motivasyonu varsa onunla \u00e7al\u0131\u015f\u0131l\u0131r. Ama sizin kendinizde yapaca\u011f\u0131n\u0131z de\u011fi\u015fiklikler ba\u015fkalar\u0131nda da de\u011fi\u015fikli\u011fe sebep olabilir.<\/p>\n<p><strong>B\u0130REYSEL TERAP\u0130N\u0130N FAYDALARI<\/strong><br \/>\nPsikoterapinin etkinli\u011fini inceleyen ara\u015ft\u0131rmalar bireysel terapinin psikolojik hastal\u0131klar\u0131n yaratt\u0131\u011f\u0131 bulgular\u0131 ortadan kald\u0131rd\u0131\u011f\u0131n\u0131 veya azaltt\u0131\u011f\u0131n\u0131 g\u00f6steriyor.<\/p>\n<p>Ayr\u0131ca i\u015ften al\u0131nan izin g\u00fcnlerinin s\u00fcresini k\u0131saltm\u0131\u015f, psikosomatik rahats\u0131zl\u0131klardan \u00f6t\u00fcr\u00fc sa\u011fl\u0131k hizmetlerinde gereksiz vakit harcanmas\u0131n\u0131 \u00f6nlemi\u015ftir.<\/p>\n<p><strong>B\u0130REYSEL TERAP\u0130 K\u0130MLERE YARDIMCI OLAB\u0130L\u0130R?<\/strong><br \/>\nBaz\u0131 dan\u0131\u015fanlar terapi \u00e7e\u015fitleri aras\u0131nda en fazla bireysel olarak \u00e7al\u0131\u015fmaya uygundurlar. Bunlar;<\/p>\n<p>Meselelerini ba\u015fkalar\u0131n\u0131n yan\u0131nda konu\u015fmaktan \u00e7ekinen dan\u0131\u015fanlar grup terapisinden ziyade bireysel terapi uygulamalar\u0131n\u0131 tercih ederler.<br \/>\nPsikodinamik psikoterapi y\u00f6ntemi uygulayac\u0131lar\u0131 bireyin kendi sistemleri i\u00e7indeki ili\u015fkilerinden \u00e7ok, i\u00e7 d\u00fcnyalar\u0131nda bast\u0131r\u0131lm\u0131\u015f olan \u00e7at\u0131\u015fmalar\u0131yla ilgilenir. Bu nedenle bireysel terapiyi daha s\u0131kl\u0131kla uygularlar.<br \/>\nBireysel psikoterapi, \u00f6zel ilgi ve yo\u011fun \u00e7al\u0131\u015fma isteyen dan\u0131\u015fanlar i\u00e7in daha uygun olabilir.<br \/>\nAile terapisi arzu edilse de her zaman m\u00fcmk\u00fcn olmayabilir. Terapiye kat\u0131lmas\u0131 arzu edilen ki\u015filer uzakta ya\u015f\u0131yor olabilir. Birey yak\u0131nlar\u0131n\u0131 terapiye gelmeye ikna edemeyebilir.<br \/>\nKendilerine uygun grup terapisi imkan\u0131 bulamayan dan\u0131\u015fanlar.<br \/>\nDan\u0131\u015fanlar bazen bireysel psikoterapi ile s\u0131n\u0131rlanmak istemezler. Beraber bir yerlere gitme al\u0131\u015fkanl\u0131\u011f\u0131 olan aileler \u00e7o\u011fu zaman onlarla terapi seanslar\u0131na kat\u0131lmak isterler. Bu gibi talepler dikkatli de\u011ferlendirilmeli, dan\u0131\u015fan\u0131n ihtiya\u00e7lar\u0131 kadar di\u011fer bireylerin yarar\u0131 da g\u00f6zetilmelidir.<br \/>\nBireysel olarak ba\u015flayan terapi dan\u0131\u015fan\u0131n ihtiya\u00e7lar\u0131na ba\u011fl\u0131 olarak aile terapisi veya evlilik terapisi olarak devam edebilir.<\/p>\n","protected":false},"excerpt":{"rendered":"<p class=\"qua-blog-post-description\">Bireysel terapi dan\u0131\u015fan\u0131n psikoterapistiyle bire bir olarak \u00e7al\u0131\u015fmas\u0131d\u0131r. Ama\u00e7 ki\u015finin, kendisini somatik tepkiler, davran\u0131\u015flar, inan\u0131\u015flar, ili\u015fki problemleri veya duygular olarak g\u00f6steren i\u00e7 sanc\u0131lar\u0131n\u0131 hafifletmeye y\u00f6neliktir. Bireysel terapi ; terapi \u00e7e\u015fitleri i\u00e7inde en yayg\u0131n\u0131d\u0131r. Di\u011fer psikoterapi \u00e7e\u015fitleri; \u00e7ift ve aile terapisi, \u00e7ocuk ve ergen terapisi, grup terapisi , cinsel terapiler ve hipnoterapi \u2018dir. B\u0130REYSEL TERAP\u0130N\u0130N AMA\u00c7LARI [&hellip;]<\/p>\n","protected":false},"author":1,"featured_media":0,"parent":0,"menu_order":0,"comment_status":"closed","ping_status":"closed","template":"","meta":{"footnotes":""},"class_list":["post-144","page","type-page","status-publish","hentry"],"yoast_head":"<!-- This site is optimized with the Yoast SEO plugin v24.9 - https:\/\/yoast.com\/wordpress\/plugins\/seo\/ -->\n<title>Bireysel Terapiler - Can Psikoloji Dan\u0131\u015fmanl\u0131k Merkezi<\/title>\n<meta name=\"robots\" content=\"index, follow, max-snippet:-1, max-image-preview:large, max-video-preview:-1\" \/>\n<link rel=\"canonical\" href=\"https:\/\/canpsikoloji.com\/index.php\/bireysel-terapiler\/\" \/>\n<meta property=\"og:locale\" content=\"tr_TR\" \/>\n<meta property=\"og:type\" content=\"article\" \/>\n<meta property=\"og:title\" content=\"Bireysel Terapiler - Can Psikoloji Dan\u0131\u015fmanl\u0131k Merkezi\" \/>\n<meta property=\"og:description\" content=\"Bireysel terapi dan\u0131\u015fan\u0131n psikoterapistiyle bire bir olarak \u00e7al\u0131\u015fmas\u0131d\u0131r. Ama\u00e7 ki\u015finin, kendisini somatik tepkiler, davran\u0131\u015flar, inan\u0131\u015flar, ili\u015fki problemleri veya duygular olarak g\u00f6steren i\u00e7 sanc\u0131lar\u0131n\u0131 hafifletmeye y\u00f6neliktir. Bireysel terapi ; terapi \u00e7e\u015fitleri i\u00e7inde en yayg\u0131n\u0131d\u0131r. Di\u011fer psikoterapi \u00e7e\u015fitleri; \u00e7ift ve aile terapisi, \u00e7ocuk ve ergen terapisi, grup terapisi , cinsel terapiler ve hipnoterapi \u2018dir. B\u0130REYSEL TERAP\u0130N\u0130N AMA\u00c7LARI [&hellip;]\" \/>\n<meta property=\"og:url\" content=\"https:\/\/canpsikoloji.com\/index.php\/bireysel-terapiler\/\" \/>\n<meta property=\"og:site_name\" content=\"Can Psikoloji Dan\u0131\u015fmanl\u0131k Merkezi\" \/>\n<meta property=\"article:modified_time\" content=\"2019-10-08T06:16:07+00:00\" \/>\n<meta property=\"og:image\" content=\"https:\/\/canpsikoloji.com\/wp-content\/uploads\/2019\/10\/pt-1024x683.jpg\" \/>\n<meta name=\"twitter:card\" content=\"summary_large_image\" \/>\n<meta name=\"twitter:label1\" content=\"Tahmini okuma s\u00fcresi\" \/>\n\t<meta name=\"twitter:data1\" content=\"2 dakika\" \/>\n<script type=\"application\/ld+json\" class=\"yoast-schema-graph\">{\"@context\":\"https:\/\/schema.org\",\"@graph\":[{\"@type\":\"WebPage\",\"@id\":\"https:\/\/canpsikoloji.com\/index.php\/bireysel-terapiler\/\",\"url\":\"https:\/\/canpsikoloji.com\/index.php\/bireysel-terapiler\/\",\"name\":\"Bireysel Terapiler - Can Psikoloji Dan\u0131\u015fmanl\u0131k Merkezi\",\"isPartOf\":{\"@id\":\"https:\/\/canpsikoloji.com\/#website\"},\"primaryImageOfPage\":{\"@id\":\"https:\/\/canpsikoloji.com\/index.php\/bireysel-terapiler\/#primaryimage\"},\"image\":{\"@id\":\"https:\/\/canpsikoloji.com\/index.php\/bireysel-terapiler\/#primaryimage\"},\"thumbnailUrl\":\"https:\/\/canpsikoloji.com\/wp-content\/uploads\/2019\/10\/pt-1024x683.jpg\",\"datePublished\":\"2018-11-17T08:12:57+00:00\",\"dateModified\":\"2019-10-08T06:16:07+00:00\",\"breadcrumb\":{\"@id\":\"https:\/\/canpsikoloji.com\/index.php\/bireysel-terapiler\/#breadcrumb\"},\"inLanguage\":\"tr\",\"potentialAction\":[{\"@type\":\"ReadAction\",\"target\":[\"https:\/\/canpsikoloji.com\/index.php\/bireysel-terapiler\/\"]}]},{\"@type\":\"ImageObject\",\"inLanguage\":\"tr\",\"@id\":\"https:\/\/canpsikoloji.com\/index.php\/bireysel-terapiler\/#primaryimage\",\"url\":\"https:\/\/canpsikoloji.com\/wp-content\/uploads\/2019\/10\/pt-1024x683.jpg\",\"contentUrl\":\"https:\/\/canpsikoloji.com\/wp-content\/uploads\/2019\/10\/pt-1024x683.jpg\"},{\"@type\":\"BreadcrumbList\",\"@id\":\"https:\/\/canpsikoloji.com\/index.php\/bireysel-terapiler\/#breadcrumb\",\"itemListElement\":[{\"@type\":\"ListItem\",\"position\":1,\"name\":\"Ana sayfa\",\"item\":\"https:\/\/canpsikoloji.com\/\"},{\"@type\":\"ListItem\",\"position\":2,\"name\":\"Bireysel Terapiler\"}]},{\"@type\":\"WebSite\",\"@id\":\"https:\/\/canpsikoloji.com\/#website\",\"url\":\"https:\/\/canpsikoloji.com\/\",\"name\":\"Can Psikoloji Dan\u0131\u015fmanl\u0131k ve E\u011fitim Merkezi\",\"description\":\"\",\"publisher\":{\"@id\":\"https:\/\/canpsikoloji.com\/#organization\"},\"potentialAction\":[{\"@type\":\"SearchAction\",\"target\":{\"@type\":\"EntryPoint\",\"urlTemplate\":\"https:\/\/canpsikoloji.com\/?s={search_term_string}\"},\"query-input\":{\"@type\":\"PropertyValueSpecification\",\"valueRequired\":true,\"valueName\":\"search_term_string\"}}],\"inLanguage\":\"tr\"},{\"@type\":\"Organization\",\"@id\":\"https:\/\/canpsikoloji.com\/#organization\",\"name\":\"Can Psikoloji Dan\u0131\u015fmanl\u0131k ve E\u011fitim Merkezi\",\"url\":\"https:\/\/canpsikoloji.com\/\",\"logo\":{\"@type\":\"ImageObject\",\"inLanguage\":\"tr\",\"@id\":\"https:\/\/canpsikoloji.com\/#\/schema\/logo\/image\/\",\"url\":\"https:\/\/canpsikoloji.com\/wp-content\/uploads\/2018\/11\/CAN-PS\u0130KOLOJ\u0130-KAPI-ORTALADIM-1.jpg\",\"contentUrl\":\"https:\/\/canpsikoloji.com\/wp-content\/uploads\/2018\/11\/CAN-PS\u0130KOLOJ\u0130-KAPI-ORTALADIM-1.jpg\",\"width\":2021,\"height\":948,\"caption\":\"Can Psikoloji Dan\u0131\u015fmanl\u0131k ve E\u011fitim Merkezi\"},\"image\":{\"@id\":\"https:\/\/canpsikoloji.com\/#\/schema\/logo\/image\/\"},\"sameAs\":[\"https:\/\/www.instagram.com\/canpsikoloji\"]}]}<\/script>\n<!-- \/ Yoast SEO plugin. -->","yoast_head_json":{"title":"Bireysel Terapiler - Can Psikoloji Dan\u0131\u015fmanl\u0131k Merkezi","robots":{"index":"index","follow":"follow","max-snippet":"max-snippet:-1","max-image-preview":"max-image-preview:large","max-video-preview":"max-video-preview:-1"},"canonical":"https:\/\/canpsikoloji.com\/index.php\/bireysel-terapiler\/","og_locale":"tr_TR","og_type":"article","og_title":"Bireysel Terapiler - Can Psikoloji Dan\u0131\u015fmanl\u0131k Merkezi","og_description":"Bireysel terapi dan\u0131\u015fan\u0131n psikoterapistiyle bire bir olarak \u00e7al\u0131\u015fmas\u0131d\u0131r. Ama\u00e7 ki\u015finin, kendisini somatik tepkiler, davran\u0131\u015flar, inan\u0131\u015flar, ili\u015fki problemleri veya duygular olarak g\u00f6steren i\u00e7 sanc\u0131lar\u0131n\u0131 hafifletmeye y\u00f6neliktir. Bireysel terapi ; terapi \u00e7e\u015fitleri i\u00e7inde en yayg\u0131n\u0131d\u0131r. Di\u011fer psikoterapi \u00e7e\u015fitleri; \u00e7ift ve aile terapisi, \u00e7ocuk ve ergen terapisi, grup terapisi , cinsel terapiler ve hipnoterapi \u2018dir. B\u0130REYSEL TERAP\u0130N\u0130N AMA\u00c7LARI [&hellip;]","og_url":"https:\/\/canpsikoloji.com\/index.php\/bireysel-terapiler\/","og_site_name":"Can Psikoloji Dan\u0131\u015fmanl\u0131k Merkezi","article_modified_time":"2019-10-08T06:16:07+00:00","og_image":[{"url":"https:\/\/canpsikoloji.com\/wp-content\/uploads\/2019\/10\/pt-1024x683.jpg","type":"","width":"","height":""}],"twitter_card":"summary_large_image","twitter_misc":{"Tahmini okuma s\u00fcresi":"2 dakika"},"schema":{"@context":"https:\/\/schema.org","@graph":[{"@type":"WebPage","@id":"https:\/\/canpsikoloji.com\/index.php\/bireysel-terapiler\/","url":"https:\/\/canpsikoloji.com\/index.php\/bireysel-terapiler\/","name":"Bireysel Terapiler - Can Psikoloji Dan\u0131\u015fmanl\u0131k Merkezi","isPartOf":{"@id":"https:\/\/canpsikoloji.com\/#website"},"primaryImageOfPage":{"@id":"https:\/\/canpsikoloji.com\/index.php\/bireysel-terapiler\/#primaryimage"},"image":{"@id":"https:\/\/canpsikoloji.com\/index.php\/bireysel-terapiler\/#primaryimage"},"thumbnailUrl":"https:\/\/canpsikoloji.com\/wp-content\/uploads\/2019\/10\/pt-1024x683.jpg","datePublished":"2018-11-17T08:12:57+00:00","dateModified":"2019-10-08T06:16:07+00:00","breadcrumb":{"@id":"https:\/\/canpsikoloji.com\/index.php\/bireysel-terapiler\/#breadcrumb"},"inLanguage":"tr","potentialAction":[{"@type":"ReadAction","target":["https:\/\/canpsikoloji.com\/index.php\/bireysel-terapiler\/"]}]},{"@type":"ImageObject","inLanguage":"tr","@id":"https:\/\/canpsikoloji.com\/index.php\/bireysel-terapiler\/#primaryimage","url":"https:\/\/canpsikoloji.com\/wp-content\/uploads\/2019\/10\/pt-1024x683.jpg","contentUrl":"https:\/\/canpsikoloji.com\/wp-content\/uploads\/2019\/10\/pt-1024x683.jpg"},{"@type":"BreadcrumbList","@id":"https:\/\/canpsikoloji.com\/index.php\/bireysel-terapiler\/#breadcrumb","itemListElement":[{"@type":"ListItem","position":1,"name":"Ana sayfa","item":"https:\/\/canpsikoloji.com\/"},{"@type":"ListItem","position":2,"name":"Bireysel Terapiler"}]},{"@type":"WebSite","@id":"https:\/\/canpsikoloji.com\/#website","url":"https:\/\/canpsikoloji.com\/","name":"Can Psikoloji Dan\u0131\u015fmanl\u0131k ve E\u011fitim Merkezi","description":"","publisher":{"@id":"https:\/\/canpsikoloji.com\/#organization"},"potentialAction":[{"@type":"SearchAction","target":{"@type":"EntryPoint","urlTemplate":"https:\/\/canpsikoloji.com\/?s={search_term_string}"},"query-input":{"@type":"PropertyValueSpecification","valueRequired":true,"valueName":"search_term_string"}}],"inLanguage":"tr"},{"@type":"Organization","@id":"https:\/\/canpsikoloji.com\/#organization","name":"Can Psikoloji Dan\u0131\u015fmanl\u0131k ve E\u011fitim Merkezi","url":"https:\/\/canpsikoloji.com\/","logo":{"@type":"ImageObject","inLanguage":"tr","@id":"https:\/\/canpsikoloji.com\/#\/schema\/logo\/image\/","url":"https:\/\/canpsikoloji.com\/wp-content\/uploads\/2018\/11\/CAN-PS\u0130KOLOJ\u0130-KAPI-ORTALADIM-1.jpg","contentUrl":"https:\/\/canpsikoloji.com\/wp-content\/uploads\/2018\/11\/CAN-PS\u0130KOLOJ\u0130-KAPI-ORTALADIM-1.jpg","width":2021,"height":948,"caption":"Can Psikoloji Dan\u0131\u015fmanl\u0131k ve E\u011fitim Merkezi"},"image":{"@id":"https:\/\/canpsikoloji.com\/#\/schema\/logo\/image\/"},"sameAs":["https:\/\/www.instagram.com\/canpsikoloji"]}]}},"_links":{"self":[{"href":"https:\/\/canpsikoloji.com\/index.php\/wp-json\/wp\/v2\/pages\/144","targetHints":{"allow":["GET"]}}],"collection":[{"href":"https:\/\/canpsikoloji.com\/index.php\/wp-json\/wp\/v2\/pages"}],"about":[{"href":"https:\/\/canpsikoloji.com\/index.php\/wp-json\/wp\/v2\/types\/page"}],"author":[{"embeddable":true,"href":"https:\/\/canpsikoloji.com\/index.php\/wp-json\/wp\/v2\/users\/1"}],"replies":[{"embeddable":true,"href":"https:\/\/canpsikoloji.com\/index.php\/wp-json\/wp\/v2\/comments?post=144"}],"version-history":[{"count":7,"href":"https:\/\/canpsikoloji.com\/index.php\/wp-json\/wp\/v2\/pages\/144\/revisions"}],"predecessor-version":[{"id":379,"href":"https:\/\/canpsikoloji.com\/index.php\/wp-json\/wp\/v2\/pages\/144\/revisions\/379"}],"wp:attachment":[{"href":"https:\/\/canpsikoloji.com\/index.php\/wp-json\/wp\/v2\/media?parent=144"}],"curies":[{"name":"wp","href":"https:\/\/api.w.org\/{rel}","templated":true}]}}