{"id":148,"date":"2018-11-17T11:22:41","date_gmt":"2018-11-17T08:22:41","guid":{"rendered":"https:\/\/canpsikoloji.com\/?page_id=148"},"modified":"2019-08-29T16:01:52","modified_gmt":"2019-08-29T13:01:52","slug":"cift-ve-aile-terapileri","status":"publish","type":"page","link":"https:\/\/canpsikoloji.com\/index.php\/cift-ve-aile-terapileri\/","title":{"rendered":"\u00c7ift Ve Aile Terapileri"},"content":{"rendered":"<p><center><img loading=\"lazy\" decoding=\"async\" class=\"aligncenter wp-image-166 size-full\" src=\"https:\/\/canpsikoloji.com\/wp-content\/uploads\/2018\/11\/380c967858b65ccccedcdb4afeac3670.jpg\" alt=\"\" width=\"1404\" height=\"672\" srcset=\"https:\/\/canpsikoloji.com\/wp-content\/uploads\/2018\/11\/380c967858b65ccccedcdb4afeac3670.jpg 1404w, https:\/\/canpsikoloji.com\/wp-content\/uploads\/2018\/11\/380c967858b65ccccedcdb4afeac3670-300x144.jpg 300w, https:\/\/canpsikoloji.com\/wp-content\/uploads\/2018\/11\/380c967858b65ccccedcdb4afeac3670-768x368.jpg 768w, https:\/\/canpsikoloji.com\/wp-content\/uploads\/2018\/11\/380c967858b65ccccedcdb4afeac3670-1024x490.jpg 1024w\" sizes=\"auto, (max-width: 1404px) 100vw, 1404px\" \/><\/center><\/p>\n<p>Aile ve \u00e7ift terapisi; de\u011fi\u015fim ve geli\u015fimi sa\u011flamak ad\u0131na, aileler ve \u00e7iftler aras\u0131ndaki yak\u0131n ili\u015fkinin \u00e7al\u0131\u015f\u0131ld\u0131\u011f\u0131, psikoterapinin bir dal\u0131d\u0131r. Bireylerin di\u011fer insanlarla kurduklar\u0131 ili\u015fkiler, ruh sa\u011fl\u0131klar\u0131 ve duygusal doyumlar\u0131 a\u00e7\u0131s\u0131ndan \u00e7ok \u00f6nemlidir. \u00d6zellikler ebeveyn, e\u015f ve \u00e7ocuklar gibi ki\u015filerle kurulan yak\u0131n ili\u015fkilerde, bu rol daha belirgin bir hal al\u0131r. Bu yak\u0131n ili\u015fkilerden birisi olan evlilik ili\u015fkisinde, e\u015fler zaman zaman \u00e7at\u0131\u015fmalar, zorlu ve s\u0131k\u0131nt\u0131l\u0131 d\u00f6nemler ya\u015fayabilirler.<\/p>\n<p>Aile ve \u00e7ift terapisinde ama\u00e7, aile i\u00e7inde ve \u00e7iftler aras\u0131nda ya\u015fanan zorlu ve s\u0131k\u0131nt\u0131l\u0131 s\u00fcre\u00e7lerin ele al\u0131narak \u00e7at\u0131\u015fmalar\u0131n \u00e7\u00f6z\u00fclebilmesi ve t\u00fcm aile \u00fcyelerinin sa\u011fl\u0131kl\u0131 y\u00f6nde de\u011fi\u015fiminin ve geli\u015fiminin sa\u011flanmas\u0131d\u0131r. Hem aile i\u00e7i ili\u015fkileri d\u00fczenlenmesi hem de di\u011fer insanlar ve durumlar ile ili\u015fkilerin d\u00fczenlenmesi hedeflenmektedir.<\/p>\n<p>\u00dclkemizde aile ve \u00e7ift terapisi son y\u0131llarda giderek artan bir \u00f6neme sahiptir. Bireyler, s\u0131k\u0131nt\u0131l\u0131 ve zor olan d\u00f6ng\u00fclerinden kurtulabilmek i\u00e7in t\u00fcm sistemde meydana gelebilecek bir de\u011fi\u015fime ihtiya\u00e7 duymaktad\u0131rlar. Terapistler, aile \u00fcyelerinin birbirlerine yard\u0131m edebilmeleri i\u00e7in yap\u0131c\u0131 yollar bulmas\u0131na yard\u0131m ederler. Her bir \u00fcyenin s\u0131k\u0131nt\u0131s\u0131 aile sistemi i\u00e7inde de\u011ferlendirilir.<\/p>\n<p>Aile ve \u00e7iftlerle olan \u00e7al\u0131\u015fmalar\u0131n uzun vadeli etkisi s\u00f6z konusudur. Terapiye kat\u0131lan bireyler, kendileri ve di\u011fer aile \u00fcyeleri hakk\u0131nda daha fazla \u015fey \u00f6\u011frenmektedirler. Bireylerin birbirleri ile kurduklar\u0131 yak\u0131n ili\u015fkiler desteklenmektedir. Problemlerle ba\u015f etme becerilerinin edinilmesi ile birlikte, sadece o anda ya\u015fanan durumlara \u00e7\u00f6z\u00fcm \u00fcretilmesi de\u011fil, sonras\u0131nda da ya\u015fanabilecek baz\u0131 zor durumlarla ba\u015f edilebilesi sa\u011flanabilmektedir.<\/p>\n<p>Aile ve \u00c7ift Terapisinden Kimler Yararlanabilir?<\/p>\n<p>\u00d6zellikle aile ve \u00e7ift ili\u015fkilerinde problem ya\u015fayan herkes bu terapi y\u00f6nteminden yararlanabilir. Aile ve \u00e7ift terapisinin \u00e7ok geni\u015f ve yayg\u0131n bir kullan\u0131m alan\u0131 vard\u0131r. T\u00fcm psikiyatrik\/psikolojik bozukluklarda, di\u011fer y\u00f6ntemlerle birlikte kullan\u0131labilir. Kullan\u0131m alanlar\u0131ndan baz\u0131lar\u0131 a\u015fa\u011f\u0131daki gibidir:<\/p>\n<p>\u00c7ift ili\u015fkileri<br \/>\nEvlilik problemleri<br \/>\nBo\u015fanma<br \/>\n\u00c7ocuk, ergen ve yeti\u015fkin ruh sa\u011fl\u0131\u011f\u0131<br \/>\n\u00c7ocuk ve ergenlerde davran\u0131\u015f bozuklu\u011fu ve okul problemleri<br \/>\nYeme bozukluklar\u0131<br \/>\nAlkol ve madde kullan\u0131m\u0131<br \/>\nKronik fiziksel rahats\u0131zl\u0131klarla<br \/>\nYas, kay\u0131p ve travmalar<br \/>\nDuygusal istismar, ihmal ve \u015fiddet<br \/>\nAile ya\u015fam\u0131nda de\u011fi\u015fiklikler (i\u015f de\u011fi\u015fikli\u011fi, ta\u015f\u0131nma vb.)<br \/>\nAnksiyete ve depresyonu da i\u00e7eren duygusal bozukluklar<br \/>\nEbeveynlik becerileri<br \/>\n\u00dcvey bireyi bulunan aileler destek.<br \/>\nPsikoseks\u00fcel zorluklar<br \/>\nEvlat edinme, \u00fcvey ebeveyn\/\u00e7ocuk ili\u015fkileri<br \/>\nKendine zarar verici davran\u0131\u015f<br \/>\nTravma sonras\u0131 \u00e7ocuklara, gen\u00e7lere ve yeti\u015fkinlere destek<br \/>\nG\u00f6\u00e7 eden ailelere destek<br \/>\n\u0130\u015f stresi<br \/>\nEkonomik problemler<br \/>\nBir\u00e7ok durumda, di\u011fer psikoterapi y\u00f6ntemleri ve bazen de ila\u00e7la tedavi y\u00f6ntemi e\u015flik edebilmektedir.<\/p>\n<p>Baz\u0131 durumlarda, aile ve \u00e7ift terapisi yasal olarak \u00f6nerilmektedir. \u00d6rne\u011fin aile mahkemelerinde bo\u015fanma vb. baz\u0131 davalarda \u00f6nce aile\/\u00e7ift terapisi \u00f6nerilmektedir.<\/p>\n<p>Aile ve \u00c7ift Terapisi Nas\u0131l Yap\u0131l\u0131r?<\/p>\n<p>Aile ve \u00e7ift terapisi uygulamalar\u0131n\u0131n farkl\u0131 y\u00f6ntemleri vard\u0131r. Baz\u0131 uygulamalarda t\u00fcm aile \u00fcyeleri ayn\u0131 seansta bir araya gelirken, a\u011f\u0131rl\u0131kl\u0131 olarak terapist aile \u00fcyelerinden bir ya da ikisini veya \u00e7iftleri tek tek g\u00f6rebilir.<\/p>\n<p>\u00d6zellikle \u00e7ocuk merkezli aile terapisi uygulamalar\u0131nda, baz\u0131 durumlarda, \u00e7ocuklar\u0131 \u00f6\u011fretmenleri, okul rehberlik servisi ya da sosyal hizmet uzmanlar\u0131 ile g\u00f6r\u00fc\u015fmeler s\u00f6z konusu olabilmektedir.<\/p>\n<p>Aile ve \u00e7ift terapisi, duruma g\u00f6re de\u011fi\u015febilmekle birlikte, genellikle 8\u201324 seans olarak yap\u0131lmaktad\u0131r. Seans s\u00fcresi 50 dakikad\u0131r. Her seansta aile \u00fcyelerinin t\u00fcm\u00fc kat\u0131lmamaktad\u0131r. Yine baz\u0131 durumlarda, seansa iki terapist birlikte kat\u0131labilirler.<\/p>\n","protected":false},"excerpt":{"rendered":"<p class=\"qua-blog-post-description\">Aile ve \u00e7ift terapisi; de\u011fi\u015fim ve geli\u015fimi sa\u011flamak ad\u0131na, aileler ve \u00e7iftler aras\u0131ndaki yak\u0131n ili\u015fkinin \u00e7al\u0131\u015f\u0131ld\u0131\u011f\u0131, psikoterapinin bir dal\u0131d\u0131r. Bireylerin di\u011fer insanlarla kurduklar\u0131 ili\u015fkiler, ruh sa\u011fl\u0131klar\u0131 ve duygusal doyumlar\u0131 a\u00e7\u0131s\u0131ndan \u00e7ok \u00f6nemlidir. \u00d6zellikler ebeveyn, e\u015f ve \u00e7ocuklar gibi ki\u015filerle kurulan yak\u0131n ili\u015fkilerde, bu rol daha belirgin bir hal al\u0131r. Bu yak\u0131n ili\u015fkilerden birisi olan evlilik [&hellip;]<\/p>\n","protected":false},"author":1,"featured_media":0,"parent":0,"menu_order":0,"comment_status":"closed","ping_status":"closed","template":"","meta":{"footnotes":""},"class_list":["post-148","page","type-page","status-publish","hentry"],"yoast_head":"<!-- This site is optimized with the Yoast SEO plugin v24.9 - https:\/\/yoast.com\/wordpress\/plugins\/seo\/ -->\n<title>\u00c7ift Ve Aile Terapileri - Can Psikoloji Dan\u0131\u015fmanl\u0131k Merkezi<\/title>\n<meta name=\"robots\" content=\"index, follow, max-snippet:-1, max-image-preview:large, max-video-preview:-1\" \/>\n<link rel=\"canonical\" href=\"https:\/\/canpsikoloji.com\/index.php\/cift-ve-aile-terapileri\/\" \/>\n<meta property=\"og:locale\" content=\"tr_TR\" \/>\n<meta property=\"og:type\" content=\"article\" \/>\n<meta property=\"og:title\" content=\"\u00c7ift Ve Aile Terapileri - Can Psikoloji Dan\u0131\u015fmanl\u0131k Merkezi\" \/>\n<meta property=\"og:description\" content=\"Aile ve \u00e7ift terapisi; de\u011fi\u015fim ve geli\u015fimi sa\u011flamak ad\u0131na, aileler ve \u00e7iftler aras\u0131ndaki yak\u0131n ili\u015fkinin \u00e7al\u0131\u015f\u0131ld\u0131\u011f\u0131, psikoterapinin bir dal\u0131d\u0131r. Bireylerin di\u011fer insanlarla kurduklar\u0131 ili\u015fkiler, ruh sa\u011fl\u0131klar\u0131 ve duygusal doyumlar\u0131 a\u00e7\u0131s\u0131ndan \u00e7ok \u00f6nemlidir. \u00d6zellikler ebeveyn, e\u015f ve \u00e7ocuklar gibi ki\u015filerle kurulan yak\u0131n ili\u015fkilerde, bu rol daha belirgin bir hal al\u0131r. Bu yak\u0131n ili\u015fkilerden birisi olan evlilik [&hellip;]\" \/>\n<meta property=\"og:url\" content=\"https:\/\/canpsikoloji.com\/index.php\/cift-ve-aile-terapileri\/\" \/>\n<meta property=\"og:site_name\" content=\"Can Psikoloji Dan\u0131\u015fmanl\u0131k Merkezi\" \/>\n<meta property=\"article:modified_time\" content=\"2019-08-29T13:01:52+00:00\" \/>\n<meta property=\"og:image\" content=\"https:\/\/canpsikoloji.com\/wp-content\/uploads\/2018\/11\/380c967858b65ccccedcdb4afeac3670.jpg\" \/>\n<meta name=\"twitter:card\" content=\"summary_large_image\" \/>\n<meta name=\"twitter:label1\" content=\"Tahmini okuma s\u00fcresi\" \/>\n\t<meta name=\"twitter:data1\" content=\"3 dakika\" \/>\n<script type=\"application\/ld+json\" class=\"yoast-schema-graph\">{\"@context\":\"https:\/\/schema.org\",\"@graph\":[{\"@type\":\"WebPage\",\"@id\":\"https:\/\/canpsikoloji.com\/index.php\/cift-ve-aile-terapileri\/\",\"url\":\"https:\/\/canpsikoloji.com\/index.php\/cift-ve-aile-terapileri\/\",\"name\":\"\u00c7ift Ve Aile Terapileri - Can Psikoloji Dan\u0131\u015fmanl\u0131k Merkezi\",\"isPartOf\":{\"@id\":\"https:\/\/canpsikoloji.com\/#website\"},\"primaryImageOfPage\":{\"@id\":\"https:\/\/canpsikoloji.com\/index.php\/cift-ve-aile-terapileri\/#primaryimage\"},\"image\":{\"@id\":\"https:\/\/canpsikoloji.com\/index.php\/cift-ve-aile-terapileri\/#primaryimage\"},\"thumbnailUrl\":\"https:\/\/canpsikoloji.com\/wp-content\/uploads\/2018\/11\/380c967858b65ccccedcdb4afeac3670.jpg\",\"datePublished\":\"2018-11-17T08:22:41+00:00\",\"dateModified\":\"2019-08-29T13:01:52+00:00\",\"breadcrumb\":{\"@id\":\"https:\/\/canpsikoloji.com\/index.php\/cift-ve-aile-terapileri\/#breadcrumb\"},\"inLanguage\":\"tr\",\"potentialAction\":[{\"@type\":\"ReadAction\",\"target\":[\"https:\/\/canpsikoloji.com\/index.php\/cift-ve-aile-terapileri\/\"]}]},{\"@type\":\"ImageObject\",\"inLanguage\":\"tr\",\"@id\":\"https:\/\/canpsikoloji.com\/index.php\/cift-ve-aile-terapileri\/#primaryimage\",\"url\":\"https:\/\/canpsikoloji.com\/wp-content\/uploads\/2018\/11\/380c967858b65ccccedcdb4afeac3670.jpg\",\"contentUrl\":\"https:\/\/canpsikoloji.com\/wp-content\/uploads\/2018\/11\/380c967858b65ccccedcdb4afeac3670.jpg\"},{\"@type\":\"BreadcrumbList\",\"@id\":\"https:\/\/canpsikoloji.com\/index.php\/cift-ve-aile-terapileri\/#breadcrumb\",\"itemListElement\":[{\"@type\":\"ListItem\",\"position\":1,\"name\":\"Ana sayfa\",\"item\":\"https:\/\/canpsikoloji.com\/\"},{\"@type\":\"ListItem\",\"position\":2,\"name\":\"\u00c7ift Ve Aile Terapileri\"}]},{\"@type\":\"WebSite\",\"@id\":\"https:\/\/canpsikoloji.com\/#website\",\"url\":\"https:\/\/canpsikoloji.com\/\",\"name\":\"Can Psikoloji Dan\u0131\u015fmanl\u0131k ve E\u011fitim Merkezi\",\"description\":\"\",\"publisher\":{\"@id\":\"https:\/\/canpsikoloji.com\/#organization\"},\"potentialAction\":[{\"@type\":\"SearchAction\",\"target\":{\"@type\":\"EntryPoint\",\"urlTemplate\":\"https:\/\/canpsikoloji.com\/?s={search_term_string}\"},\"query-input\":{\"@type\":\"PropertyValueSpecification\",\"valueRequired\":true,\"valueName\":\"search_term_string\"}}],\"inLanguage\":\"tr\"},{\"@type\":\"Organization\",\"@id\":\"https:\/\/canpsikoloji.com\/#organization\",\"name\":\"Can Psikoloji Dan\u0131\u015fmanl\u0131k ve E\u011fitim Merkezi\",\"url\":\"https:\/\/canpsikoloji.com\/\",\"logo\":{\"@type\":\"ImageObject\",\"inLanguage\":\"tr\",\"@id\":\"https:\/\/canpsikoloji.com\/#\/schema\/logo\/image\/\",\"url\":\"https:\/\/canpsikoloji.com\/wp-content\/uploads\/2018\/11\/CAN-PS\u0130KOLOJ\u0130-KAPI-ORTALADIM-1.jpg\",\"contentUrl\":\"https:\/\/canpsikoloji.com\/wp-content\/uploads\/2018\/11\/CAN-PS\u0130KOLOJ\u0130-KAPI-ORTALADIM-1.jpg\",\"width\":2021,\"height\":948,\"caption\":\"Can Psikoloji Dan\u0131\u015fmanl\u0131k ve E\u011fitim Merkezi\"},\"image\":{\"@id\":\"https:\/\/canpsikoloji.com\/#\/schema\/logo\/image\/\"},\"sameAs\":[\"https:\/\/www.instagram.com\/canpsikoloji\"]}]}<\/script>\n<!-- \/ Yoast SEO plugin. -->","yoast_head_json":{"title":"\u00c7ift Ve Aile Terapileri - Can Psikoloji Dan\u0131\u015fmanl\u0131k Merkezi","robots":{"index":"index","follow":"follow","max-snippet":"max-snippet:-1","max-image-preview":"max-image-preview:large","max-video-preview":"max-video-preview:-1"},"canonical":"https:\/\/canpsikoloji.com\/index.php\/cift-ve-aile-terapileri\/","og_locale":"tr_TR","og_type":"article","og_title":"\u00c7ift Ve Aile Terapileri - Can Psikoloji Dan\u0131\u015fmanl\u0131k Merkezi","og_description":"Aile ve \u00e7ift terapisi; de\u011fi\u015fim ve geli\u015fimi sa\u011flamak ad\u0131na, aileler ve \u00e7iftler aras\u0131ndaki yak\u0131n ili\u015fkinin \u00e7al\u0131\u015f\u0131ld\u0131\u011f\u0131, psikoterapinin bir dal\u0131d\u0131r. Bireylerin di\u011fer insanlarla kurduklar\u0131 ili\u015fkiler, ruh sa\u011fl\u0131klar\u0131 ve duygusal doyumlar\u0131 a\u00e7\u0131s\u0131ndan \u00e7ok \u00f6nemlidir. \u00d6zellikler ebeveyn, e\u015f ve \u00e7ocuklar gibi ki\u015filerle kurulan yak\u0131n ili\u015fkilerde, bu rol daha belirgin bir hal al\u0131r. Bu yak\u0131n ili\u015fkilerden birisi olan evlilik [&hellip;]","og_url":"https:\/\/canpsikoloji.com\/index.php\/cift-ve-aile-terapileri\/","og_site_name":"Can Psikoloji Dan\u0131\u015fmanl\u0131k Merkezi","article_modified_time":"2019-08-29T13:01:52+00:00","og_image":[{"url":"https:\/\/canpsikoloji.com\/wp-content\/uploads\/2018\/11\/380c967858b65ccccedcdb4afeac3670.jpg","type":"","width":"","height":""}],"twitter_card":"summary_large_image","twitter_misc":{"Tahmini okuma s\u00fcresi":"3 dakika"},"schema":{"@context":"https:\/\/schema.org","@graph":[{"@type":"WebPage","@id":"https:\/\/canpsikoloji.com\/index.php\/cift-ve-aile-terapileri\/","url":"https:\/\/canpsikoloji.com\/index.php\/cift-ve-aile-terapileri\/","name":"\u00c7ift Ve Aile Terapileri - Can Psikoloji Dan\u0131\u015fmanl\u0131k Merkezi","isPartOf":{"@id":"https:\/\/canpsikoloji.com\/#website"},"primaryImageOfPage":{"@id":"https:\/\/canpsikoloji.com\/index.php\/cift-ve-aile-terapileri\/#primaryimage"},"image":{"@id":"https:\/\/canpsikoloji.com\/index.php\/cift-ve-aile-terapileri\/#primaryimage"},"thumbnailUrl":"https:\/\/canpsikoloji.com\/wp-content\/uploads\/2018\/11\/380c967858b65ccccedcdb4afeac3670.jpg","datePublished":"2018-11-17T08:22:41+00:00","dateModified":"2019-08-29T13:01:52+00:00","breadcrumb":{"@id":"https:\/\/canpsikoloji.com\/index.php\/cift-ve-aile-terapileri\/#breadcrumb"},"inLanguage":"tr","potentialAction":[{"@type":"ReadAction","target":["https:\/\/canpsikoloji.com\/index.php\/cift-ve-aile-terapileri\/"]}]},{"@type":"ImageObject","inLanguage":"tr","@id":"https:\/\/canpsikoloji.com\/index.php\/cift-ve-aile-terapileri\/#primaryimage","url":"https:\/\/canpsikoloji.com\/wp-content\/uploads\/2018\/11\/380c967858b65ccccedcdb4afeac3670.jpg","contentUrl":"https:\/\/canpsikoloji.com\/wp-content\/uploads\/2018\/11\/380c967858b65ccccedcdb4afeac3670.jpg"},{"@type":"BreadcrumbList","@id":"https:\/\/canpsikoloji.com\/index.php\/cift-ve-aile-terapileri\/#breadcrumb","itemListElement":[{"@type":"ListItem","position":1,"name":"Ana sayfa","item":"https:\/\/canpsikoloji.com\/"},{"@type":"ListItem","position":2,"name":"\u00c7ift Ve Aile Terapileri"}]},{"@type":"WebSite","@id":"https:\/\/canpsikoloji.com\/#website","url":"https:\/\/canpsikoloji.com\/","name":"Can Psikoloji Dan\u0131\u015fmanl\u0131k ve E\u011fitim Merkezi","description":"","publisher":{"@id":"https:\/\/canpsikoloji.com\/#organization"},"potentialAction":[{"@type":"SearchAction","target":{"@type":"EntryPoint","urlTemplate":"https:\/\/canpsikoloji.com\/?s={search_term_string}"},"query-input":{"@type":"PropertyValueSpecification","valueRequired":true,"valueName":"search_term_string"}}],"inLanguage":"tr"},{"@type":"Organization","@id":"https:\/\/canpsikoloji.com\/#organization","name":"Can Psikoloji Dan\u0131\u015fmanl\u0131k ve E\u011fitim Merkezi","url":"https:\/\/canpsikoloji.com\/","logo":{"@type":"ImageObject","inLanguage":"tr","@id":"https:\/\/canpsikoloji.com\/#\/schema\/logo\/image\/","url":"https:\/\/canpsikoloji.com\/wp-content\/uploads\/2018\/11\/CAN-PS\u0130KOLOJ\u0130-KAPI-ORTALADIM-1.jpg","contentUrl":"https:\/\/canpsikoloji.com\/wp-content\/uploads\/2018\/11\/CAN-PS\u0130KOLOJ\u0130-KAPI-ORTALADIM-1.jpg","width":2021,"height":948,"caption":"Can Psikoloji Dan\u0131\u015fmanl\u0131k ve E\u011fitim Merkezi"},"image":{"@id":"https:\/\/canpsikoloji.com\/#\/schema\/logo\/image\/"},"sameAs":["https:\/\/www.instagram.com\/canpsikoloji"]}]}},"_links":{"self":[{"href":"https:\/\/canpsikoloji.com\/index.php\/wp-json\/wp\/v2\/pages\/148","targetHints":{"allow":["GET"]}}],"collection":[{"href":"https:\/\/canpsikoloji.com\/index.php\/wp-json\/wp\/v2\/pages"}],"about":[{"href":"https:\/\/canpsikoloji.com\/index.php\/wp-json\/wp\/v2\/types\/page"}],"author":[{"embeddable":true,"href":"https:\/\/canpsikoloji.com\/index.php\/wp-json\/wp\/v2\/users\/1"}],"replies":[{"embeddable":true,"href":"https:\/\/canpsikoloji.com\/index.php\/wp-json\/wp\/v2\/comments?post=148"}],"version-history":[{"count":6,"href":"https:\/\/canpsikoloji.com\/index.php\/wp-json\/wp\/v2\/pages\/148\/revisions"}],"predecessor-version":[{"id":340,"href":"https:\/\/canpsikoloji.com\/index.php\/wp-json\/wp\/v2\/pages\/148\/revisions\/340"}],"wp:attachment":[{"href":"https:\/\/canpsikoloji.com\/index.php\/wp-json\/wp\/v2\/media?parent=148"}],"curies":[{"name":"wp","href":"https:\/\/api.w.org\/{rel}","templated":true}]}}