{"id":151,"date":"2018-11-17T11:27:13","date_gmt":"2018-11-17T08:27:13","guid":{"rendered":"https:\/\/canpsikoloji.com\/?page_id=151"},"modified":"2019-10-08T09:27:54","modified_gmt":"2019-10-08T06:27:54","slug":"cocuk-ve-ergen-terapileri","status":"publish","type":"page","link":"https:\/\/canpsikoloji.com\/index.php\/cocuk-ve-ergen-terapileri\/","title":{"rendered":"\u00c7ocuk ve Ergen Terapileri"},"content":{"rendered":"<p><center><img loading=\"lazy\" decoding=\"async\" class=\"aligncenter wp-image-380 size-large\" src=\"https:\/\/canpsikoloji.com\/wp-content\/uploads\/2019\/10\/ct-1024x683.jpg\" alt=\"\" width=\"1024\" height=\"683\" srcset=\"https:\/\/canpsikoloji.com\/wp-content\/uploads\/2019\/10\/ct-1024x683.jpg 1024w, https:\/\/canpsikoloji.com\/wp-content\/uploads\/2019\/10\/ct-300x200.jpg 300w, https:\/\/canpsikoloji.com\/wp-content\/uploads\/2019\/10\/ct-768x512.jpg 768w, https:\/\/canpsikoloji.com\/wp-content\/uploads\/2019\/10\/ct.jpg 1900w\" sizes=\"auto, (max-width: 1024px) 100vw, 1024px\" \/><\/center><\/p>\n<p>\u00c7ocukluk ve ergenlik d\u00f6neminde ya\u015fanan sosyal problemler, \u00f6\u011frenme g\u00fc\u00e7l\u00fckleri, aile i\u00e7i \u00e7at\u0131\u015fmalar ailelerin \u00e7ocuk &amp; ergen psikolojisi alan\u0131nda uzman bir psikoterapiste ba\u015fvurmalar\u0131n\u0131n ba\u015fl\u0131ca nedenleri aras\u0131ndad\u0131r.<\/p>\n<p>\u00c7ocuk &amp; Ergen psikoterapisinde ilk de\u011ferlendirme a\u015famas\u0131nda nas\u0131l bir psikoterapi uygulanaca\u011f\u0131 terapist taraf\u0131ndan belirlenir. Terapist, uygulanacak tedavi y\u00f6ntemini belirlerken \u00e7ocu\u011fun mevcut problemleri, hikayesi, geli\u015fim seviyesi, tedaviye aktif kat\u0131l\u0131m\u0131 ve \u00e7ocu\u011fun ya\u015fad\u0131\u011f\u0131 psikolojik sorunlarda hangi t\u00fcr m\u00fcdahalelerin gerekli oldu\u011fu gibi unsurlar\u0131 de\u011ferlendirerek karar verir. \u00c7ocuk ve Ergen terapisinde ila\u00e7 ve psikoterapi uygulamalar\u0131 birlikte kullan\u0131labilir. \u00c7ocu\u011fun ya da gencin psikoterapistin yan\u0131nda kendisini rahat ve g\u00fcvende hissetmesi, anla\u015f\u0131ld\u0131\u011f\u0131n\u0131 d\u00fc\u015f\u00fcnmesi \u00e7ok \u00f6nemlidir. B\u00f6yle g\u00fcvenli bir \u00e7evrede \u00e7ocu\u011fun duygular\u0131n\u0131 ifade etmesi ve ihtiyac\u0131 olan yard\u0131ma ula\u015fmas\u0131 \u00e7ok daha kolay olacakt\u0131r.<\/p>\n<p>Psikoterapi \u00e7ocuklarda ve gen\u00e7lerde ihtiya\u00e7 duyduklar\u0131 duygusal deste\u011fi almalar\u0131, arkada\u015flar\u0131 ve aileleriyle ya\u015fad\u0131klar\u0131 \u00e7at\u0131\u015fmalar\u0131 \u00e7\u00f6z\u00fcmlemeleri ve ya\u015fad\u0131klar\u0131 problemlere yeni bir bak\u0131\u015f a\u00e7\u0131s\u0131yla bakabilmelerini sa\u011flamak gibi bir\u00e7ok fayda sa\u011flayabilir. Ya\u015f, cinsiyet, genetik gibi fakt\u00f6rler de \u00e7ocuk ve ergenlerin psikolojik e\u011filimlerini etkileyen unsurlar aras\u0131ndad\u0131r. \u00d6zellikle anksiyete(kayg\u0131) bozuklu\u011fu, bipolar bozukluk gibi psikolojik rahats\u0131zl\u0131klarda genetik fakt\u00f6rlerin \u00f6ne \u00e7\u0131kt\u0131\u011f\u0131 g\u00f6r\u00fcl\u00fcr.<\/p>\n<p><strong>\u00c7OCUK VE ERGENLERDE UYGULANAN TERAP\u0130 \u00c7E\u015e\u0130TLER\u0130<\/strong><\/p>\n<p><strong>Oyun Terapisi:<\/strong><\/p>\n<p>\u00d6zellikle okul \u00f6ncesi \u00e7a\u011fdaki \u00e7ocuklar\u0131n ya\u015fad\u0131klar\u0131 duygusal travmalarda tercih edilen oyun terapisinde terapist oyuncaklar, \u00e7e\u015fitli oyunlar, ya\u015f grubu \u00e7ocuklar\u0131n\u0131n ilgi g\u00f6sterdi\u011fi aksiyon fig\u00fcrleri gibi ara\u00e7lar\u0131 kullanarak \u00e7ocuklar\u0131n kendilerini ifade etmelerine, korku ve endi\u015felerini d\u0131\u015fa vurmalar\u0131na yard\u0131mc\u0131 olmay\u0131 ama\u00e7lar.<\/p>\n<p><strong>Grup Terapi:<\/strong><\/p>\n<p>Grup terapisi \u00f6zellikle yo\u011fun utanga\u00e7l\u0131k, i\u00e7e kapan\u0131kl\u0131k, yaln\u0131zl\u0131k gibi sosyal problemler ya\u015fayan \u00e7ocuklar ve gen\u00e7ler i\u00e7in uygulanan, gen\u00e7lerin sosyal ileti\u015fimlerini geli\u015ftirerek \u00e7evreleriyle kuvvetli sosyal ba\u011flar kurmalar\u0131na yard\u0131mc\u0131 olmay\u0131 ama\u00e7lar.<br \/>\nBili\u015fsel Davran\u0131\u015f\u00e7\u0131 Terapi: Bili\u015fsel davran\u0131\u015f\u00e7\u0131 terapi \u00f6zellikle ilgi \u00e7ekme, fobiler ve tak\u0131nt\u0131l\u0131 davran\u0131\u015flar sergileyen \u00e7ocuklar ve gen\u00e7lerde tercih edilen bir terapi y\u00f6ntemidir.<\/p>\n<p><strong>Aile Terapisi:<\/strong><\/p>\n<p>\u00d6zellikle bo\u015fanma, ayr\u0131l\u0131k, sevilen bir ki\u015finin vefat\u0131, ekonomik zorluklar gibi y\u0131k\u0131c\u0131 problemler ya\u015fayan ailelerin \u00e7ocuklar\u0131 i\u00e7in uygulanan aile terapisinde psikolog ailenin t\u00fcm fertleriyle bir araya gelerek aralar\u0131ndaki ba\u011f\u0131 kuvvetlendirmeye ve ileti\u015fim problemlerini gidermeye yard\u0131mc\u0131 olmay\u0131 ama\u00e7lar.<\/p>\n<p><strong>Bireysel terapi:<\/strong><\/p>\n<p>\u00c7ocuk ve ergenlerin ruhsal problemlerini konu\u015farak a\u00e7\u0131\u011fa \u00e7\u0131karmay\u0131 ve iyile\u015ftirmeyi hedefleyen bireysel konu\u015fma terapilerinde terapiyi y\u00fcr\u00fcten psikolo\u011fun daha \u00f6nce \u00e7ocuk ve ergenlerle \u00e7al\u0131\u015fm\u0131\u015f olmas\u0131na \u00f6zellikle dikkat etmek \u00f6nemlidir.<\/p>\n","protected":false},"excerpt":{"rendered":"<p class=\"qua-blog-post-description\">\u00c7ocukluk ve ergenlik d\u00f6neminde ya\u015fanan sosyal problemler, \u00f6\u011frenme g\u00fc\u00e7l\u00fckleri, aile i\u00e7i \u00e7at\u0131\u015fmalar ailelerin \u00e7ocuk &amp; ergen psikolojisi alan\u0131nda uzman bir psikoterapiste ba\u015fvurmalar\u0131n\u0131n ba\u015fl\u0131ca nedenleri aras\u0131ndad\u0131r. \u00c7ocuk &amp; Ergen psikoterapisinde ilk de\u011ferlendirme a\u015famas\u0131nda nas\u0131l bir psikoterapi uygulanaca\u011f\u0131 terapist taraf\u0131ndan belirlenir. Terapist, uygulanacak tedavi y\u00f6ntemini belirlerken \u00e7ocu\u011fun mevcut problemleri, hikayesi, geli\u015fim seviyesi, tedaviye aktif kat\u0131l\u0131m\u0131 ve \u00e7ocu\u011fun [&hellip;]<\/p>\n","protected":false},"author":1,"featured_media":0,"parent":0,"menu_order":0,"comment_status":"closed","ping_status":"closed","template":"","meta":{"footnotes":""},"class_list":["post-151","page","type-page","status-publish","hentry"],"yoast_head":"<!-- This site is optimized with the Yoast SEO plugin v24.9 - https:\/\/yoast.com\/wordpress\/plugins\/seo\/ -->\n<title>\u00c7ocuk ve Ergen Terapileri - Can Psikoloji Dan\u0131\u015fmanl\u0131k Merkezi<\/title>\n<meta name=\"robots\" content=\"index, follow, max-snippet:-1, max-image-preview:large, max-video-preview:-1\" \/>\n<link rel=\"canonical\" href=\"https:\/\/canpsikoloji.com\/index.php\/cocuk-ve-ergen-terapileri\/\" \/>\n<meta property=\"og:locale\" content=\"tr_TR\" \/>\n<meta property=\"og:type\" content=\"article\" \/>\n<meta property=\"og:title\" content=\"\u00c7ocuk ve Ergen Terapileri - Can Psikoloji Dan\u0131\u015fmanl\u0131k Merkezi\" \/>\n<meta property=\"og:description\" content=\"\u00c7ocukluk ve ergenlik d\u00f6neminde ya\u015fanan sosyal problemler, \u00f6\u011frenme g\u00fc\u00e7l\u00fckleri, aile i\u00e7i \u00e7at\u0131\u015fmalar ailelerin \u00e7ocuk &amp; ergen psikolojisi alan\u0131nda uzman bir psikoterapiste ba\u015fvurmalar\u0131n\u0131n ba\u015fl\u0131ca nedenleri aras\u0131ndad\u0131r. \u00c7ocuk &amp; Ergen psikoterapisinde ilk de\u011ferlendirme a\u015famas\u0131nda nas\u0131l bir psikoterapi uygulanaca\u011f\u0131 terapist taraf\u0131ndan belirlenir. Terapist, uygulanacak tedavi y\u00f6ntemini belirlerken \u00e7ocu\u011fun mevcut problemleri, hikayesi, geli\u015fim seviyesi, tedaviye aktif kat\u0131l\u0131m\u0131 ve \u00e7ocu\u011fun [&hellip;]\" \/>\n<meta property=\"og:url\" content=\"https:\/\/canpsikoloji.com\/index.php\/cocuk-ve-ergen-terapileri\/\" \/>\n<meta property=\"og:site_name\" content=\"Can Psikoloji Dan\u0131\u015fmanl\u0131k Merkezi\" \/>\n<meta property=\"article:modified_time\" content=\"2019-10-08T06:27:54+00:00\" \/>\n<meta property=\"og:image\" content=\"https:\/\/canpsikoloji.com\/wp-content\/uploads\/2019\/10\/ct-1024x683.jpg\" \/>\n<meta name=\"twitter:card\" content=\"summary_large_image\" \/>\n<meta name=\"twitter:label1\" content=\"Tahmini okuma s\u00fcresi\" \/>\n\t<meta name=\"twitter:data1\" content=\"2 dakika\" \/>\n<script type=\"application\/ld+json\" class=\"yoast-schema-graph\">{\"@context\":\"https:\/\/schema.org\",\"@graph\":[{\"@type\":\"WebPage\",\"@id\":\"https:\/\/canpsikoloji.com\/index.php\/cocuk-ve-ergen-terapileri\/\",\"url\":\"https:\/\/canpsikoloji.com\/index.php\/cocuk-ve-ergen-terapileri\/\",\"name\":\"\u00c7ocuk ve Ergen Terapileri - Can Psikoloji Dan\u0131\u015fmanl\u0131k Merkezi\",\"isPartOf\":{\"@id\":\"https:\/\/canpsikoloji.com\/#website\"},\"primaryImageOfPage\":{\"@id\":\"https:\/\/canpsikoloji.com\/index.php\/cocuk-ve-ergen-terapileri\/#primaryimage\"},\"image\":{\"@id\":\"https:\/\/canpsikoloji.com\/index.php\/cocuk-ve-ergen-terapileri\/#primaryimage\"},\"thumbnailUrl\":\"https:\/\/canpsikoloji.com\/wp-content\/uploads\/2019\/10\/ct-1024x683.jpg\",\"datePublished\":\"2018-11-17T08:27:13+00:00\",\"dateModified\":\"2019-10-08T06:27:54+00:00\",\"breadcrumb\":{\"@id\":\"https:\/\/canpsikoloji.com\/index.php\/cocuk-ve-ergen-terapileri\/#breadcrumb\"},\"inLanguage\":\"tr\",\"potentialAction\":[{\"@type\":\"ReadAction\",\"target\":[\"https:\/\/canpsikoloji.com\/index.php\/cocuk-ve-ergen-terapileri\/\"]}]},{\"@type\":\"ImageObject\",\"inLanguage\":\"tr\",\"@id\":\"https:\/\/canpsikoloji.com\/index.php\/cocuk-ve-ergen-terapileri\/#primaryimage\",\"url\":\"https:\/\/canpsikoloji.com\/wp-content\/uploads\/2019\/10\/ct-1024x683.jpg\",\"contentUrl\":\"https:\/\/canpsikoloji.com\/wp-content\/uploads\/2019\/10\/ct-1024x683.jpg\"},{\"@type\":\"BreadcrumbList\",\"@id\":\"https:\/\/canpsikoloji.com\/index.php\/cocuk-ve-ergen-terapileri\/#breadcrumb\",\"itemListElement\":[{\"@type\":\"ListItem\",\"position\":1,\"name\":\"Ana sayfa\",\"item\":\"https:\/\/canpsikoloji.com\/\"},{\"@type\":\"ListItem\",\"position\":2,\"name\":\"\u00c7ocuk ve Ergen Terapileri\"}]},{\"@type\":\"WebSite\",\"@id\":\"https:\/\/canpsikoloji.com\/#website\",\"url\":\"https:\/\/canpsikoloji.com\/\",\"name\":\"Can Psikoloji Dan\u0131\u015fmanl\u0131k ve E\u011fitim Merkezi\",\"description\":\"\",\"publisher\":{\"@id\":\"https:\/\/canpsikoloji.com\/#organization\"},\"potentialAction\":[{\"@type\":\"SearchAction\",\"target\":{\"@type\":\"EntryPoint\",\"urlTemplate\":\"https:\/\/canpsikoloji.com\/?s={search_term_string}\"},\"query-input\":{\"@type\":\"PropertyValueSpecification\",\"valueRequired\":true,\"valueName\":\"search_term_string\"}}],\"inLanguage\":\"tr\"},{\"@type\":\"Organization\",\"@id\":\"https:\/\/canpsikoloji.com\/#organization\",\"name\":\"Can Psikoloji Dan\u0131\u015fmanl\u0131k ve E\u011fitim Merkezi\",\"url\":\"https:\/\/canpsikoloji.com\/\",\"logo\":{\"@type\":\"ImageObject\",\"inLanguage\":\"tr\",\"@id\":\"https:\/\/canpsikoloji.com\/#\/schema\/logo\/image\/\",\"url\":\"https:\/\/canpsikoloji.com\/wp-content\/uploads\/2018\/11\/CAN-PS\u0130KOLOJ\u0130-KAPI-ORTALADIM-1.jpg\",\"contentUrl\":\"https:\/\/canpsikoloji.com\/wp-content\/uploads\/2018\/11\/CAN-PS\u0130KOLOJ\u0130-KAPI-ORTALADIM-1.jpg\",\"width\":2021,\"height\":948,\"caption\":\"Can Psikoloji Dan\u0131\u015fmanl\u0131k ve E\u011fitim Merkezi\"},\"image\":{\"@id\":\"https:\/\/canpsikoloji.com\/#\/schema\/logo\/image\/\"},\"sameAs\":[\"https:\/\/www.instagram.com\/canpsikoloji\"]}]}<\/script>\n<!-- \/ Yoast SEO plugin. -->","yoast_head_json":{"title":"\u00c7ocuk ve Ergen Terapileri - Can Psikoloji Dan\u0131\u015fmanl\u0131k Merkezi","robots":{"index":"index","follow":"follow","max-snippet":"max-snippet:-1","max-image-preview":"max-image-preview:large","max-video-preview":"max-video-preview:-1"},"canonical":"https:\/\/canpsikoloji.com\/index.php\/cocuk-ve-ergen-terapileri\/","og_locale":"tr_TR","og_type":"article","og_title":"\u00c7ocuk ve Ergen Terapileri - Can Psikoloji Dan\u0131\u015fmanl\u0131k Merkezi","og_description":"\u00c7ocukluk ve ergenlik d\u00f6neminde ya\u015fanan sosyal problemler, \u00f6\u011frenme g\u00fc\u00e7l\u00fckleri, aile i\u00e7i \u00e7at\u0131\u015fmalar ailelerin \u00e7ocuk &amp; ergen psikolojisi alan\u0131nda uzman bir psikoterapiste ba\u015fvurmalar\u0131n\u0131n ba\u015fl\u0131ca nedenleri aras\u0131ndad\u0131r. \u00c7ocuk &amp; Ergen psikoterapisinde ilk de\u011ferlendirme a\u015famas\u0131nda nas\u0131l bir psikoterapi uygulanaca\u011f\u0131 terapist taraf\u0131ndan belirlenir. Terapist, uygulanacak tedavi y\u00f6ntemini belirlerken \u00e7ocu\u011fun mevcut problemleri, hikayesi, geli\u015fim seviyesi, tedaviye aktif kat\u0131l\u0131m\u0131 ve \u00e7ocu\u011fun [&hellip;]","og_url":"https:\/\/canpsikoloji.com\/index.php\/cocuk-ve-ergen-terapileri\/","og_site_name":"Can Psikoloji Dan\u0131\u015fmanl\u0131k Merkezi","article_modified_time":"2019-10-08T06:27:54+00:00","og_image":[{"url":"https:\/\/canpsikoloji.com\/wp-content\/uploads\/2019\/10\/ct-1024x683.jpg","type":"","width":"","height":""}],"twitter_card":"summary_large_image","twitter_misc":{"Tahmini okuma s\u00fcresi":"2 dakika"},"schema":{"@context":"https:\/\/schema.org","@graph":[{"@type":"WebPage","@id":"https:\/\/canpsikoloji.com\/index.php\/cocuk-ve-ergen-terapileri\/","url":"https:\/\/canpsikoloji.com\/index.php\/cocuk-ve-ergen-terapileri\/","name":"\u00c7ocuk ve Ergen Terapileri - Can Psikoloji Dan\u0131\u015fmanl\u0131k Merkezi","isPartOf":{"@id":"https:\/\/canpsikoloji.com\/#website"},"primaryImageOfPage":{"@id":"https:\/\/canpsikoloji.com\/index.php\/cocuk-ve-ergen-terapileri\/#primaryimage"},"image":{"@id":"https:\/\/canpsikoloji.com\/index.php\/cocuk-ve-ergen-terapileri\/#primaryimage"},"thumbnailUrl":"https:\/\/canpsikoloji.com\/wp-content\/uploads\/2019\/10\/ct-1024x683.jpg","datePublished":"2018-11-17T08:27:13+00:00","dateModified":"2019-10-08T06:27:54+00:00","breadcrumb":{"@id":"https:\/\/canpsikoloji.com\/index.php\/cocuk-ve-ergen-terapileri\/#breadcrumb"},"inLanguage":"tr","potentialAction":[{"@type":"ReadAction","target":["https:\/\/canpsikoloji.com\/index.php\/cocuk-ve-ergen-terapileri\/"]}]},{"@type":"ImageObject","inLanguage":"tr","@id":"https:\/\/canpsikoloji.com\/index.php\/cocuk-ve-ergen-terapileri\/#primaryimage","url":"https:\/\/canpsikoloji.com\/wp-content\/uploads\/2019\/10\/ct-1024x683.jpg","contentUrl":"https:\/\/canpsikoloji.com\/wp-content\/uploads\/2019\/10\/ct-1024x683.jpg"},{"@type":"BreadcrumbList","@id":"https:\/\/canpsikoloji.com\/index.php\/cocuk-ve-ergen-terapileri\/#breadcrumb","itemListElement":[{"@type":"ListItem","position":1,"name":"Ana sayfa","item":"https:\/\/canpsikoloji.com\/"},{"@type":"ListItem","position":2,"name":"\u00c7ocuk ve Ergen Terapileri"}]},{"@type":"WebSite","@id":"https:\/\/canpsikoloji.com\/#website","url":"https:\/\/canpsikoloji.com\/","name":"Can Psikoloji Dan\u0131\u015fmanl\u0131k ve E\u011fitim Merkezi","description":"","publisher":{"@id":"https:\/\/canpsikoloji.com\/#organization"},"potentialAction":[{"@type":"SearchAction","target":{"@type":"EntryPoint","urlTemplate":"https:\/\/canpsikoloji.com\/?s={search_term_string}"},"query-input":{"@type":"PropertyValueSpecification","valueRequired":true,"valueName":"search_term_string"}}],"inLanguage":"tr"},{"@type":"Organization","@id":"https:\/\/canpsikoloji.com\/#organization","name":"Can Psikoloji Dan\u0131\u015fmanl\u0131k ve E\u011fitim Merkezi","url":"https:\/\/canpsikoloji.com\/","logo":{"@type":"ImageObject","inLanguage":"tr","@id":"https:\/\/canpsikoloji.com\/#\/schema\/logo\/image\/","url":"https:\/\/canpsikoloji.com\/wp-content\/uploads\/2018\/11\/CAN-PS\u0130KOLOJ\u0130-KAPI-ORTALADIM-1.jpg","contentUrl":"https:\/\/canpsikoloji.com\/wp-content\/uploads\/2018\/11\/CAN-PS\u0130KOLOJ\u0130-KAPI-ORTALADIM-1.jpg","width":2021,"height":948,"caption":"Can Psikoloji Dan\u0131\u015fmanl\u0131k ve E\u011fitim Merkezi"},"image":{"@id":"https:\/\/canpsikoloji.com\/#\/schema\/logo\/image\/"},"sameAs":["https:\/\/www.instagram.com\/canpsikoloji"]}]}},"_links":{"self":[{"href":"https:\/\/canpsikoloji.com\/index.php\/wp-json\/wp\/v2\/pages\/151","targetHints":{"allow":["GET"]}}],"collection":[{"href":"https:\/\/canpsikoloji.com\/index.php\/wp-json\/wp\/v2\/pages"}],"about":[{"href":"https:\/\/canpsikoloji.com\/index.php\/wp-json\/wp\/v2\/types\/page"}],"author":[{"embeddable":true,"href":"https:\/\/canpsikoloji.com\/index.php\/wp-json\/wp\/v2\/users\/1"}],"replies":[{"embeddable":true,"href":"https:\/\/canpsikoloji.com\/index.php\/wp-json\/wp\/v2\/comments?post=151"}],"version-history":[{"count":7,"href":"https:\/\/canpsikoloji.com\/index.php\/wp-json\/wp\/v2\/pages\/151\/revisions"}],"predecessor-version":[{"id":382,"href":"https:\/\/canpsikoloji.com\/index.php\/wp-json\/wp\/v2\/pages\/151\/revisions\/382"}],"wp:attachment":[{"href":"https:\/\/canpsikoloji.com\/index.php\/wp-json\/wp\/v2\/media?parent=151"}],"curies":[{"name":"wp","href":"https:\/\/api.w.org\/{rel}","templated":true}]}}