{"id":154,"date":"2018-11-17T11:31:08","date_gmt":"2018-11-17T08:31:08","guid":{"rendered":"https:\/\/canpsikoloji.com\/?page_id=154"},"modified":"2019-08-29T15:51:27","modified_gmt":"2019-08-29T12:51:27","slug":"psikolojik-test-ve-degerlendirme","status":"publish","type":"page","link":"https:\/\/canpsikoloji.com\/index.php\/psikolojik-test-ve-degerlendirme\/","title":{"rendered":"Psikolojik Test ve De\u011ferlendirme"},"content":{"rendered":"<p><center><img loading=\"lazy\" decoding=\"async\" class=\"alignnone wp-image-172 size-full\" src=\"https:\/\/canpsikoloji.com\/wp-content\/uploads\/2018\/11\/1_RLSoYO9W562HPurNCTh3Kg.png\" alt=\"\" width=\"852\" height=\"253\" srcset=\"https:\/\/canpsikoloji.com\/wp-content\/uploads\/2018\/11\/1_RLSoYO9W562HPurNCTh3Kg.png 852w, https:\/\/canpsikoloji.com\/wp-content\/uploads\/2018\/11\/1_RLSoYO9W562HPurNCTh3Kg-300x89.png 300w, https:\/\/canpsikoloji.com\/wp-content\/uploads\/2018\/11\/1_RLSoYO9W562HPurNCTh3Kg-768x228.png 768w\" sizes=\"auto, (max-width: 852px) 100vw, 852px\" \/><\/center>Bireyi tan\u0131ma tekniklerinin uygulanmas\u0131ndan ama\u00e7, bireyin kendisini tan\u0131mas\u0131na yard\u0131mc\u0131 olmakt\u0131r. Teknikler bu amac\u0131 ger\u00e7ekle\u015ftirmeye y\u00f6nelik bir ara\u00e7 olarak kullan\u0131lmal\u0131d\u0131r. Ge\u00e7erli\u011fi ve g\u00fcvenirli\u011fi ne kadar y\u00fcksek olursa olsun tek bir \u00f6l\u00e7me arac\u0131 bireyi tan\u0131mada yeterli de\u011fildir. De\u011fi\u015fik tekniklerle elde edilen bilgiler birey hakk\u0131nda daha ayr\u0131nt\u0131l\u0131 bilgi verir.<\/p>\n<p>\u0130deal olan bireyi her y\u00f6n\u00fcyle tan\u0131makt\u0131r. Bireyi tan\u0131ma \u00e7abalar\u0131 bu ideale yakla\u015fmaya y\u00f6nelik olmal\u0131d\u0131r. \u00dclkemizde en \u00e7ok kullan\u0131lan testler; Ba\u015far\u0131 Testleri, Yetenek Testleri, \u0130lgi Envanterleri, Ki\u015filik Testleri ve Tutum Envanterleri, Test D\u0131\u015f\u0131 Teknikler, Kendini Anlatmaya Dayal\u0131 Teknikler, Etkile\u015fime Dayal\u0131 Teknikler, G\u00f6zleme Dayal\u0131 Teknikler.<\/p>\n<p style=\"text-align: center;\"><strong>Can Psikoloji \u201cMoxo T\u00fcrkiye\u201d anla\u015fmal\u0131 uygulama merkezidir.<\/strong><\/p>\n<p><strong>\u00a0<\/strong>Kurumumuzda uzmanlar\u0131m\u0131zca &#8220;Moxo Dikkat Testi&#8221; Uygulanarak Test grafik ve sonu\u00e7lar\u0131 ebeveynler i\u00e7in de\u011ferlendirilmekte,akabinde Moxo Sonu\u00e7 grafi\u011fi ve Moxo Sonu\u00e7 raporu genel de\u011ferlendirilmesi ebeveynlere verilmektedir.<\/p>\n<p><img loading=\"lazy\" decoding=\"async\" class=\"aligncenter wp-image-328 size-full\" src=\"https:\/\/canpsikoloji.com\/wp-content\/uploads\/2019\/08\/bc6c1837-4a07-4d3e-9b2e-561bd14c872d-1.jpg\" alt=\"\" width=\"1200\" height=\"628\" srcset=\"https:\/\/canpsikoloji.com\/wp-content\/uploads\/2019\/08\/bc6c1837-4a07-4d3e-9b2e-561bd14c872d-1.jpg 1200w, https:\/\/canpsikoloji.com\/wp-content\/uploads\/2019\/08\/bc6c1837-4a07-4d3e-9b2e-561bd14c872d-1-300x157.jpg 300w, https:\/\/canpsikoloji.com\/wp-content\/uploads\/2019\/08\/bc6c1837-4a07-4d3e-9b2e-561bd14c872d-1-768x402.jpg 768w, https:\/\/canpsikoloji.com\/wp-content\/uploads\/2019\/08\/bc6c1837-4a07-4d3e-9b2e-561bd14c872d-1-1024x536.jpg 1024w\" sizes=\"auto, (max-width: 1200px) 100vw, 1200px\" \/><\/p>\n<p><strong>MOXO Dikkat Testi Nedir?<\/strong><\/p>\n<p><strong>MOXO \u00c7ocuk testi, \u00f6zel olarak 6-12 ya\u015f aras\u0131 \u00e7ocuklar i\u00e7in tasarlanm\u0131\u015f olup, uzmanlar i\u00e7in <\/strong><strong>Dikkat Eksikli\u011fi ve Hiperaktivite Bozuklu\u011fu<\/strong><strong> (DEHB) tan\u0131s\u0131 ve hasta g\u00f6zlem s\u00fcre\u00e7lerinde yard\u0131mc\u0131 bir ara\u00e7 g\u00f6revi g\u00f6rmektedir. MOXO \u00c7ocuk Testi, \u00e7e\u015fitli uyaran ve \u00e7eldiriciler i\u00e7eren yakla\u015f\u0131k olarak 15 dakika s\u00fcren k\u0131sa ve online bir testtir.<\/strong><strong>\u00a0<\/strong><\/p>\n<p><strong>Bu test,<\/strong><strong>\u00a0<\/strong><\/p>\n<ul>\n<li>\u0130stemesine ve \u00e7aba g\u00f6stermesine ra\u011fmen derslerde ba\u015far\u0131l\u0131 olamayan, dikkatini toplamakta g\u00fc\u00e7l\u00fck \u00e7eken<\/li>\n<li>S\u0131navlarda zamanlama problemi ya\u015fayanlar<\/li>\n<li>\u00d6devlerini hep son ana b\u0131rakan, programl\u0131 \u00e7al\u0131\u015famayan, i\u015flerini s\u0131raya koyamayan<\/li>\n<li>K\u00fc\u00e7\u00fckl\u00fckten beri hep hareketli olan, s\u0131k yaralanmaya ve kaybolmaya maruz kalan<\/li>\n<li>\u00d6\u011fretmen, anne ve babas\u0131 taraf\u0131ndan sakin olarak g\u00f6r\u00fclmesine ra\u011fmen dikkatini s\u00fcrd\u00fcrmekte g\u00fc\u00e7l\u00fck \u00e7eken bireyler i\u00e7in uygulanmaktad\u0131r.<\/li>\n<\/ul>\n","protected":false},"excerpt":{"rendered":"<p class=\"qua-blog-post-description\">Bireyi tan\u0131ma tekniklerinin uygulanmas\u0131ndan ama\u00e7, bireyin kendisini tan\u0131mas\u0131na yard\u0131mc\u0131 olmakt\u0131r. Teknikler bu amac\u0131 ger\u00e7ekle\u015ftirmeye y\u00f6nelik bir ara\u00e7 olarak kullan\u0131lmal\u0131d\u0131r. Ge\u00e7erli\u011fi ve g\u00fcvenirli\u011fi ne kadar y\u00fcksek olursa olsun tek bir \u00f6l\u00e7me arac\u0131 bireyi tan\u0131mada yeterli de\u011fildir. De\u011fi\u015fik tekniklerle elde edilen bilgiler birey hakk\u0131nda daha ayr\u0131nt\u0131l\u0131 bilgi verir. \u0130deal olan bireyi her y\u00f6n\u00fcyle tan\u0131makt\u0131r. Bireyi tan\u0131ma \u00e7abalar\u0131 [&hellip;]<\/p>\n","protected":false},"author":1,"featured_media":0,"parent":0,"menu_order":0,"comment_status":"closed","ping_status":"closed","template":"","meta":{"footnotes":""},"class_list":["post-154","page","type-page","status-publish","hentry"],"yoast_head":"<!-- This site is optimized with the Yoast SEO plugin v24.9 - https:\/\/yoast.com\/wordpress\/plugins\/seo\/ -->\n<title>Psikolojik Test ve De\u011ferlendirme - Can Psikoloji Dan\u0131\u015fmanl\u0131k Merkezi<\/title>\n<meta name=\"robots\" content=\"index, follow, max-snippet:-1, max-image-preview:large, max-video-preview:-1\" \/>\n<link rel=\"canonical\" href=\"https:\/\/canpsikoloji.com\/index.php\/psikolojik-test-ve-degerlendirme\/\" \/>\n<meta property=\"og:locale\" content=\"tr_TR\" \/>\n<meta property=\"og:type\" content=\"article\" \/>\n<meta property=\"og:title\" content=\"Psikolojik Test ve De\u011ferlendirme - Can Psikoloji Dan\u0131\u015fmanl\u0131k Merkezi\" \/>\n<meta property=\"og:description\" content=\"Bireyi tan\u0131ma tekniklerinin uygulanmas\u0131ndan ama\u00e7, bireyin kendisini tan\u0131mas\u0131na yard\u0131mc\u0131 olmakt\u0131r. Teknikler bu amac\u0131 ger\u00e7ekle\u015ftirmeye y\u00f6nelik bir ara\u00e7 olarak kullan\u0131lmal\u0131d\u0131r. Ge\u00e7erli\u011fi ve g\u00fcvenirli\u011fi ne kadar y\u00fcksek olursa olsun tek bir \u00f6l\u00e7me arac\u0131 bireyi tan\u0131mada yeterli de\u011fildir. De\u011fi\u015fik tekniklerle elde edilen bilgiler birey hakk\u0131nda daha ayr\u0131nt\u0131l\u0131 bilgi verir. \u0130deal olan bireyi her y\u00f6n\u00fcyle tan\u0131makt\u0131r. Bireyi tan\u0131ma \u00e7abalar\u0131 [&hellip;]\" \/>\n<meta property=\"og:url\" content=\"https:\/\/canpsikoloji.com\/index.php\/psikolojik-test-ve-degerlendirme\/\" \/>\n<meta property=\"og:site_name\" content=\"Can Psikoloji Dan\u0131\u015fmanl\u0131k Merkezi\" \/>\n<meta property=\"article:modified_time\" content=\"2019-08-29T12:51:27+00:00\" \/>\n<meta property=\"og:image\" content=\"https:\/\/canpsikoloji.com\/wp-content\/uploads\/2018\/11\/1_RLSoYO9W562HPurNCTh3Kg.png\" \/>\n<meta name=\"twitter:card\" content=\"summary_large_image\" \/>\n<meta name=\"twitter:label1\" content=\"Tahmini okuma s\u00fcresi\" \/>\n\t<meta name=\"twitter:data1\" content=\"2 dakika\" \/>\n<script type=\"application\/ld+json\" class=\"yoast-schema-graph\">{\"@context\":\"https:\/\/schema.org\",\"@graph\":[{\"@type\":\"WebPage\",\"@id\":\"https:\/\/canpsikoloji.com\/index.php\/psikolojik-test-ve-degerlendirme\/\",\"url\":\"https:\/\/canpsikoloji.com\/index.php\/psikolojik-test-ve-degerlendirme\/\",\"name\":\"Psikolojik Test ve De\u011ferlendirme - Can Psikoloji Dan\u0131\u015fmanl\u0131k Merkezi\",\"isPartOf\":{\"@id\":\"https:\/\/canpsikoloji.com\/#website\"},\"primaryImageOfPage\":{\"@id\":\"https:\/\/canpsikoloji.com\/index.php\/psikolojik-test-ve-degerlendirme\/#primaryimage\"},\"image\":{\"@id\":\"https:\/\/canpsikoloji.com\/index.php\/psikolojik-test-ve-degerlendirme\/#primaryimage\"},\"thumbnailUrl\":\"https:\/\/canpsikoloji.com\/wp-content\/uploads\/2018\/11\/1_RLSoYO9W562HPurNCTh3Kg.png\",\"datePublished\":\"2018-11-17T08:31:08+00:00\",\"dateModified\":\"2019-08-29T12:51:27+00:00\",\"breadcrumb\":{\"@id\":\"https:\/\/canpsikoloji.com\/index.php\/psikolojik-test-ve-degerlendirme\/#breadcrumb\"},\"inLanguage\":\"tr\",\"potentialAction\":[{\"@type\":\"ReadAction\",\"target\":[\"https:\/\/canpsikoloji.com\/index.php\/psikolojik-test-ve-degerlendirme\/\"]}]},{\"@type\":\"ImageObject\",\"inLanguage\":\"tr\",\"@id\":\"https:\/\/canpsikoloji.com\/index.php\/psikolojik-test-ve-degerlendirme\/#primaryimage\",\"url\":\"https:\/\/canpsikoloji.com\/wp-content\/uploads\/2018\/11\/1_RLSoYO9W562HPurNCTh3Kg.png\",\"contentUrl\":\"https:\/\/canpsikoloji.com\/wp-content\/uploads\/2018\/11\/1_RLSoYO9W562HPurNCTh3Kg.png\"},{\"@type\":\"BreadcrumbList\",\"@id\":\"https:\/\/canpsikoloji.com\/index.php\/psikolojik-test-ve-degerlendirme\/#breadcrumb\",\"itemListElement\":[{\"@type\":\"ListItem\",\"position\":1,\"name\":\"Ana sayfa\",\"item\":\"https:\/\/canpsikoloji.com\/\"},{\"@type\":\"ListItem\",\"position\":2,\"name\":\"Psikolojik Test ve De\u011ferlendirme\"}]},{\"@type\":\"WebSite\",\"@id\":\"https:\/\/canpsikoloji.com\/#website\",\"url\":\"https:\/\/canpsikoloji.com\/\",\"name\":\"Can Psikoloji Dan\u0131\u015fmanl\u0131k ve E\u011fitim Merkezi\",\"description\":\"\",\"publisher\":{\"@id\":\"https:\/\/canpsikoloji.com\/#organization\"},\"potentialAction\":[{\"@type\":\"SearchAction\",\"target\":{\"@type\":\"EntryPoint\",\"urlTemplate\":\"https:\/\/canpsikoloji.com\/?s={search_term_string}\"},\"query-input\":{\"@type\":\"PropertyValueSpecification\",\"valueRequired\":true,\"valueName\":\"search_term_string\"}}],\"inLanguage\":\"tr\"},{\"@type\":\"Organization\",\"@id\":\"https:\/\/canpsikoloji.com\/#organization\",\"name\":\"Can Psikoloji Dan\u0131\u015fmanl\u0131k ve E\u011fitim Merkezi\",\"url\":\"https:\/\/canpsikoloji.com\/\",\"logo\":{\"@type\":\"ImageObject\",\"inLanguage\":\"tr\",\"@id\":\"https:\/\/canpsikoloji.com\/#\/schema\/logo\/image\/\",\"url\":\"https:\/\/canpsikoloji.com\/wp-content\/uploads\/2018\/11\/CAN-PS\u0130KOLOJ\u0130-KAPI-ORTALADIM-1.jpg\",\"contentUrl\":\"https:\/\/canpsikoloji.com\/wp-content\/uploads\/2018\/11\/CAN-PS\u0130KOLOJ\u0130-KAPI-ORTALADIM-1.jpg\",\"width\":2021,\"height\":948,\"caption\":\"Can Psikoloji Dan\u0131\u015fmanl\u0131k ve E\u011fitim Merkezi\"},\"image\":{\"@id\":\"https:\/\/canpsikoloji.com\/#\/schema\/logo\/image\/\"},\"sameAs\":[\"https:\/\/www.instagram.com\/canpsikoloji\"]}]}<\/script>\n<!-- \/ Yoast SEO plugin. -->","yoast_head_json":{"title":"Psikolojik Test ve De\u011ferlendirme - Can Psikoloji Dan\u0131\u015fmanl\u0131k Merkezi","robots":{"index":"index","follow":"follow","max-snippet":"max-snippet:-1","max-image-preview":"max-image-preview:large","max-video-preview":"max-video-preview:-1"},"canonical":"https:\/\/canpsikoloji.com\/index.php\/psikolojik-test-ve-degerlendirme\/","og_locale":"tr_TR","og_type":"article","og_title":"Psikolojik Test ve De\u011ferlendirme - Can Psikoloji Dan\u0131\u015fmanl\u0131k Merkezi","og_description":"Bireyi tan\u0131ma tekniklerinin uygulanmas\u0131ndan ama\u00e7, bireyin kendisini tan\u0131mas\u0131na yard\u0131mc\u0131 olmakt\u0131r. Teknikler bu amac\u0131 ger\u00e7ekle\u015ftirmeye y\u00f6nelik bir ara\u00e7 olarak kullan\u0131lmal\u0131d\u0131r. Ge\u00e7erli\u011fi ve g\u00fcvenirli\u011fi ne kadar y\u00fcksek olursa olsun tek bir \u00f6l\u00e7me arac\u0131 bireyi tan\u0131mada yeterli de\u011fildir. De\u011fi\u015fik tekniklerle elde edilen bilgiler birey hakk\u0131nda daha ayr\u0131nt\u0131l\u0131 bilgi verir. \u0130deal olan bireyi her y\u00f6n\u00fcyle tan\u0131makt\u0131r. Bireyi tan\u0131ma \u00e7abalar\u0131 [&hellip;]","og_url":"https:\/\/canpsikoloji.com\/index.php\/psikolojik-test-ve-degerlendirme\/","og_site_name":"Can Psikoloji Dan\u0131\u015fmanl\u0131k Merkezi","article_modified_time":"2019-08-29T12:51:27+00:00","og_image":[{"url":"https:\/\/canpsikoloji.com\/wp-content\/uploads\/2018\/11\/1_RLSoYO9W562HPurNCTh3Kg.png","type":"","width":"","height":""}],"twitter_card":"summary_large_image","twitter_misc":{"Tahmini okuma s\u00fcresi":"2 dakika"},"schema":{"@context":"https:\/\/schema.org","@graph":[{"@type":"WebPage","@id":"https:\/\/canpsikoloji.com\/index.php\/psikolojik-test-ve-degerlendirme\/","url":"https:\/\/canpsikoloji.com\/index.php\/psikolojik-test-ve-degerlendirme\/","name":"Psikolojik Test ve De\u011ferlendirme - Can Psikoloji Dan\u0131\u015fmanl\u0131k Merkezi","isPartOf":{"@id":"https:\/\/canpsikoloji.com\/#website"},"primaryImageOfPage":{"@id":"https:\/\/canpsikoloji.com\/index.php\/psikolojik-test-ve-degerlendirme\/#primaryimage"},"image":{"@id":"https:\/\/canpsikoloji.com\/index.php\/psikolojik-test-ve-degerlendirme\/#primaryimage"},"thumbnailUrl":"https:\/\/canpsikoloji.com\/wp-content\/uploads\/2018\/11\/1_RLSoYO9W562HPurNCTh3Kg.png","datePublished":"2018-11-17T08:31:08+00:00","dateModified":"2019-08-29T12:51:27+00:00","breadcrumb":{"@id":"https:\/\/canpsikoloji.com\/index.php\/psikolojik-test-ve-degerlendirme\/#breadcrumb"},"inLanguage":"tr","potentialAction":[{"@type":"ReadAction","target":["https:\/\/canpsikoloji.com\/index.php\/psikolojik-test-ve-degerlendirme\/"]}]},{"@type":"ImageObject","inLanguage":"tr","@id":"https:\/\/canpsikoloji.com\/index.php\/psikolojik-test-ve-degerlendirme\/#primaryimage","url":"https:\/\/canpsikoloji.com\/wp-content\/uploads\/2018\/11\/1_RLSoYO9W562HPurNCTh3Kg.png","contentUrl":"https:\/\/canpsikoloji.com\/wp-content\/uploads\/2018\/11\/1_RLSoYO9W562HPurNCTh3Kg.png"},{"@type":"BreadcrumbList","@id":"https:\/\/canpsikoloji.com\/index.php\/psikolojik-test-ve-degerlendirme\/#breadcrumb","itemListElement":[{"@type":"ListItem","position":1,"name":"Ana sayfa","item":"https:\/\/canpsikoloji.com\/"},{"@type":"ListItem","position":2,"name":"Psikolojik Test ve De\u011ferlendirme"}]},{"@type":"WebSite","@id":"https:\/\/canpsikoloji.com\/#website","url":"https:\/\/canpsikoloji.com\/","name":"Can Psikoloji Dan\u0131\u015fmanl\u0131k ve E\u011fitim Merkezi","description":"","publisher":{"@id":"https:\/\/canpsikoloji.com\/#organization"},"potentialAction":[{"@type":"SearchAction","target":{"@type":"EntryPoint","urlTemplate":"https:\/\/canpsikoloji.com\/?s={search_term_string}"},"query-input":{"@type":"PropertyValueSpecification","valueRequired":true,"valueName":"search_term_string"}}],"inLanguage":"tr"},{"@type":"Organization","@id":"https:\/\/canpsikoloji.com\/#organization","name":"Can Psikoloji Dan\u0131\u015fmanl\u0131k ve E\u011fitim Merkezi","url":"https:\/\/canpsikoloji.com\/","logo":{"@type":"ImageObject","inLanguage":"tr","@id":"https:\/\/canpsikoloji.com\/#\/schema\/logo\/image\/","url":"https:\/\/canpsikoloji.com\/wp-content\/uploads\/2018\/11\/CAN-PS\u0130KOLOJ\u0130-KAPI-ORTALADIM-1.jpg","contentUrl":"https:\/\/canpsikoloji.com\/wp-content\/uploads\/2018\/11\/CAN-PS\u0130KOLOJ\u0130-KAPI-ORTALADIM-1.jpg","width":2021,"height":948,"caption":"Can Psikoloji Dan\u0131\u015fmanl\u0131k ve E\u011fitim Merkezi"},"image":{"@id":"https:\/\/canpsikoloji.com\/#\/schema\/logo\/image\/"},"sameAs":["https:\/\/www.instagram.com\/canpsikoloji"]}]}},"_links":{"self":[{"href":"https:\/\/canpsikoloji.com\/index.php\/wp-json\/wp\/v2\/pages\/154","targetHints":{"allow":["GET"]}}],"collection":[{"href":"https:\/\/canpsikoloji.com\/index.php\/wp-json\/wp\/v2\/pages"}],"about":[{"href":"https:\/\/canpsikoloji.com\/index.php\/wp-json\/wp\/v2\/types\/page"}],"author":[{"embeddable":true,"href":"https:\/\/canpsikoloji.com\/index.php\/wp-json\/wp\/v2\/users\/1"}],"replies":[{"embeddable":true,"href":"https:\/\/canpsikoloji.com\/index.php\/wp-json\/wp\/v2\/comments?post=154"}],"version-history":[{"count":9,"href":"https:\/\/canpsikoloji.com\/index.php\/wp-json\/wp\/v2\/pages\/154\/revisions"}],"predecessor-version":[{"id":334,"href":"https:\/\/canpsikoloji.com\/index.php\/wp-json\/wp\/v2\/pages\/154\/revisions\/334"}],"wp:attachment":[{"href":"https:\/\/canpsikoloji.com\/index.php\/wp-json\/wp\/v2\/media?parent=154"}],"curies":[{"name":"wp","href":"https:\/\/api.w.org\/{rel}","templated":true}]}}