{"id":201,"date":"2018-11-17T21:19:08","date_gmt":"2018-11-17T18:19:08","guid":{"rendered":"https:\/\/canpsikoloji.com\/?page_id=201"},"modified":"2022-11-22T21:58:42","modified_gmt":"2022-11-22T18:58:42","slug":"psikolojik-danisman-psikoterapist-nurcan-ilkan","status":"publish","type":"page","link":"https:\/\/canpsikoloji.com\/index.php\/psikolojik-danisman-psikoterapist-nurcan-ilkan\/","title":{"rendered":"Klinik Psikolog Nurcan \u0130lkan Ayday"},"content":{"rendered":"<p><center><\/center><img loading=\"lazy\" decoding=\"async\" class=\"size-medium wp-image-813 aligncenter\" src=\"https:\/\/canpsikoloji.com\/wp-content\/uploads\/2022\/11\/IMG-20221122-WA0031-288x300.jpg\" alt=\"\" width=\"288\" height=\"300\" srcset=\"https:\/\/canpsikoloji.com\/wp-content\/uploads\/2022\/11\/IMG-20221122-WA0031-288x300.jpg 288w, https:\/\/canpsikoloji.com\/wp-content\/uploads\/2022\/11\/IMG-20221122-WA0031-982x1024.jpg 982w, https:\/\/canpsikoloji.com\/wp-content\/uploads\/2022\/11\/IMG-20221122-WA0031-768x801.jpg 768w, https:\/\/canpsikoloji.com\/wp-content\/uploads\/2022\/11\/IMG-20221122-WA0031.jpg 1402w\" sizes=\"auto, (max-width: 288px) 100vw, 288px\" \/><\/p>\n<p>Klinik Psikolog Nurcan \u0130lkan Ayday, Mersin do\u011fumlu, evli ve 3 \u00e7ocuk annesidir.<\/p>\n<p><strong>\u00d6\u011eREN\u0130M:<\/strong><\/p>\n<ul>\n<li>Lise\u00a0 \u00a0 \u00a0 \u00a0 \u00a0 \u00a0 \u00a0 \u00a0 \u00a0 \u00a0: \u0130\u00e7el Anadolu Lisesi<\/li>\n<li>Lisans\u00a0 \u00a0 \u00a0 \u00a0 \u00a0 \u00a0 \u00a0 \u00a0: Atat\u00fcrk \u00dcniversitesi, Psikolojik Dan\u0131\u015fmanl\u0131k Ve Rehberlik<\/li>\n<li>Y\u00fcksek Lisans : \u0130stanbul Kent \u00dcniversitesi, Klinik Psikoloji<\/li>\n<\/ul>\n<p><strong>E\u011e\u0130T\u0130MLER:<\/strong><\/p>\n<ul>\n<li>Uz. Dr. Tahir \u00d6ZAKKA\u015e (Psikoterapi Enstit\u00fcs\u00fc), B\u00fct\u00fcnc\u00fcl Psikoterapi<\/li>\n<li>Dr. Haluk ALAN, Hipnotik Yeniden \u0130\u015fleme<\/li>\n<li>Uz. Psk. Nil\u00fcfer DEVEC\u0130G\u0130L, Deneyimsel Oyun Terapisi<\/li>\n<li>Psikoterapi Enstit\u00fcs\u00fc, \u00c7ocuk Merkezli Oyun Terapisi E\u011fitimi<\/li>\n<\/ul>\n<p><strong>DENEY\u0130M:<\/strong><\/p>\n<p>Atat\u00fcrk \u00dcniversitesi Psikolojik Dan\u0131\u015fmanl\u0131k ve Rehberlik B\u00f6l\u00fcm\u00fcnden 2008 y\u0131l\u0131nda mezun olduktan sonra \u00e7e\u015fitli anaokulu, ilkokul, lise gibi kurumlarda psikolog, psikolojik dan\u0131\u015fman olarak g\u00f6rev yapt\u0131. Bireysel Psikoterapi, \u00c7ocuk, Ergen ve Yeti\u015fkin psikoterapisinde 10 Y\u0131ll\u0131k Deneyime sahiptir.<\/p>\n<p>2018 y\u0131l\u0131 itibariyle Gebze\u2019de Can Psikoloji Dan\u0131\u015fmanl\u0131k ve E\u011fitim Merkezi\u2019ni kurarak \u00e7al\u0131\u015fmalar\u0131na burada devam etmektedir.<\/p>\n<p><strong>\u00dcYE OLDU\u011eU DERNEKLER:<\/strong><\/p>\n<ul>\n<li>Psikoterapi Enstit\u00fcs\u00fc Derne\u011fi<\/li>\n<li>Hipnoz Derne\u011fi<\/li>\n<\/ul>\n","protected":false},"excerpt":{"rendered":"<p class=\"qua-blog-post-description\">Klinik Psikolog Nurcan \u0130lkan Ayday, Mersin do\u011fumlu, evli ve 3 \u00e7ocuk annesidir. \u00d6\u011eREN\u0130M: Lise\u00a0 \u00a0 \u00a0 \u00a0 \u00a0 \u00a0 \u00a0 \u00a0 \u00a0 \u00a0: \u0130\u00e7el Anadolu Lisesi Lisans\u00a0 \u00a0 \u00a0 \u00a0 \u00a0 \u00a0 \u00a0 \u00a0: Atat\u00fcrk \u00dcniversitesi, Psikolojik Dan\u0131\u015fmanl\u0131k Ve Rehberlik Y\u00fcksek Lisans : \u0130stanbul Kent \u00dcniversitesi, Klinik Psikoloji E\u011e\u0130T\u0130MLER: Uz. Dr. Tahir \u00d6ZAKKA\u015e (Psikoterapi Enstit\u00fcs\u00fc), [&hellip;]<\/p>\n","protected":false},"author":1,"featured_media":0,"parent":0,"menu_order":0,"comment_status":"closed","ping_status":"closed","template":"","meta":{"footnotes":""},"class_list":["post-201","page","type-page","status-publish","hentry"],"yoast_head":"<!-- This site is optimized with the Yoast SEO plugin v24.9 - https:\/\/yoast.com\/wordpress\/plugins\/seo\/ -->\n<title>Klinik Psikolog Nurcan \u0130lkan Ayday - Can Psikoloji Dan\u0131\u015fmanl\u0131k Merkezi<\/title>\n<meta name=\"robots\" content=\"index, follow, max-snippet:-1, max-image-preview:large, max-video-preview:-1\" \/>\n<link rel=\"canonical\" href=\"https:\/\/canpsikoloji.com\/index.php\/psikolojik-danisman-psikoterapist-nurcan-ilkan\/\" \/>\n<meta property=\"og:locale\" content=\"tr_TR\" \/>\n<meta property=\"og:type\" content=\"article\" \/>\n<meta property=\"og:title\" content=\"Klinik Psikolog Nurcan \u0130lkan Ayday - Can Psikoloji Dan\u0131\u015fmanl\u0131k Merkezi\" \/>\n<meta property=\"og:description\" content=\"Klinik Psikolog Nurcan \u0130lkan Ayday, Mersin do\u011fumlu, evli ve 3 \u00e7ocuk annesidir. \u00d6\u011eREN\u0130M: Lise\u00a0 \u00a0 \u00a0 \u00a0 \u00a0 \u00a0 \u00a0 \u00a0 \u00a0 \u00a0: \u0130\u00e7el Anadolu Lisesi Lisans\u00a0 \u00a0 \u00a0 \u00a0 \u00a0 \u00a0 \u00a0 \u00a0: Atat\u00fcrk \u00dcniversitesi, Psikolojik Dan\u0131\u015fmanl\u0131k Ve Rehberlik Y\u00fcksek Lisans : \u0130stanbul Kent \u00dcniversitesi, Klinik Psikoloji E\u011e\u0130T\u0130MLER: Uz. Dr. Tahir \u00d6ZAKKA\u015e (Psikoterapi Enstit\u00fcs\u00fc), [&hellip;]\" \/>\n<meta property=\"og:url\" content=\"https:\/\/canpsikoloji.com\/index.php\/psikolojik-danisman-psikoterapist-nurcan-ilkan\/\" \/>\n<meta property=\"og:site_name\" content=\"Can Psikoloji Dan\u0131\u015fmanl\u0131k Merkezi\" \/>\n<meta property=\"article:modified_time\" content=\"2022-11-22T18:58:42+00:00\" \/>\n<meta property=\"og:image\" content=\"https:\/\/canpsikoloji.com\/wp-content\/uploads\/2022\/11\/IMG-20221122-WA0031-288x300.jpg\" \/>\n<meta name=\"twitter:card\" content=\"summary_large_image\" \/>\n<meta name=\"twitter:label1\" content=\"Tahmini okuma s\u00fcresi\" \/>\n\t<meta name=\"twitter:data1\" content=\"1 dakika\" \/>\n<script type=\"application\/ld+json\" class=\"yoast-schema-graph\">{\"@context\":\"https:\/\/schema.org\",\"@graph\":[{\"@type\":\"WebPage\",\"@id\":\"https:\/\/canpsikoloji.com\/index.php\/psikolojik-danisman-psikoterapist-nurcan-ilkan\/\",\"url\":\"https:\/\/canpsikoloji.com\/index.php\/psikolojik-danisman-psikoterapist-nurcan-ilkan\/\",\"name\":\"Klinik Psikolog Nurcan \u0130lkan Ayday - Can Psikoloji Dan\u0131\u015fmanl\u0131k Merkezi\",\"isPartOf\":{\"@id\":\"https:\/\/canpsikoloji.com\/#website\"},\"primaryImageOfPage\":{\"@id\":\"https:\/\/canpsikoloji.com\/index.php\/psikolojik-danisman-psikoterapist-nurcan-ilkan\/#primaryimage\"},\"image\":{\"@id\":\"https:\/\/canpsikoloji.com\/index.php\/psikolojik-danisman-psikoterapist-nurcan-ilkan\/#primaryimage\"},\"thumbnailUrl\":\"https:\/\/canpsikoloji.com\/wp-content\/uploads\/2022\/11\/IMG-20221122-WA0031-288x300.jpg\",\"datePublished\":\"2018-11-17T18:19:08+00:00\",\"dateModified\":\"2022-11-22T18:58:42+00:00\",\"breadcrumb\":{\"@id\":\"https:\/\/canpsikoloji.com\/index.php\/psikolojik-danisman-psikoterapist-nurcan-ilkan\/#breadcrumb\"},\"inLanguage\":\"tr\",\"potentialAction\":[{\"@type\":\"ReadAction\",\"target\":[\"https:\/\/canpsikoloji.com\/index.php\/psikolojik-danisman-psikoterapist-nurcan-ilkan\/\"]}]},{\"@type\":\"ImageObject\",\"inLanguage\":\"tr\",\"@id\":\"https:\/\/canpsikoloji.com\/index.php\/psikolojik-danisman-psikoterapist-nurcan-ilkan\/#primaryimage\",\"url\":\"https:\/\/canpsikoloji.com\/wp-content\/uploads\/2022\/11\/IMG-20221122-WA0031.jpg\",\"contentUrl\":\"https:\/\/canpsikoloji.com\/wp-content\/uploads\/2022\/11\/IMG-20221122-WA0031.jpg\",\"width\":1402,\"height\":1462},{\"@type\":\"BreadcrumbList\",\"@id\":\"https:\/\/canpsikoloji.com\/index.php\/psikolojik-danisman-psikoterapist-nurcan-ilkan\/#breadcrumb\",\"itemListElement\":[{\"@type\":\"ListItem\",\"position\":1,\"name\":\"Ana sayfa\",\"item\":\"https:\/\/canpsikoloji.com\/\"},{\"@type\":\"ListItem\",\"position\":2,\"name\":\"Klinik Psikolog Nurcan \u0130lkan Ayday\"}]},{\"@type\":\"WebSite\",\"@id\":\"https:\/\/canpsikoloji.com\/#website\",\"url\":\"https:\/\/canpsikoloji.com\/\",\"name\":\"Can Psikoloji Dan\u0131\u015fmanl\u0131k ve E\u011fitim Merkezi\",\"description\":\"\",\"publisher\":{\"@id\":\"https:\/\/canpsikoloji.com\/#organization\"},\"potentialAction\":[{\"@type\":\"SearchAction\",\"target\":{\"@type\":\"EntryPoint\",\"urlTemplate\":\"https:\/\/canpsikoloji.com\/?s={search_term_string}\"},\"query-input\":{\"@type\":\"PropertyValueSpecification\",\"valueRequired\":true,\"valueName\":\"search_term_string\"}}],\"inLanguage\":\"tr\"},{\"@type\":\"Organization\",\"@id\":\"https:\/\/canpsikoloji.com\/#organization\",\"name\":\"Can Psikoloji Dan\u0131\u015fmanl\u0131k ve E\u011fitim Merkezi\",\"url\":\"https:\/\/canpsikoloji.com\/\",\"logo\":{\"@type\":\"ImageObject\",\"inLanguage\":\"tr\",\"@id\":\"https:\/\/canpsikoloji.com\/#\/schema\/logo\/image\/\",\"url\":\"https:\/\/canpsikoloji.com\/wp-content\/uploads\/2018\/11\/CAN-PS\u0130KOLOJ\u0130-KAPI-ORTALADIM-1.jpg\",\"contentUrl\":\"https:\/\/canpsikoloji.com\/wp-content\/uploads\/2018\/11\/CAN-PS\u0130KOLOJ\u0130-KAPI-ORTALADIM-1.jpg\",\"width\":2021,\"height\":948,\"caption\":\"Can Psikoloji Dan\u0131\u015fmanl\u0131k ve E\u011fitim Merkezi\"},\"image\":{\"@id\":\"https:\/\/canpsikoloji.com\/#\/schema\/logo\/image\/\"},\"sameAs\":[\"https:\/\/www.instagram.com\/canpsikoloji\"]}]}<\/script>\n<!-- \/ Yoast SEO plugin. -->","yoast_head_json":{"title":"Klinik Psikolog Nurcan \u0130lkan Ayday - Can Psikoloji Dan\u0131\u015fmanl\u0131k Merkezi","robots":{"index":"index","follow":"follow","max-snippet":"max-snippet:-1","max-image-preview":"max-image-preview:large","max-video-preview":"max-video-preview:-1"},"canonical":"https:\/\/canpsikoloji.com\/index.php\/psikolojik-danisman-psikoterapist-nurcan-ilkan\/","og_locale":"tr_TR","og_type":"article","og_title":"Klinik Psikolog Nurcan \u0130lkan Ayday - Can Psikoloji Dan\u0131\u015fmanl\u0131k Merkezi","og_description":"Klinik Psikolog Nurcan \u0130lkan Ayday, Mersin do\u011fumlu, evli ve 3 \u00e7ocuk annesidir. \u00d6\u011eREN\u0130M: Lise\u00a0 \u00a0 \u00a0 \u00a0 \u00a0 \u00a0 \u00a0 \u00a0 \u00a0 \u00a0: \u0130\u00e7el Anadolu Lisesi Lisans\u00a0 \u00a0 \u00a0 \u00a0 \u00a0 \u00a0 \u00a0 \u00a0: Atat\u00fcrk \u00dcniversitesi, Psikolojik Dan\u0131\u015fmanl\u0131k Ve Rehberlik Y\u00fcksek Lisans : \u0130stanbul Kent \u00dcniversitesi, Klinik Psikoloji E\u011e\u0130T\u0130MLER: Uz. Dr. Tahir \u00d6ZAKKA\u015e (Psikoterapi Enstit\u00fcs\u00fc), [&hellip;]","og_url":"https:\/\/canpsikoloji.com\/index.php\/psikolojik-danisman-psikoterapist-nurcan-ilkan\/","og_site_name":"Can Psikoloji Dan\u0131\u015fmanl\u0131k Merkezi","article_modified_time":"2022-11-22T18:58:42+00:00","og_image":[{"url":"https:\/\/canpsikoloji.com\/wp-content\/uploads\/2022\/11\/IMG-20221122-WA0031-288x300.jpg","type":"","width":"","height":""}],"twitter_card":"summary_large_image","twitter_misc":{"Tahmini okuma s\u00fcresi":"1 dakika"},"schema":{"@context":"https:\/\/schema.org","@graph":[{"@type":"WebPage","@id":"https:\/\/canpsikoloji.com\/index.php\/psikolojik-danisman-psikoterapist-nurcan-ilkan\/","url":"https:\/\/canpsikoloji.com\/index.php\/psikolojik-danisman-psikoterapist-nurcan-ilkan\/","name":"Klinik Psikolog Nurcan \u0130lkan Ayday - Can Psikoloji Dan\u0131\u015fmanl\u0131k Merkezi","isPartOf":{"@id":"https:\/\/canpsikoloji.com\/#website"},"primaryImageOfPage":{"@id":"https:\/\/canpsikoloji.com\/index.php\/psikolojik-danisman-psikoterapist-nurcan-ilkan\/#primaryimage"},"image":{"@id":"https:\/\/canpsikoloji.com\/index.php\/psikolojik-danisman-psikoterapist-nurcan-ilkan\/#primaryimage"},"thumbnailUrl":"https:\/\/canpsikoloji.com\/wp-content\/uploads\/2022\/11\/IMG-20221122-WA0031-288x300.jpg","datePublished":"2018-11-17T18:19:08+00:00","dateModified":"2022-11-22T18:58:42+00:00","breadcrumb":{"@id":"https:\/\/canpsikoloji.com\/index.php\/psikolojik-danisman-psikoterapist-nurcan-ilkan\/#breadcrumb"},"inLanguage":"tr","potentialAction":[{"@type":"ReadAction","target":["https:\/\/canpsikoloji.com\/index.php\/psikolojik-danisman-psikoterapist-nurcan-ilkan\/"]}]},{"@type":"ImageObject","inLanguage":"tr","@id":"https:\/\/canpsikoloji.com\/index.php\/psikolojik-danisman-psikoterapist-nurcan-ilkan\/#primaryimage","url":"https:\/\/canpsikoloji.com\/wp-content\/uploads\/2022\/11\/IMG-20221122-WA0031.jpg","contentUrl":"https:\/\/canpsikoloji.com\/wp-content\/uploads\/2022\/11\/IMG-20221122-WA0031.jpg","width":1402,"height":1462},{"@type":"BreadcrumbList","@id":"https:\/\/canpsikoloji.com\/index.php\/psikolojik-danisman-psikoterapist-nurcan-ilkan\/#breadcrumb","itemListElement":[{"@type":"ListItem","position":1,"name":"Ana sayfa","item":"https:\/\/canpsikoloji.com\/"},{"@type":"ListItem","position":2,"name":"Klinik Psikolog Nurcan \u0130lkan Ayday"}]},{"@type":"WebSite","@id":"https:\/\/canpsikoloji.com\/#website","url":"https:\/\/canpsikoloji.com\/","name":"Can Psikoloji Dan\u0131\u015fmanl\u0131k ve E\u011fitim Merkezi","description":"","publisher":{"@id":"https:\/\/canpsikoloji.com\/#organization"},"potentialAction":[{"@type":"SearchAction","target":{"@type":"EntryPoint","urlTemplate":"https:\/\/canpsikoloji.com\/?s={search_term_string}"},"query-input":{"@type":"PropertyValueSpecification","valueRequired":true,"valueName":"search_term_string"}}],"inLanguage":"tr"},{"@type":"Organization","@id":"https:\/\/canpsikoloji.com\/#organization","name":"Can Psikoloji Dan\u0131\u015fmanl\u0131k ve E\u011fitim Merkezi","url":"https:\/\/canpsikoloji.com\/","logo":{"@type":"ImageObject","inLanguage":"tr","@id":"https:\/\/canpsikoloji.com\/#\/schema\/logo\/image\/","url":"https:\/\/canpsikoloji.com\/wp-content\/uploads\/2018\/11\/CAN-PS\u0130KOLOJ\u0130-KAPI-ORTALADIM-1.jpg","contentUrl":"https:\/\/canpsikoloji.com\/wp-content\/uploads\/2018\/11\/CAN-PS\u0130KOLOJ\u0130-KAPI-ORTALADIM-1.jpg","width":2021,"height":948,"caption":"Can Psikoloji Dan\u0131\u015fmanl\u0131k ve E\u011fitim Merkezi"},"image":{"@id":"https:\/\/canpsikoloji.com\/#\/schema\/logo\/image\/"},"sameAs":["https:\/\/www.instagram.com\/canpsikoloji"]}]}},"_links":{"self":[{"href":"https:\/\/canpsikoloji.com\/index.php\/wp-json\/wp\/v2\/pages\/201","targetHints":{"allow":["GET"]}}],"collection":[{"href":"https:\/\/canpsikoloji.com\/index.php\/wp-json\/wp\/v2\/pages"}],"about":[{"href":"https:\/\/canpsikoloji.com\/index.php\/wp-json\/wp\/v2\/types\/page"}],"author":[{"embeddable":true,"href":"https:\/\/canpsikoloji.com\/index.php\/wp-json\/wp\/v2\/users\/1"}],"replies":[{"embeddable":true,"href":"https:\/\/canpsikoloji.com\/index.php\/wp-json\/wp\/v2\/comments?post=201"}],"version-history":[{"count":25,"href":"https:\/\/canpsikoloji.com\/index.php\/wp-json\/wp\/v2\/pages\/201\/revisions"}],"predecessor-version":[{"id":816,"href":"https:\/\/canpsikoloji.com\/index.php\/wp-json\/wp\/v2\/pages\/201\/revisions\/816"}],"wp:attachment":[{"href":"https:\/\/canpsikoloji.com\/index.php\/wp-json\/wp\/v2\/media?parent=201"}],"curies":[{"name":"wp","href":"https:\/\/api.w.org\/{rel}","templated":true}]}}