{"id":353,"date":"2019-10-07T11:35:59","date_gmt":"2019-10-07T08:35:59","guid":{"rendered":"https:\/\/canpsikoloji.com\/?page_id=353"},"modified":"2020-08-22T20:34:04","modified_gmt":"2020-08-22T17:34:04","slug":"klinik-psikolog-gamze-akyuz","status":"publish","type":"page","link":"https:\/\/canpsikoloji.com\/index.php\/klinik-psikolog-gamze-akyuz\/","title":{"rendered":"Klinik Psikolog Gamze Aky\u00fcz"},"content":{"rendered":"\n<div class=\"wp-block-image\"><figure class=\"aligncenter\"><img loading=\"lazy\" decoding=\"async\" width=\"259\" height=\"259\" src=\"https:\/\/canpsikoloji.com\/wp-content\/uploads\/2019\/10\/gamze-aky\u00fcz.jpeg\" alt=\"\" class=\"wp-image-354\" srcset=\"https:\/\/canpsikoloji.com\/wp-content\/uploads\/2019\/10\/gamze-aky\u00fcz.jpeg 259w, https:\/\/canpsikoloji.com\/wp-content\/uploads\/2019\/10\/gamze-aky\u00fcz-150x150.jpeg 150w\" sizes=\"auto, (max-width: 259px) 100vw, 259px\" \/><\/figure><\/div>\n\n\n<p>Psikoterapist \/ Psikolojik Dan\u0131\u015fman Gamze AKY\u00dcZ 1991 Y\u0131l\u0131nda Bursa\u2019da do\u011fmu\u015f olup Kocaeli\u2019de ikamet etmektedir.<\/p>\n<p><!-- \/wp:post-content --><!-- wp:paragraph --><\/p>\n<p><strong>\u00d6\u011eREN\u0130M:<\/strong><\/p>\n<p><!-- \/wp:paragraph --><!-- wp:paragraph --><\/p>\n<ul>\n<li>Lisans\u00a0 \u00a0 \u00a0 \u00a0 \u00a0 \u00a0 \u00a0 \u00a0: Aksaray \u00dcniversitesi, Psikolojik Dan\u0131\u015fmanl\u0131k Ve Rehberlik<\/li>\n<li>Y\u00fcksek Lisans : \u0130stanbul Kent \u00dcniversitesi, Klinik Psikoloji<\/li>\n<\/ul>\n<p><!-- \/wp:paragraph --><!-- wp:paragraph --><\/p>\n<p><strong>E\u011e\u0130T\u0130MLER:<\/strong><\/p>\n<p><!-- \/wp:paragraph --><!-- wp:paragraph --><\/p>\n<ul>\n<li>B\u00fct\u00fcnc\u00fcl Psikoterapi\u00a0 E\u011fitimi, Psikoterapi Enstit\u00fcs\u00fc, Uz. Dr. Tahir \u00d6zakka\u015f, 2017-2019<!-- \/wp:paragraph --><!-- wp:paragraph --><\/li>\n<li>Wisc-r Test E\u011fitimi, Mavi Mart\u0131 Psikoloji, , Uzm. Psik. Elif G\u00fcneri, 2017<!-- \/wp:paragraph --><!-- wp:paragraph --><\/li>\n<li>Cat E\u011fitimi \u0130stanbul Pdr-Derne\u011fi, Uzman Psik. Dan. Faz\u0131l Tatar, 2018<!-- \/wp:paragraph --><!-- wp:paragraph --><\/li>\n<li>B\u00fct\u00fcnc\u00fcl Oyun Terapisi E\u011fitimi, Klinik Psikolog Pekay Ayd\u0131n, 2019<!-- \/wp:paragraph --><!-- wp:paragraph --><\/li>\n<li>G\u00fcd\u00fclenme Sistemleri At\u00f6lye \u00c7al\u0131\u015fmas\u0131, Joseph D. Lichtenberg, 2019<\/li>\n<\/ul>\n<p><!-- \/wp:paragraph --><!-- wp:paragraph --><\/p>\n<p><strong>DENEY\u0130M:<\/strong><\/p>\n<p><!-- \/wp:paragraph --><!-- wp:paragraph --><\/p>\n<p>Aksaray \u00dcniversitesi Psikolojik Dan\u0131\u015fmanl\u0131k ve Rehberlik B\u00f6l\u00fcm\u00fcnden 2013 y\u0131l\u0131nda mezun olduktan sonra \u00e7e\u015fitli ilkokul, ortaokul gibi kurumlarda psikolog, psikolojik dan\u0131\u015fman olarak g\u00f6rev yapt\u0131.<\/p>\n<p><!-- \/wp:paragraph --><!-- wp:paragraph --><\/p>\n<p>2019 y\u0131l\u0131 itibariyle Gebze\u2019de Can Psikoloji Dan\u0131\u015fmanl\u0131k ve E\u011fitim Merkezi\u2019nde Dan\u0131\u015fan g\u00f6rmektedir.<\/p>\n<p><!-- \/wp:paragraph --><!-- wp:paragraph --><\/p>\n<p><strong>\u00dcYE OLDU\u011eU DERNEKLER:<\/strong><\/p>\n<p><!-- \/wp:paragraph --><!-- wp:paragraph --><\/p>\n<ul>\n<li>Psikoterapi Enstit\u00fcs\u00fc Derne\u011fi<\/li>\n<li>Hipnoz Derne\u011fi<\/li>\n<\/ul>\n<p><!-- \/wp:paragraph --><\/p>","protected":false},"excerpt":{"rendered":"<p class=\"qua-blog-post-description\">Psikoterapist \/ Psikolojik Dan\u0131\u015fman Gamze AKY\u00dcZ 1991 Y\u0131l\u0131nda Bursa\u2019da do\u011fmu\u015f olup Kocaeli\u2019de ikamet etmektedir. \u00d6\u011eREN\u0130M: Lisans\u00a0 \u00a0 \u00a0 \u00a0 \u00a0 \u00a0 \u00a0 \u00a0: Aksaray \u00dcniversitesi, Psikolojik Dan\u0131\u015fmanl\u0131k Ve Rehberlik Y\u00fcksek Lisans : \u0130stanbul Kent \u00dcniversitesi, Klinik Psikoloji E\u011e\u0130T\u0130MLER: B\u00fct\u00fcnc\u00fcl Psikoterapi\u00a0 E\u011fitimi, Psikoterapi Enstit\u00fcs\u00fc, Uz. Dr. Tahir \u00d6zakka\u015f, 2017-2019 Wisc-r Test E\u011fitimi, Mavi Mart\u0131 Psikoloji, , [&hellip;]<\/p>\n","protected":false},"author":1,"featured_media":0,"parent":0,"menu_order":0,"comment_status":"closed","ping_status":"closed","template":"","meta":{"footnotes":""},"class_list":["post-353","page","type-page","status-publish","hentry"],"yoast_head":"<!-- This site is optimized with the Yoast SEO plugin v24.9 - https:\/\/yoast.com\/wordpress\/plugins\/seo\/ -->\n<title>Klinik Psikolog Gamze Aky\u00fcz - Can Psikoloji Dan\u0131\u015fmanl\u0131k Merkezi<\/title>\n<meta name=\"robots\" content=\"index, follow, max-snippet:-1, max-image-preview:large, max-video-preview:-1\" \/>\n<link rel=\"canonical\" href=\"https:\/\/canpsikoloji.com\/index.php\/klinik-psikolog-gamze-akyuz\/\" \/>\n<meta property=\"og:locale\" content=\"tr_TR\" \/>\n<meta property=\"og:type\" content=\"article\" \/>\n<meta property=\"og:title\" content=\"Klinik Psikolog Gamze Aky\u00fcz - Can Psikoloji Dan\u0131\u015fmanl\u0131k Merkezi\" \/>\n<meta property=\"og:description\" content=\"Psikoterapist \/ Psikolojik Dan\u0131\u015fman Gamze AKY\u00dcZ 1991 Y\u0131l\u0131nda Bursa\u2019da do\u011fmu\u015f olup Kocaeli\u2019de ikamet etmektedir. \u00d6\u011eREN\u0130M: Lisans\u00a0 \u00a0 \u00a0 \u00a0 \u00a0 \u00a0 \u00a0 \u00a0: Aksaray \u00dcniversitesi, Psikolojik Dan\u0131\u015fmanl\u0131k Ve Rehberlik Y\u00fcksek Lisans : \u0130stanbul Kent \u00dcniversitesi, Klinik Psikoloji E\u011e\u0130T\u0130MLER: B\u00fct\u00fcnc\u00fcl Psikoterapi\u00a0 E\u011fitimi, Psikoterapi Enstit\u00fcs\u00fc, Uz. Dr. Tahir \u00d6zakka\u015f, 2017-2019 Wisc-r Test E\u011fitimi, Mavi Mart\u0131 Psikoloji, , [&hellip;]\" \/>\n<meta property=\"og:url\" content=\"https:\/\/canpsikoloji.com\/index.php\/klinik-psikolog-gamze-akyuz\/\" \/>\n<meta property=\"og:site_name\" content=\"Can Psikoloji Dan\u0131\u015fmanl\u0131k Merkezi\" \/>\n<meta property=\"article:modified_time\" content=\"2020-08-22T17:34:04+00:00\" \/>\n<meta name=\"twitter:card\" content=\"summary_large_image\" \/>\n<meta name=\"twitter:label1\" content=\"Tahmini okuma s\u00fcresi\" \/>\n\t<meta name=\"twitter:data1\" content=\"1 dakika\" \/>\n<script type=\"application\/ld+json\" class=\"yoast-schema-graph\">{\"@context\":\"https:\/\/schema.org\",\"@graph\":[{\"@type\":\"WebPage\",\"@id\":\"https:\/\/canpsikoloji.com\/index.php\/klinik-psikolog-gamze-akyuz\/\",\"url\":\"https:\/\/canpsikoloji.com\/index.php\/klinik-psikolog-gamze-akyuz\/\",\"name\":\"Klinik Psikolog Gamze Aky\u00fcz - Can Psikoloji Dan\u0131\u015fmanl\u0131k Merkezi\",\"isPartOf\":{\"@id\":\"https:\/\/canpsikoloji.com\/#website\"},\"datePublished\":\"2019-10-07T08:35:59+00:00\",\"dateModified\":\"2020-08-22T17:34:04+00:00\",\"breadcrumb\":{\"@id\":\"https:\/\/canpsikoloji.com\/index.php\/klinik-psikolog-gamze-akyuz\/#breadcrumb\"},\"inLanguage\":\"tr\",\"potentialAction\":[{\"@type\":\"ReadAction\",\"target\":[\"https:\/\/canpsikoloji.com\/index.php\/klinik-psikolog-gamze-akyuz\/\"]}]},{\"@type\":\"BreadcrumbList\",\"@id\":\"https:\/\/canpsikoloji.com\/index.php\/klinik-psikolog-gamze-akyuz\/#breadcrumb\",\"itemListElement\":[{\"@type\":\"ListItem\",\"position\":1,\"name\":\"Ana sayfa\",\"item\":\"https:\/\/canpsikoloji.com\/\"},{\"@type\":\"ListItem\",\"position\":2,\"name\":\"Klinik Psikolog Gamze Aky\u00fcz\"}]},{\"@type\":\"WebSite\",\"@id\":\"https:\/\/canpsikoloji.com\/#website\",\"url\":\"https:\/\/canpsikoloji.com\/\",\"name\":\"Can Psikoloji Dan\u0131\u015fmanl\u0131k ve E\u011fitim Merkezi\",\"description\":\"\",\"publisher\":{\"@id\":\"https:\/\/canpsikoloji.com\/#organization\"},\"potentialAction\":[{\"@type\":\"SearchAction\",\"target\":{\"@type\":\"EntryPoint\",\"urlTemplate\":\"https:\/\/canpsikoloji.com\/?s={search_term_string}\"},\"query-input\":{\"@type\":\"PropertyValueSpecification\",\"valueRequired\":true,\"valueName\":\"search_term_string\"}}],\"inLanguage\":\"tr\"},{\"@type\":\"Organization\",\"@id\":\"https:\/\/canpsikoloji.com\/#organization\",\"name\":\"Can Psikoloji Dan\u0131\u015fmanl\u0131k ve E\u011fitim Merkezi\",\"url\":\"https:\/\/canpsikoloji.com\/\",\"logo\":{\"@type\":\"ImageObject\",\"inLanguage\":\"tr\",\"@id\":\"https:\/\/canpsikoloji.com\/#\/schema\/logo\/image\/\",\"url\":\"https:\/\/canpsikoloji.com\/wp-content\/uploads\/2018\/11\/CAN-PS\u0130KOLOJ\u0130-KAPI-ORTALADIM-1.jpg\",\"contentUrl\":\"https:\/\/canpsikoloji.com\/wp-content\/uploads\/2018\/11\/CAN-PS\u0130KOLOJ\u0130-KAPI-ORTALADIM-1.jpg\",\"width\":2021,\"height\":948,\"caption\":\"Can Psikoloji Dan\u0131\u015fmanl\u0131k ve E\u011fitim Merkezi\"},\"image\":{\"@id\":\"https:\/\/canpsikoloji.com\/#\/schema\/logo\/image\/\"},\"sameAs\":[\"https:\/\/www.instagram.com\/canpsikoloji\"]}]}<\/script>\n<!-- \/ Yoast SEO plugin. -->","yoast_head_json":{"title":"Klinik Psikolog Gamze Aky\u00fcz - Can Psikoloji Dan\u0131\u015fmanl\u0131k Merkezi","robots":{"index":"index","follow":"follow","max-snippet":"max-snippet:-1","max-image-preview":"max-image-preview:large","max-video-preview":"max-video-preview:-1"},"canonical":"https:\/\/canpsikoloji.com\/index.php\/klinik-psikolog-gamze-akyuz\/","og_locale":"tr_TR","og_type":"article","og_title":"Klinik Psikolog Gamze Aky\u00fcz - Can Psikoloji Dan\u0131\u015fmanl\u0131k Merkezi","og_description":"Psikoterapist \/ Psikolojik Dan\u0131\u015fman Gamze AKY\u00dcZ 1991 Y\u0131l\u0131nda Bursa\u2019da do\u011fmu\u015f olup Kocaeli\u2019de ikamet etmektedir. \u00d6\u011eREN\u0130M: Lisans\u00a0 \u00a0 \u00a0 \u00a0 \u00a0 \u00a0 \u00a0 \u00a0: Aksaray \u00dcniversitesi, Psikolojik Dan\u0131\u015fmanl\u0131k Ve Rehberlik Y\u00fcksek Lisans : \u0130stanbul Kent \u00dcniversitesi, Klinik Psikoloji E\u011e\u0130T\u0130MLER: B\u00fct\u00fcnc\u00fcl Psikoterapi\u00a0 E\u011fitimi, Psikoterapi Enstit\u00fcs\u00fc, Uz. Dr. Tahir \u00d6zakka\u015f, 2017-2019 Wisc-r Test E\u011fitimi, Mavi Mart\u0131 Psikoloji, , [&hellip;]","og_url":"https:\/\/canpsikoloji.com\/index.php\/klinik-psikolog-gamze-akyuz\/","og_site_name":"Can Psikoloji Dan\u0131\u015fmanl\u0131k Merkezi","article_modified_time":"2020-08-22T17:34:04+00:00","twitter_card":"summary_large_image","twitter_misc":{"Tahmini okuma s\u00fcresi":"1 dakika"},"schema":{"@context":"https:\/\/schema.org","@graph":[{"@type":"WebPage","@id":"https:\/\/canpsikoloji.com\/index.php\/klinik-psikolog-gamze-akyuz\/","url":"https:\/\/canpsikoloji.com\/index.php\/klinik-psikolog-gamze-akyuz\/","name":"Klinik Psikolog Gamze Aky\u00fcz - Can Psikoloji Dan\u0131\u015fmanl\u0131k Merkezi","isPartOf":{"@id":"https:\/\/canpsikoloji.com\/#website"},"datePublished":"2019-10-07T08:35:59+00:00","dateModified":"2020-08-22T17:34:04+00:00","breadcrumb":{"@id":"https:\/\/canpsikoloji.com\/index.php\/klinik-psikolog-gamze-akyuz\/#breadcrumb"},"inLanguage":"tr","potentialAction":[{"@type":"ReadAction","target":["https:\/\/canpsikoloji.com\/index.php\/klinik-psikolog-gamze-akyuz\/"]}]},{"@type":"BreadcrumbList","@id":"https:\/\/canpsikoloji.com\/index.php\/klinik-psikolog-gamze-akyuz\/#breadcrumb","itemListElement":[{"@type":"ListItem","position":1,"name":"Ana sayfa","item":"https:\/\/canpsikoloji.com\/"},{"@type":"ListItem","position":2,"name":"Klinik Psikolog Gamze Aky\u00fcz"}]},{"@type":"WebSite","@id":"https:\/\/canpsikoloji.com\/#website","url":"https:\/\/canpsikoloji.com\/","name":"Can Psikoloji Dan\u0131\u015fmanl\u0131k ve E\u011fitim Merkezi","description":"","publisher":{"@id":"https:\/\/canpsikoloji.com\/#organization"},"potentialAction":[{"@type":"SearchAction","target":{"@type":"EntryPoint","urlTemplate":"https:\/\/canpsikoloji.com\/?s={search_term_string}"},"query-input":{"@type":"PropertyValueSpecification","valueRequired":true,"valueName":"search_term_string"}}],"inLanguage":"tr"},{"@type":"Organization","@id":"https:\/\/canpsikoloji.com\/#organization","name":"Can Psikoloji Dan\u0131\u015fmanl\u0131k ve E\u011fitim Merkezi","url":"https:\/\/canpsikoloji.com\/","logo":{"@type":"ImageObject","inLanguage":"tr","@id":"https:\/\/canpsikoloji.com\/#\/schema\/logo\/image\/","url":"https:\/\/canpsikoloji.com\/wp-content\/uploads\/2018\/11\/CAN-PS\u0130KOLOJ\u0130-KAPI-ORTALADIM-1.jpg","contentUrl":"https:\/\/canpsikoloji.com\/wp-content\/uploads\/2018\/11\/CAN-PS\u0130KOLOJ\u0130-KAPI-ORTALADIM-1.jpg","width":2021,"height":948,"caption":"Can Psikoloji Dan\u0131\u015fmanl\u0131k ve E\u011fitim Merkezi"},"image":{"@id":"https:\/\/canpsikoloji.com\/#\/schema\/logo\/image\/"},"sameAs":["https:\/\/www.instagram.com\/canpsikoloji"]}]}},"_links":{"self":[{"href":"https:\/\/canpsikoloji.com\/index.php\/wp-json\/wp\/v2\/pages\/353","targetHints":{"allow":["GET"]}}],"collection":[{"href":"https:\/\/canpsikoloji.com\/index.php\/wp-json\/wp\/v2\/pages"}],"about":[{"href":"https:\/\/canpsikoloji.com\/index.php\/wp-json\/wp\/v2\/types\/page"}],"author":[{"embeddable":true,"href":"https:\/\/canpsikoloji.com\/index.php\/wp-json\/wp\/v2\/users\/1"}],"replies":[{"embeddable":true,"href":"https:\/\/canpsikoloji.com\/index.php\/wp-json\/wp\/v2\/comments?post=353"}],"version-history":[{"count":10,"href":"https:\/\/canpsikoloji.com\/index.php\/wp-json\/wp\/v2\/pages\/353\/revisions"}],"predecessor-version":[{"id":747,"href":"https:\/\/canpsikoloji.com\/index.php\/wp-json\/wp\/v2\/pages\/353\/revisions\/747"}],"wp:attachment":[{"href":"https:\/\/canpsikoloji.com\/index.php\/wp-json\/wp\/v2\/media?parent=353"}],"curies":[{"name":"wp","href":"https:\/\/api.w.org\/{rel}","templated":true}]}}