{"id":56,"date":"2018-11-02T17:23:21","date_gmt":"2018-11-02T14:23:21","guid":{"rendered":"https:\/\/canpsikoloji.com\/?page_id=56"},"modified":"2025-12-03T10:08:19","modified_gmt":"2025-12-03T07:08:19","slug":"uzmanlarimiz-2","status":"publish","type":"page","link":"https:\/\/canpsikoloji.com\/index.php\/uzmanlarimiz-2\/","title":{"rendered":"Uzmanlar\u0131m\u0131z"},"content":{"rendered":"\n<div class=\"wp-block-media-text alignwide is-stacked-on-mobile\"><figure class=\"wp-block-media-text__media\"><img loading=\"lazy\" decoding=\"async\" width=\"982\" height=\"1024\" src=\"https:\/\/canpsikoloji.com\/wp-content\/uploads\/2022\/11\/IMG-20221122-WA0031-982x1024.jpg\" alt=\"\" class=\"wp-image-813 size-full\" srcset=\"https:\/\/canpsikoloji.com\/wp-content\/uploads\/2022\/11\/IMG-20221122-WA0031-982x1024.jpg 982w, https:\/\/canpsikoloji.com\/wp-content\/uploads\/2022\/11\/IMG-20221122-WA0031-288x300.jpg 288w, https:\/\/canpsikoloji.com\/wp-content\/uploads\/2022\/11\/IMG-20221122-WA0031-768x801.jpg 768w, https:\/\/canpsikoloji.com\/wp-content\/uploads\/2022\/11\/IMG-20221122-WA0031.jpg 1402w\" sizes=\"auto, (max-width: 982px) 100vw, 982px\" \/><\/figure><div class=\"wp-block-media-text__content\">\n<p><strong>Klinik Psikolog Nurcan \u0130lkan Ayday<\/strong><\/p>\n\n\n\n<p>Klinik Psikolog Nurcan \u0130lkan Ayday, Mersin do\u011fumlu, evli ve 3 \u00e7ocuk annesidir.<\/p>\n\n\n\n<p><strong>\u00d6\u011eREN\u0130M:<\/strong><\/p>\n\n\n\n<ul class=\"wp-block-list\">\n<li>Lise&nbsp; &nbsp; &nbsp; &nbsp; &nbsp; &nbsp; &nbsp; &nbsp; &nbsp; &nbsp;: \u0130\u00e7el Anadolu Lisesi<\/li>\n\n\n\n<li>Lisans&nbsp; &nbsp; &nbsp; &nbsp; &nbsp; &nbsp; &nbsp; &nbsp;: Atat\u00fcrk \u00dcniversitesi, Psikolojik Dan\u0131\u015fmanl\u0131k Ve Rehberlik<\/li>\n\n\n\n<li>Y\u00fcksek Lisans : \u0130stanbul Kent \u00dcniversitesi, Klinik Psikoloji<\/li>\n<\/ul>\n\n\n\n<p><strong>E\u011e\u0130T\u0130MLER:<\/strong><\/p>\n\n\n\n<ul class=\"wp-block-list\">\n<li>Uz. Dr. Tahir \u00d6ZAKKA\u015e (Psikoterapi Enstit\u00fcs\u00fc), B\u00fct\u00fcnc\u00fcl Psikoterapi<\/li>\n\n\n\n<li>Dr. Haluk ALAN, Hipnotik Yeniden \u0130\u015fleme<\/li>\n\n\n\n<li>Uz. Psk. Nil\u00fcfer DEVEC\u0130G\u0130L, Deneyimsel Oyun Terapisi<\/li>\n\n\n\n<li>Psikoterapi Enstit\u00fcs\u00fc, \u00c7ocuk Merkezli Oyun Terapisi E\u011fitimi<\/li>\n<\/ul>\n\n\n\n<p><strong>DENEY\u0130M:<\/strong><\/p>\n\n\n\n<p>Atat\u00fcrk \u00dcniversitesi Psikolojik Dan\u0131\u015fmanl\u0131k ve Rehberlik B\u00f6l\u00fcm\u00fcnden 2008 y\u0131l\u0131nda mezun olduktan sonra \u00e7e\u015fitli anaokulu, ilkokul, lise gibi kurumlarda psikolog, psikolojik dan\u0131\u015fman olarak g\u00f6rev yapt\u0131. Bireysel Psikoterapi, \u00c7ocuk, Ergen ve Yeti\u015fkin psikoterapisinde 10 Y\u0131ll\u0131k Deneyime sahiptir.<\/p>\n\n\n\n<p>2018 y\u0131l\u0131 itibariyle Gebze\u2019de Can Psikoloji Dan\u0131\u015fmanl\u0131k ve E\u011fitim Merkezi\u2019ni kurarak \u00e7al\u0131\u015fmalar\u0131na burada devam etmektedir.<\/p>\n\n\n\n<p><strong>\u00dcYE OLDU\u011eU DERNEKLER:<\/strong><\/p>\n\n\n\n<ul class=\"wp-block-list\">\n<li>Psikoterapi Enstit\u00fcs\u00fc Derne\u011fi<\/li>\n\n\n\n<li>Hipnoz Derne\u011fi<\/li>\n<\/ul>\n<\/div><\/div>\n\n\n\n<hr class=\"wp-block-separator has-alpha-channel-opacity\"\/>\n\n\n\n<div class=\"wp-block-media-text alignwide is-stacked-on-mobile\"><figure class=\"wp-block-media-text__media\"><a href=\"https:\/\/canpsikoloji.com\/index.php\/klinik-psikolog-gamze-akyuz\/\"><img loading=\"lazy\" decoding=\"async\" width=\"259\" height=\"259\" src=\"https:\/\/canpsikoloji.com\/wp-content\/uploads\/2019\/10\/gamze-aky\u00fcz.jpeg\" alt=\"\" class=\"wp-image-354 size-full\" srcset=\"https:\/\/canpsikoloji.com\/wp-content\/uploads\/2019\/10\/gamze-aky\u00fcz.jpeg 259w, https:\/\/canpsikoloji.com\/wp-content\/uploads\/2019\/10\/gamze-aky\u00fcz-150x150.jpeg 150w\" sizes=\"auto, (max-width: 259px) 100vw, 259px\" \/><\/a><\/figure><div class=\"wp-block-media-text__content\">\n<p><strong>Klinik Psikolog Gamze AKY\u00dcZ<\/strong><\/p>\n\n\n\n<p>Psikoterapist \/ Psikolojik Dan\u0131\u015fman Gamze AKY\u00dcZ 1991 Y\u0131l\u0131nda Bursa\u2019da do\u011fmu\u015f olup Kocaeli\u2019de ikamet etmektedir.<\/p>\n\n\n\n<p><strong>\u00d6\u011eREN\u0130M:<\/strong><\/p>\n\n\n\n<ul class=\"wp-block-list\">\n<li>Lisans&nbsp; &nbsp; &nbsp; &nbsp; &nbsp; &nbsp; &nbsp; &nbsp;: Aksaray \u00dcniversitesi, Psikolojik Dan\u0131\u015fmanl\u0131k Ve Rehberlik<\/li>\n\n\n\n<li>Y\u00fcksek Lisans : \u0130stanbul Kent \u00dcniversitesi, Klinik Psikoloji<\/li>\n<\/ul>\n\n\n\n<p><strong>E\u011e\u0130T\u0130MLER:<\/strong><\/p>\n\n\n\n<ul class=\"wp-block-list\">\n<li>B\u00fct\u00fcnc\u00fcl Psikoterapi&nbsp; E\u011fitimi, Psikoterapi Enstit\u00fcs\u00fc, Uz. Dr. Tahir \u00d6zakka\u015f, 2017-2019<\/li>\n\n\n\n<li>Wisc-r Test E\u011fitimi, Mavi Mart\u0131 Psikoloji, , Uzm. Psik. Elif G\u00fcneri, 2017<\/li>\n\n\n\n<li>Cat E\u011fitimi \u0130stanbul Pdr-Derne\u011fi, Uzman Psik. Dan. Faz\u0131l Tatar, 2018<\/li>\n\n\n\n<li>B\u00fct\u00fcnc\u00fcl Oyun Terapisi E\u011fitimi, Klinik Psikolog Pekay Ayd\u0131n, 2019<\/li>\n\n\n\n<li>G\u00fcd\u00fclenme Sistemleri At\u00f6lye \u00c7al\u0131\u015fmas\u0131, Joseph D. Lichtenberg, 2019<\/li>\n<\/ul>\n\n\n\n<p><strong>DENEY\u0130M:<\/strong><\/p>\n\n\n\n<p>Aksaray \u00dcniversitesi Psikolojik Dan\u0131\u015fmanl\u0131k ve Rehberlik B\u00f6l\u00fcm\u00fcnden 2013 y\u0131l\u0131nda mezun olduktan sonra \u00e7e\u015fitli ilkokul, ortaokul gibi kurumlarda psikolog, psikolojik dan\u0131\u015fman olarak g\u00f6rev yapt\u0131.<\/p>\n\n\n\n<p>2019 y\u0131l\u0131 itibariyle Gebze\u2019de Can Psikoloji Dan\u0131\u015fmanl\u0131k ve E\u011fitim Merkezi\u2019nde Dan\u0131\u015fan g\u00f6rmektedir.<\/p>\n\n\n\n<p><strong>\u00dcYE OLDU\u011eU DERNEKLER:<\/strong><\/p>\n\n\n\n<ul class=\"wp-block-list\">\n<li>Psikoterapi Enstit\u00fcs\u00fc Derne\u011fi<\/li>\n\n\n\n<li>Hipnoz Derne\u011fi<\/li>\n<\/ul>\n<\/div><\/div>\n\n\n\n<hr class=\"wp-block-separator has-alpha-channel-opacity\"\/>\n\n\n\n<div class=\"wp-block-media-text alignwide is-stacked-on-mobile\"><figure class=\"wp-block-media-text__media\"><a href=\"https:\/\/canpsikoloji.com\/index.php\/psikolog-basak-canturk\/\"><img loading=\"lazy\" decoding=\"async\" width=\"1024\" height=\"1024\" src=\"https:\/\/canpsikoloji.com\/wp-content\/uploads\/2022\/11\/WhatsApp-Image-2022-11-08-at-11.21.41-1024x1024.jpeg\" alt=\"\" class=\"wp-image-769 size-full\" srcset=\"https:\/\/canpsikoloji.com\/wp-content\/uploads\/2022\/11\/WhatsApp-Image-2022-11-08-at-11.21.41-1024x1024.jpeg 1024w, https:\/\/canpsikoloji.com\/wp-content\/uploads\/2022\/11\/WhatsApp-Image-2022-11-08-at-11.21.41-300x300.jpeg 300w, https:\/\/canpsikoloji.com\/wp-content\/uploads\/2022\/11\/WhatsApp-Image-2022-11-08-at-11.21.41-150x150.jpeg 150w, https:\/\/canpsikoloji.com\/wp-content\/uploads\/2022\/11\/WhatsApp-Image-2022-11-08-at-11.21.41-768x768.jpeg 768w, https:\/\/canpsikoloji.com\/wp-content\/uploads\/2022\/11\/WhatsApp-Image-2022-11-08-at-11.21.41-1536x1536.jpeg 1536w, https:\/\/canpsikoloji.com\/wp-content\/uploads\/2022\/11\/WhatsApp-Image-2022-11-08-at-11.21.41.jpeg 1600w\" sizes=\"auto, (max-width: 1024px) 100vw, 1024px\" \/><\/a><\/figure><div class=\"wp-block-media-text__content\">\n<p><strong>Psikolog Ba\u015fak Cant\u00fcrk<\/strong><\/p>\n\n\n\n<p>Psikolog Ba\u015fak Cant\u00fcrk, 1993 y\u0131l\u0131nda \u0130stanbul\u2019da do\u011fmu\u015f olup Kocaeli\u2019de ikamet etmektedir.<\/p>\n\n\n\n<p><strong>\u00d6\u011eREN\u0130M:<\/strong><\/p>\n\n\n\n<ul class=\"wp-block-list\">\n<li>Lise&nbsp; &nbsp; &nbsp; &nbsp; &nbsp; &nbsp; &nbsp; &nbsp;: \u00dclk\u00fcn Yal\u00e7\u0131n Anadolu Lisesi<\/li>\n\n\n\n<li>Lisans&nbsp; &nbsp; &nbsp; &nbsp; &nbsp; &nbsp;: Abant \u0130zzet Baysal \u00dcniversitesi, Psikoloji<\/li>\n<\/ul>\n\n\n\n<p><strong>&nbsp;<\/strong><strong>E\u011e\u0130T\u0130MLER:<\/strong><\/p>\n\n\n\n<ul class=\"wp-block-list\">\n<li>AGTE<\/li>\n\n\n\n<li>\u00c7ocuklar ve Ergenler \u0130le EMDR 1.D\u00fczey- 2020-\u00dcmran KORKMAZLAR<\/li>\n\n\n\n<li>\u00c7ocuk Merkezli Oyun Terapisi-2018- Reyhana SEEDAT<\/li>\n\n\n\n<li>\u00c7ocukta \u00d6fke Sorunlar\u0131 ve Terapisi-2019-Mehmet TEBER<\/li>\n\n\n\n<li>\u00c7ocukta Cinsellik Sorunlar\u0131 ve Terapisi-2019-Mehmet TEBER<\/li>\n\n\n\n<li>\u00c7ocuk Psikopatalojisi-2018-Mehmet TEBER<\/li>\n\n\n\n<li>Oyun Terapisine Giri\u015f 2018-Mehmet TEBER<\/li>\n\n\n\n<li>\u00c7ocuk, Ba\u011flanma ve Ba\u011flanma Bozukluklar\u0131 2018-Mehmet TEBER<\/li>\n\n\n\n<li>\u00c7ocukla \u0130lk G\u00f6r\u00fc\u015fme-Aral\u0131k 2017-Mehmet TEBER<\/li>\n\n\n\n<li>\u00c7ocuk Psikolojisi-Ekim 2017-Mehmet TEBER<\/li>\n\n\n\n<li>Deneyimsel Oyun Terapisi I. D\u00fczey 2018-Nil\u00fcfer DEVEC\u0130G\u0130L<\/li>\n\n\n\n<li>EMDR 1. D\u00fczey E\u011fitimi-2019- DBE<\/li>\n\n\n\n<li>Kum Tepsisi Terapisi ve Sanat Terapisi-2019- Reyhana SEEDAT<\/li>\n\n\n\n<li>Metropolitan Okul Olgunlu\u011fu Testi<\/li>\n\n\n\n<li>Moxo Dikkat Testi<\/li>\n<\/ul>\n\n\n\n<p><strong>DENEY\u0130M:<\/strong><\/p>\n\n\n\n<ul class=\"wp-block-list\">\n<li>01.10.2015 \u2013 09.08.2016, \u00d6zel Yumurcak Kre\u015f Ve G\u00fcnd\u00fcz Bak\u0131m Evi, Psikolog \/ Sorumlu M\u00fcd\u00fcr<\/li>\n\n\n\n<li>21.01.2017 \u2013 31.08.2018, Nar Psikoterapi ve Dan\u0131\u015fmanl\u0131k, Asistan Psikolog<\/li>\n\n\n\n<li>01.08.2017 \u2013 Devam, \u00d6zel Sevgi Mutlukent G\u00fcnd\u00fcz Bak\u0131m Evi: Sorumlu M\u00fcd\u00fcr \/ Psikolog<\/li>\n<\/ul>\n<\/div><\/div>\n\n\n\n<hr class=\"wp-block-separator has-alpha-channel-opacity\"\/>\n\n\n\n<div class=\"wp-block-media-text alignwide is-stacked-on-mobile\"><figure class=\"wp-block-media-text__media\"><a href=\"https:\/\/canpsikoloji.com\/index.php\/klinik-psikolog-abdullah-korkmaz\/\"><img loading=\"lazy\" decoding=\"async\" width=\"680\" height=\"1024\" src=\"https:\/\/canpsikoloji.com\/wp-content\/uploads\/2022\/11\/WhatsApp-Image-2022-11-10-at-12.48.22-680x1024.jpeg\" alt=\"\" class=\"wp-image-775 size-full\" srcset=\"https:\/\/canpsikoloji.com\/wp-content\/uploads\/2022\/11\/WhatsApp-Image-2022-11-10-at-12.48.22-680x1024.jpeg 680w, https:\/\/canpsikoloji.com\/wp-content\/uploads\/2022\/11\/WhatsApp-Image-2022-11-10-at-12.48.22-199x300.jpeg 199w, https:\/\/canpsikoloji.com\/wp-content\/uploads\/2022\/11\/WhatsApp-Image-2022-11-10-at-12.48.22-768x1157.jpeg 768w, https:\/\/canpsikoloji.com\/wp-content\/uploads\/2022\/11\/WhatsApp-Image-2022-11-10-at-12.48.22-1020x1536.jpeg 1020w, https:\/\/canpsikoloji.com\/wp-content\/uploads\/2022\/11\/WhatsApp-Image-2022-11-10-at-12.48.22.jpeg 1062w\" sizes=\"auto, (max-width: 680px) 100vw, 680px\" \/><\/a><\/figure><div class=\"wp-block-media-text__content\">\n<p><strong>Klinik Psikolog Abdullah Korkmaz<\/strong><\/p>\n\n\n\n<p>Klinik Psikolog Abdullah Korkmaz<\/p>\n\n\n\n<p><strong>\u00d6\u011eREN\u0130M:<\/strong><\/p>\n\n\n\n<ul class=\"wp-block-list\">\n<li>Lisans&nbsp; &nbsp; &nbsp; &nbsp; &nbsp; &nbsp;&nbsp; &nbsp;: Pamukkale \u00dcniversitesi, Psikolojik Dan\u0131\u015fmanl\u0131k Ve Rehberlik<\/li>\n\n\n\n<li>Y\u00fcksek Lisans : \u0130stanbul Kent \u00dcniversitesi, Klinik Psikoloji<\/li>\n<\/ul>\n\n\n\n<p><strong>E\u011e\u0130T\u0130MLER:<\/strong><\/p>\n\n\n\n<ul class=\"wp-block-list\">\n<li>B\u00fct\u00fcnc\u00fcl Psikoterapi&nbsp; E\u011fitimi, Psikoterapi Enstit\u00fcs\u00fc, Uz. Dr. Tahir \u00d6zakka\u015f, 2017-2019 Teori, Form\u00fclasyon<\/li>\n\n\n\n<li>Aktar\u0131m Odakl\u0131 Psikoterapi, Prof. Dr. Do\u011fan \u015eahin<\/li>\n\n\n\n<li>\u00dcst D\u00fczey Ki\u015filik Bozukluklar\u0131nda Dinamik Psikoterapi<\/li>\n\n\n\n<li>Psikodinamik Psikoterapi Seminerleri, Suzan U\u011fur Girginer<\/li>\n\n\n\n<li>PACT \u00c7ift Terapisi E\u011fitimi, Stan Tatkin<\/li>\n\n\n\n<li>Duygu Odakl\u0131 \u00c7ift Terapisi, Do\u00e7at, Senem Zeytino\u011flu<\/li>\n\n\n\n<li>Cinsel Terapi ve \u00c7ift Terapisi E\u011fitimi, Cebrail K\u0131sa<\/li>\n\n\n\n<li>Aktar\u0131m Odakl\u0131 Psikoterapi S\u00fcpervizyonu, Nazan Parlak<\/li>\n\n\n\n<li>EMDR, Davran\u0131\u015f Bilimleri Enstit\u00fcs\u00fc, Emre Konuk<\/li>\n\n\n\n<li>HYT, Haluk Alan<\/li>\n<\/ul>\n\n\n\n<p><strong>DENEY\u0130M:<\/strong><\/p>\n\n\n\n<p>Pamukkale \u00dcniversitesi Psikolojik Dan\u0131\u015fmanl\u0131k ve Rehberlik B\u00f6l\u00fcm\u00fcnden 2010 y\u0131l\u0131nda mezun olduktan sonra \u00e7e\u015fitli ilkokul, ortaokul gibi kurumlarda psikolog, psikolojik dan\u0131\u015fman olarak g\u00f6rev yapt\u0131.<\/p>\n\n\n\n<p>2018 y\u0131l\u0131 itibariyle Gebze\u2019de Can Psikoloji Dan\u0131\u015fmanl\u0131k ve E\u011fitim Merkezi\u2019nde Dan\u0131\u015fan g\u00f6rmektedir.<\/p>\n\n\n\n<p><strong>\u00dcYE OLDU\u011eU DERNEKLER:<\/strong><\/p>\n\n\n\n<ul class=\"wp-block-list\">\n<li>Psikoterapi Enstit\u00fcs\u00fc Derne\u011fi<\/li>\n\n\n\n<li>Hipnoz Derne\u011fi<\/li>\n<\/ul>\n<\/div><\/div>\n\n\n\n<hr class=\"wp-block-separator has-alpha-channel-opacity\"\/>\n\n\n\n<div class=\"wp-block-media-text is-stacked-on-mobile\"><figure class=\"wp-block-media-text__media\"><img loading=\"lazy\" decoding=\"async\" width=\"168\" height=\"210\" src=\"https:\/\/canpsikoloji.com\/wp-content\/uploads\/2023\/10\/BURCU-SEN.jpg\" alt=\"\" class=\"wp-image-828 size-full\"\/><\/figure><div class=\"wp-block-media-text__content\">\n<p><strong>Psikolojik Dan\u0131\u015fman Burcu \u015eEN<\/strong><\/p>\n\n\n\n<p>Psikolojik Dan\u0131\u015fman Burcu \u015eEN, 1990 y\u0131l\u0131nda Ankara\u2019da do\u011fmu\u015f olup Kocaeli\u2019de ikamet etmektedir.<\/p>\n\n\n\n<p><strong>\u00d6\u011eREN\u0130M:<\/strong><\/p>\n\n\n\n<ul class=\"wp-block-list\">\n<li>Lise&nbsp; &nbsp; &nbsp;&nbsp; &nbsp;: Etimesgut Anadolu Lisesi<\/li>\n\n\n\n<li>Lisans&nbsp;&nbsp; &nbsp;: Gazi \u00dcniversitesi- Rehberlik ve Psikolojik Dan\u0131\u015fmanl\u0131k<\/li>\n<\/ul>\n\n\n\n<p><strong>&nbsp;E\u011e\u0130T\u0130MLER:<\/strong><\/p>\n\n\n\n<ul class=\"wp-block-list\">\n<li>EMDR 1. D\u00fczey- Emre Konuk-EMDR Derne\u011fi- 2023<\/li>\n\n\n\n<li>Cinsel Terapi E\u011fitimi \u2013Cem KE\u00c7E-C\u0130SED- 2023<\/li>\n\n\n\n<li>Bili\u015fsel Davran\u0131\u015f\u00e7\u0131 Terapi E\u011fitimi-Prof. Dr. Murad ATMACA-Aktif Psikoloji Akademisi-2022<\/li>\n\n\n\n<li>\u00c7ocuk Merkezli Oyun Terapisi- Elif MAC\u0130T-2022<\/li>\n\n\n\n<li>Filial Terapi-Elif Macit-2022<\/li>\n<\/ul>\n\n\n\n<p><strong>DENEY\u0130M:<\/strong><\/p>\n\n\n\n<p>Gazi \u00dcniversitesi Psikolojik Dan\u0131\u015fmanl\u0131k ve Rehberlik B\u00f6l\u00fcm\u00fcnden 2014 y\u0131l\u0131nda mezun olduktan sonra \u00e7e\u015fitli ilkokul, ortaokul, RAM gibi kurumlarda psikolojik dan\u0131\u015fman olarak \u00e7al\u0131\u015ft\u0131.<\/p>\n\n\n\n<p>2022 y\u0131l\u0131 itibariyle Gebze\u2019de Can Psikoloji Dan\u0131\u015fmanl\u0131k ve E\u011fitim Merkezi\u2019nde Dan\u0131\u015fan g\u00f6rmektedir.<\/p>\n\n\n\n<p><strong>\u00dcYE OLDU\u011eU DERNEKLER:<\/strong><\/p>\n\n\n\n<ul class=\"wp-block-list\">\n<li>EMDR Derne\u011fi<\/li>\n<\/ul>\n<\/div><\/div>\n\n\n\n<p><\/p>\n","protected":false},"excerpt":{"rendered":"","protected":false},"author":1,"featured_media":0,"parent":0,"menu_order":0,"comment_status":"closed","ping_status":"closed","template":"","meta":{"footnotes":""},"class_list":["post-56","page","type-page","status-publish","hentry"],"yoast_head":"<!-- This site is optimized with the Yoast SEO plugin v24.9 - https:\/\/yoast.com\/wordpress\/plugins\/seo\/ -->\n<title>Uzmanlar\u0131m\u0131z - Can Psikoloji Dan\u0131\u015fmanl\u0131k Merkezi<\/title>\n<meta name=\"robots\" content=\"index, follow, max-snippet:-1, max-image-preview:large, max-video-preview:-1\" \/>\n<link rel=\"canonical\" href=\"https:\/\/canpsikoloji.com\/index.php\/uzmanlarimiz-2\/\" \/>\n<meta property=\"og:locale\" content=\"tr_TR\" \/>\n<meta property=\"og:type\" content=\"article\" \/>\n<meta property=\"og:title\" content=\"Uzmanlar\u0131m\u0131z - Can Psikoloji Dan\u0131\u015fmanl\u0131k Merkezi\" \/>\n<meta property=\"og:url\" content=\"https:\/\/canpsikoloji.com\/index.php\/uzmanlarimiz-2\/\" \/>\n<meta property=\"og:site_name\" content=\"Can Psikoloji Dan\u0131\u015fmanl\u0131k Merkezi\" \/>\n<meta property=\"article:modified_time\" content=\"2025-12-03T07:08:19+00:00\" \/>\n<meta property=\"og:image\" content=\"https:\/\/canpsikoloji.com\/wp-content\/uploads\/2022\/11\/IMG-20221122-WA0031.jpg\" \/>\n\t<meta property=\"og:image:width\" content=\"1402\" \/>\n\t<meta property=\"og:image:height\" content=\"1462\" \/>\n\t<meta property=\"og:image:type\" content=\"image\/jpeg\" \/>\n<meta name=\"twitter:card\" content=\"summary_large_image\" \/>\n<meta name=\"twitter:label1\" content=\"Tahmini okuma s\u00fcresi\" \/>\n\t<meta name=\"twitter:data1\" content=\"5 dakika\" \/>\n<script type=\"application\/ld+json\" class=\"yoast-schema-graph\">{\"@context\":\"https:\/\/schema.org\",\"@graph\":[{\"@type\":\"WebPage\",\"@id\":\"https:\/\/canpsikoloji.com\/index.php\/uzmanlarimiz-2\/\",\"url\":\"https:\/\/canpsikoloji.com\/index.php\/uzmanlarimiz-2\/\",\"name\":\"Uzmanlar\u0131m\u0131z - Can Psikoloji Dan\u0131\u015fmanl\u0131k Merkezi\",\"isPartOf\":{\"@id\":\"https:\/\/canpsikoloji.com\/#website\"},\"primaryImageOfPage\":{\"@id\":\"https:\/\/canpsikoloji.com\/index.php\/uzmanlarimiz-2\/#primaryimage\"},\"image\":{\"@id\":\"https:\/\/canpsikoloji.com\/index.php\/uzmanlarimiz-2\/#primaryimage\"},\"thumbnailUrl\":\"https:\/\/canpsikoloji.com\/wp-content\/uploads\/2022\/11\/IMG-20221122-WA0031-982x1024.jpg\",\"datePublished\":\"2018-11-02T14:23:21+00:00\",\"dateModified\":\"2025-12-03T07:08:19+00:00\",\"breadcrumb\":{\"@id\":\"https:\/\/canpsikoloji.com\/index.php\/uzmanlarimiz-2\/#breadcrumb\"},\"inLanguage\":\"tr\",\"potentialAction\":[{\"@type\":\"ReadAction\",\"target\":[\"https:\/\/canpsikoloji.com\/index.php\/uzmanlarimiz-2\/\"]}]},{\"@type\":\"ImageObject\",\"inLanguage\":\"tr\",\"@id\":\"https:\/\/canpsikoloji.com\/index.php\/uzmanlarimiz-2\/#primaryimage\",\"url\":\"https:\/\/canpsikoloji.com\/wp-content\/uploads\/2022\/11\/IMG-20221122-WA0031.jpg\",\"contentUrl\":\"https:\/\/canpsikoloji.com\/wp-content\/uploads\/2022\/11\/IMG-20221122-WA0031.jpg\",\"width\":1402,\"height\":1462},{\"@type\":\"BreadcrumbList\",\"@id\":\"https:\/\/canpsikoloji.com\/index.php\/uzmanlarimiz-2\/#breadcrumb\",\"itemListElement\":[{\"@type\":\"ListItem\",\"position\":1,\"name\":\"Ana sayfa\",\"item\":\"https:\/\/canpsikoloji.com\/\"},{\"@type\":\"ListItem\",\"position\":2,\"name\":\"Uzmanlar\u0131m\u0131z\"}]},{\"@type\":\"WebSite\",\"@id\":\"https:\/\/canpsikoloji.com\/#website\",\"url\":\"https:\/\/canpsikoloji.com\/\",\"name\":\"Can Psikoloji Dan\u0131\u015fmanl\u0131k ve E\u011fitim Merkezi\",\"description\":\"\",\"publisher\":{\"@id\":\"https:\/\/canpsikoloji.com\/#organization\"},\"potentialAction\":[{\"@type\":\"SearchAction\",\"target\":{\"@type\":\"EntryPoint\",\"urlTemplate\":\"https:\/\/canpsikoloji.com\/?s={search_term_string}\"},\"query-input\":{\"@type\":\"PropertyValueSpecification\",\"valueRequired\":true,\"valueName\":\"search_term_string\"}}],\"inLanguage\":\"tr\"},{\"@type\":\"Organization\",\"@id\":\"https:\/\/canpsikoloji.com\/#organization\",\"name\":\"Can Psikoloji Dan\u0131\u015fmanl\u0131k ve E\u011fitim Merkezi\",\"url\":\"https:\/\/canpsikoloji.com\/\",\"logo\":{\"@type\":\"ImageObject\",\"inLanguage\":\"tr\",\"@id\":\"https:\/\/canpsikoloji.com\/#\/schema\/logo\/image\/\",\"url\":\"https:\/\/canpsikoloji.com\/wp-content\/uploads\/2018\/11\/CAN-PS\u0130KOLOJ\u0130-KAPI-ORTALADIM-1.jpg\",\"contentUrl\":\"https:\/\/canpsikoloji.com\/wp-content\/uploads\/2018\/11\/CAN-PS\u0130KOLOJ\u0130-KAPI-ORTALADIM-1.jpg\",\"width\":2021,\"height\":948,\"caption\":\"Can Psikoloji Dan\u0131\u015fmanl\u0131k ve E\u011fitim Merkezi\"},\"image\":{\"@id\":\"https:\/\/canpsikoloji.com\/#\/schema\/logo\/image\/\"},\"sameAs\":[\"https:\/\/www.instagram.com\/canpsikoloji\"]}]}<\/script>\n<!-- \/ Yoast SEO plugin. -->","yoast_head_json":{"title":"Uzmanlar\u0131m\u0131z - Can Psikoloji Dan\u0131\u015fmanl\u0131k Merkezi","robots":{"index":"index","follow":"follow","max-snippet":"max-snippet:-1","max-image-preview":"max-image-preview:large","max-video-preview":"max-video-preview:-1"},"canonical":"https:\/\/canpsikoloji.com\/index.php\/uzmanlarimiz-2\/","og_locale":"tr_TR","og_type":"article","og_title":"Uzmanlar\u0131m\u0131z - Can Psikoloji Dan\u0131\u015fmanl\u0131k Merkezi","og_url":"https:\/\/canpsikoloji.com\/index.php\/uzmanlarimiz-2\/","og_site_name":"Can Psikoloji Dan\u0131\u015fmanl\u0131k Merkezi","article_modified_time":"2025-12-03T07:08:19+00:00","og_image":[{"width":1402,"height":1462,"url":"https:\/\/canpsikoloji.com\/wp-content\/uploads\/2022\/11\/IMG-20221122-WA0031.jpg","type":"image\/jpeg"}],"twitter_card":"summary_large_image","twitter_misc":{"Tahmini okuma s\u00fcresi":"5 dakika"},"schema":{"@context":"https:\/\/schema.org","@graph":[{"@type":"WebPage","@id":"https:\/\/canpsikoloji.com\/index.php\/uzmanlarimiz-2\/","url":"https:\/\/canpsikoloji.com\/index.php\/uzmanlarimiz-2\/","name":"Uzmanlar\u0131m\u0131z - Can Psikoloji Dan\u0131\u015fmanl\u0131k Merkezi","isPartOf":{"@id":"https:\/\/canpsikoloji.com\/#website"},"primaryImageOfPage":{"@id":"https:\/\/canpsikoloji.com\/index.php\/uzmanlarimiz-2\/#primaryimage"},"image":{"@id":"https:\/\/canpsikoloji.com\/index.php\/uzmanlarimiz-2\/#primaryimage"},"thumbnailUrl":"https:\/\/canpsikoloji.com\/wp-content\/uploads\/2022\/11\/IMG-20221122-WA0031-982x1024.jpg","datePublished":"2018-11-02T14:23:21+00:00","dateModified":"2025-12-03T07:08:19+00:00","breadcrumb":{"@id":"https:\/\/canpsikoloji.com\/index.php\/uzmanlarimiz-2\/#breadcrumb"},"inLanguage":"tr","potentialAction":[{"@type":"ReadAction","target":["https:\/\/canpsikoloji.com\/index.php\/uzmanlarimiz-2\/"]}]},{"@type":"ImageObject","inLanguage":"tr","@id":"https:\/\/canpsikoloji.com\/index.php\/uzmanlarimiz-2\/#primaryimage","url":"https:\/\/canpsikoloji.com\/wp-content\/uploads\/2022\/11\/IMG-20221122-WA0031.jpg","contentUrl":"https:\/\/canpsikoloji.com\/wp-content\/uploads\/2022\/11\/IMG-20221122-WA0031.jpg","width":1402,"height":1462},{"@type":"BreadcrumbList","@id":"https:\/\/canpsikoloji.com\/index.php\/uzmanlarimiz-2\/#breadcrumb","itemListElement":[{"@type":"ListItem","position":1,"name":"Ana sayfa","item":"https:\/\/canpsikoloji.com\/"},{"@type":"ListItem","position":2,"name":"Uzmanlar\u0131m\u0131z"}]},{"@type":"WebSite","@id":"https:\/\/canpsikoloji.com\/#website","url":"https:\/\/canpsikoloji.com\/","name":"Can Psikoloji Dan\u0131\u015fmanl\u0131k ve E\u011fitim Merkezi","description":"","publisher":{"@id":"https:\/\/canpsikoloji.com\/#organization"},"potentialAction":[{"@type":"SearchAction","target":{"@type":"EntryPoint","urlTemplate":"https:\/\/canpsikoloji.com\/?s={search_term_string}"},"query-input":{"@type":"PropertyValueSpecification","valueRequired":true,"valueName":"search_term_string"}}],"inLanguage":"tr"},{"@type":"Organization","@id":"https:\/\/canpsikoloji.com\/#organization","name":"Can Psikoloji Dan\u0131\u015fmanl\u0131k ve E\u011fitim Merkezi","url":"https:\/\/canpsikoloji.com\/","logo":{"@type":"ImageObject","inLanguage":"tr","@id":"https:\/\/canpsikoloji.com\/#\/schema\/logo\/image\/","url":"https:\/\/canpsikoloji.com\/wp-content\/uploads\/2018\/11\/CAN-PS\u0130KOLOJ\u0130-KAPI-ORTALADIM-1.jpg","contentUrl":"https:\/\/canpsikoloji.com\/wp-content\/uploads\/2018\/11\/CAN-PS\u0130KOLOJ\u0130-KAPI-ORTALADIM-1.jpg","width":2021,"height":948,"caption":"Can Psikoloji Dan\u0131\u015fmanl\u0131k ve E\u011fitim Merkezi"},"image":{"@id":"https:\/\/canpsikoloji.com\/#\/schema\/logo\/image\/"},"sameAs":["https:\/\/www.instagram.com\/canpsikoloji"]}]}},"_links":{"self":[{"href":"https:\/\/canpsikoloji.com\/index.php\/wp-json\/wp\/v2\/pages\/56","targetHints":{"allow":["GET"]}}],"collection":[{"href":"https:\/\/canpsikoloji.com\/index.php\/wp-json\/wp\/v2\/pages"}],"about":[{"href":"https:\/\/canpsikoloji.com\/index.php\/wp-json\/wp\/v2\/types\/page"}],"author":[{"embeddable":true,"href":"https:\/\/canpsikoloji.com\/index.php\/wp-json\/wp\/v2\/users\/1"}],"replies":[{"embeddable":true,"href":"https:\/\/canpsikoloji.com\/index.php\/wp-json\/wp\/v2\/comments?post=56"}],"version-history":[{"count":30,"href":"https:\/\/canpsikoloji.com\/index.php\/wp-json\/wp\/v2\/pages\/56\/revisions"}],"predecessor-version":[{"id":840,"href":"https:\/\/canpsikoloji.com\/index.php\/wp-json\/wp\/v2\/pages\/56\/revisions\/840"}],"wp:attachment":[{"href":"https:\/\/canpsikoloji.com\/index.php\/wp-json\/wp\/v2\/media?parent=56"}],"curies":[{"name":"wp","href":"https:\/\/api.w.org\/{rel}","templated":true}]}}