{"id":623,"date":"2020-08-22T20:02:54","date_gmt":"2020-08-22T17:02:54","guid":{"rendered":"https:\/\/canpsikoloji.com\/?page_id=623"},"modified":"2022-11-08T11:23:23","modified_gmt":"2022-11-08T08:23:23","slug":"psikolog-basak-canturk","status":"publish","type":"page","link":"https:\/\/canpsikoloji.com\/index.php\/psikolog-basak-canturk\/","title":{"rendered":"Psikolog Ba\u015fak Cant\u00fcrk"},"content":{"rendered":"<p><img loading=\"lazy\" decoding=\"async\" class=\"size-medium wp-image-769 aligncenter\" src=\"https:\/\/canpsikoloji.com\/wp-content\/uploads\/2022\/11\/WhatsApp-Image-2022-11-08-at-11.21.41-300x300.jpeg\" alt=\"\" width=\"300\" height=\"300\" srcset=\"https:\/\/canpsikoloji.com\/wp-content\/uploads\/2022\/11\/WhatsApp-Image-2022-11-08-at-11.21.41-300x300.jpeg 300w, https:\/\/canpsikoloji.com\/wp-content\/uploads\/2022\/11\/WhatsApp-Image-2022-11-08-at-11.21.41-1024x1024.jpeg 1024w, https:\/\/canpsikoloji.com\/wp-content\/uploads\/2022\/11\/WhatsApp-Image-2022-11-08-at-11.21.41-150x150.jpeg 150w, https:\/\/canpsikoloji.com\/wp-content\/uploads\/2022\/11\/WhatsApp-Image-2022-11-08-at-11.21.41-768x768.jpeg 768w, https:\/\/canpsikoloji.com\/wp-content\/uploads\/2022\/11\/WhatsApp-Image-2022-11-08-at-11.21.41-1536x1536.jpeg 1536w, https:\/\/canpsikoloji.com\/wp-content\/uploads\/2022\/11\/WhatsApp-Image-2022-11-08-at-11.21.41.jpeg 1600w\" sizes=\"auto, (max-width: 300px) 100vw, 300px\" \/><\/p>\n<p>Psikolog Ba\u015fak Cant\u00fcrk, 1993 y\u0131l\u0131nda \u0130stanbul\u2019da do\u011fmu\u015f olup Kocaeli\u2019de ikamet etmektedir.<\/p>\n<p><strong>\u00d6\u011eREN\u0130M:<\/strong><\/p>\n<ul>\n<li>Lise\u00a0 \u00a0 \u00a0 \u00a0 \u00a0 \u00a0 \u00a0 \u00a0: \u00dclk\u00fcn Yal\u00e7\u0131n Anadolu Lisesi<\/li>\n<li>Lisans\u00a0 \u00a0 \u00a0 \u00a0 \u00a0 \u00a0: Abant \u0130zzet Baysal \u00dcniversitesi, Psikoloji<\/li>\n<\/ul>\n<p><strong>\u00a0<\/strong><strong>E\u011e\u0130T\u0130MLER:<\/strong><\/p>\n<ul>\n<li>AGTE<\/li>\n<li>\u00c7ocuklar ve Ergenler \u0130le EMDR 1.D\u00fczey- 2020-\u00dcmran KORKMAZLAR<\/li>\n<li>\u00c7ocuk Merkezli Oyun Terapisi-2018- Reyhana SEEDAT<\/li>\n<li>\u00c7ocukta \u00d6fke Sorunlar\u0131 ve Terapisi-2019-Mehmet TEBER<\/li>\n<li>\u00c7ocukta Cinsellik Sorunlar\u0131 ve Terapisi-2019-Mehmet TEBER<\/li>\n<li>\u00c7ocuk Psikopatalojisi-2018-Mehmet TEBER<\/li>\n<li>Oyun Terapisine Giri\u015f 2018-Mehmet TEBER<\/li>\n<li>\u00c7ocuk, Ba\u011flanma ve Ba\u011flanma Bozukluklar\u0131 2018-Mehmet TEBER<\/li>\n<li>\u00c7ocukla \u0130lk G\u00f6r\u00fc\u015fme-Aral\u0131k 2017-Mehmet TEBER<\/li>\n<li>\u00c7ocuk Psikolojisi-Ekim 2017-Mehmet TEBER<\/li>\n<li>Deneyimsel Oyun Terapisi I. D\u00fczey 2018-Nil\u00fcfer DEVEC\u0130G\u0130L<\/li>\n<li>EMDR 1. D\u00fczey E\u011fitimi-2019- DBE<\/li>\n<li>Kum Tepsisi Terapisi ve Sanat Terapisi-2019- Reyhana SEEDAT<\/li>\n<li>Metropolitan Okul Olgunlu\u011fu Testi<\/li>\n<li>Moxo Dikkat Testi<\/li>\n<\/ul>\n<p><strong>DENEY\u0130M:<\/strong><\/p>\n<ul>\n<li>01.10.2015 \u2013 09.08.2016, \u00d6zel Yumurcak Kre\u015f Ve G\u00fcnd\u00fcz Bak\u0131m Evi, Psikolog \/ Sorumlu M\u00fcd\u00fcr<\/li>\n<li>21.01.2017 \u2013 31.08.2018, Nar Psikoterapi ve Dan\u0131\u015fmanl\u0131k, Asistan Psikolog<\/li>\n<li>01.08.2017 \u2013 Devam, \u00d6zel Sevgi Mutlukent G\u00fcnd\u00fcz Bak\u0131m Evi: Sorumlu M\u00fcd\u00fcr \/ Psikolog<\/li>\n<\/ul>\n","protected":false},"excerpt":{"rendered":"<p class=\"qua-blog-post-description\">Psikolog Ba\u015fak Cant\u00fcrk, 1993 y\u0131l\u0131nda \u0130stanbul\u2019da do\u011fmu\u015f olup Kocaeli\u2019de ikamet etmektedir. \u00d6\u011eREN\u0130M: Lise\u00a0 \u00a0 \u00a0 \u00a0 \u00a0 \u00a0 \u00a0 \u00a0: \u00dclk\u00fcn Yal\u00e7\u0131n Anadolu Lisesi Lisans\u00a0 \u00a0 \u00a0 \u00a0 \u00a0 \u00a0: Abant \u0130zzet Baysal \u00dcniversitesi, Psikoloji \u00a0E\u011e\u0130T\u0130MLER: AGTE \u00c7ocuklar ve Ergenler \u0130le EMDR 1.D\u00fczey- 2020-\u00dcmran KORKMAZLAR \u00c7ocuk Merkezli Oyun Terapisi-2018- Reyhana SEEDAT \u00c7ocukta \u00d6fke Sorunlar\u0131 ve [&hellip;]<\/p>\n","protected":false},"author":1,"featured_media":0,"parent":0,"menu_order":0,"comment_status":"closed","ping_status":"closed","template":"","meta":{"footnotes":""},"class_list":["post-623","page","type-page","status-publish","hentry"],"yoast_head":"<!-- This site is optimized with the Yoast SEO plugin v24.9 - https:\/\/yoast.com\/wordpress\/plugins\/seo\/ -->\n<title>Psikolog Ba\u015fak Cant\u00fcrk - Can Psikoloji Dan\u0131\u015fmanl\u0131k Merkezi<\/title>\n<meta name=\"robots\" content=\"index, follow, max-snippet:-1, max-image-preview:large, max-video-preview:-1\" \/>\n<link rel=\"canonical\" href=\"https:\/\/canpsikoloji.com\/index.php\/psikolog-basak-canturk\/\" \/>\n<meta property=\"og:locale\" content=\"tr_TR\" \/>\n<meta property=\"og:type\" content=\"article\" \/>\n<meta property=\"og:title\" content=\"Psikolog Ba\u015fak Cant\u00fcrk - Can Psikoloji Dan\u0131\u015fmanl\u0131k Merkezi\" \/>\n<meta property=\"og:description\" content=\"Psikolog Ba\u015fak Cant\u00fcrk, 1993 y\u0131l\u0131nda \u0130stanbul\u2019da do\u011fmu\u015f olup Kocaeli\u2019de ikamet etmektedir. \u00d6\u011eREN\u0130M: Lise\u00a0 \u00a0 \u00a0 \u00a0 \u00a0 \u00a0 \u00a0 \u00a0: \u00dclk\u00fcn Yal\u00e7\u0131n Anadolu Lisesi Lisans\u00a0 \u00a0 \u00a0 \u00a0 \u00a0 \u00a0: Abant \u0130zzet Baysal \u00dcniversitesi, Psikoloji \u00a0E\u011e\u0130T\u0130MLER: AGTE \u00c7ocuklar ve Ergenler \u0130le EMDR 1.D\u00fczey- 2020-\u00dcmran KORKMAZLAR \u00c7ocuk Merkezli Oyun Terapisi-2018- Reyhana SEEDAT \u00c7ocukta \u00d6fke Sorunlar\u0131 ve [&hellip;]\" \/>\n<meta property=\"og:url\" content=\"https:\/\/canpsikoloji.com\/index.php\/psikolog-basak-canturk\/\" \/>\n<meta property=\"og:site_name\" content=\"Can Psikoloji Dan\u0131\u015fmanl\u0131k Merkezi\" \/>\n<meta property=\"article:modified_time\" content=\"2022-11-08T08:23:23+00:00\" \/>\n<meta property=\"og:image\" content=\"https:\/\/canpsikoloji.com\/wp-content\/uploads\/2022\/11\/WhatsApp-Image-2022-11-08-at-11.21.41-300x300.jpeg\" \/>\n<meta name=\"twitter:card\" content=\"summary_large_image\" \/>\n<meta name=\"twitter:label1\" content=\"Tahmini okuma s\u00fcresi\" \/>\n\t<meta name=\"twitter:data1\" content=\"2 dakika\" \/>\n<script type=\"application\/ld+json\" class=\"yoast-schema-graph\">{\"@context\":\"https:\/\/schema.org\",\"@graph\":[{\"@type\":\"WebPage\",\"@id\":\"https:\/\/canpsikoloji.com\/index.php\/psikolog-basak-canturk\/\",\"url\":\"https:\/\/canpsikoloji.com\/index.php\/psikolog-basak-canturk\/\",\"name\":\"Psikolog Ba\u015fak Cant\u00fcrk - Can Psikoloji Dan\u0131\u015fmanl\u0131k Merkezi\",\"isPartOf\":{\"@id\":\"https:\/\/canpsikoloji.com\/#website\"},\"primaryImageOfPage\":{\"@id\":\"https:\/\/canpsikoloji.com\/index.php\/psikolog-basak-canturk\/#primaryimage\"},\"image\":{\"@id\":\"https:\/\/canpsikoloji.com\/index.php\/psikolog-basak-canturk\/#primaryimage\"},\"thumbnailUrl\":\"https:\/\/canpsikoloji.com\/wp-content\/uploads\/2022\/11\/WhatsApp-Image-2022-11-08-at-11.21.41-300x300.jpeg\",\"datePublished\":\"2020-08-22T17:02:54+00:00\",\"dateModified\":\"2022-11-08T08:23:23+00:00\",\"breadcrumb\":{\"@id\":\"https:\/\/canpsikoloji.com\/index.php\/psikolog-basak-canturk\/#breadcrumb\"},\"inLanguage\":\"tr\",\"potentialAction\":[{\"@type\":\"ReadAction\",\"target\":[\"https:\/\/canpsikoloji.com\/index.php\/psikolog-basak-canturk\/\"]}]},{\"@type\":\"ImageObject\",\"inLanguage\":\"tr\",\"@id\":\"https:\/\/canpsikoloji.com\/index.php\/psikolog-basak-canturk\/#primaryimage\",\"url\":\"https:\/\/canpsikoloji.com\/wp-content\/uploads\/2022\/11\/WhatsApp-Image-2022-11-08-at-11.21.41.jpeg\",\"contentUrl\":\"https:\/\/canpsikoloji.com\/wp-content\/uploads\/2022\/11\/WhatsApp-Image-2022-11-08-at-11.21.41.jpeg\",\"width\":1600,\"height\":1600},{\"@type\":\"BreadcrumbList\",\"@id\":\"https:\/\/canpsikoloji.com\/index.php\/psikolog-basak-canturk\/#breadcrumb\",\"itemListElement\":[{\"@type\":\"ListItem\",\"position\":1,\"name\":\"Ana sayfa\",\"item\":\"https:\/\/canpsikoloji.com\/\"},{\"@type\":\"ListItem\",\"position\":2,\"name\":\"Psikolog Ba\u015fak Cant\u00fcrk\"}]},{\"@type\":\"WebSite\",\"@id\":\"https:\/\/canpsikoloji.com\/#website\",\"url\":\"https:\/\/canpsikoloji.com\/\",\"name\":\"Can Psikoloji Dan\u0131\u015fmanl\u0131k ve E\u011fitim Merkezi\",\"description\":\"\",\"publisher\":{\"@id\":\"https:\/\/canpsikoloji.com\/#organization\"},\"potentialAction\":[{\"@type\":\"SearchAction\",\"target\":{\"@type\":\"EntryPoint\",\"urlTemplate\":\"https:\/\/canpsikoloji.com\/?s={search_term_string}\"},\"query-input\":{\"@type\":\"PropertyValueSpecification\",\"valueRequired\":true,\"valueName\":\"search_term_string\"}}],\"inLanguage\":\"tr\"},{\"@type\":\"Organization\",\"@id\":\"https:\/\/canpsikoloji.com\/#organization\",\"name\":\"Can Psikoloji Dan\u0131\u015fmanl\u0131k ve E\u011fitim Merkezi\",\"url\":\"https:\/\/canpsikoloji.com\/\",\"logo\":{\"@type\":\"ImageObject\",\"inLanguage\":\"tr\",\"@id\":\"https:\/\/canpsikoloji.com\/#\/schema\/logo\/image\/\",\"url\":\"https:\/\/canpsikoloji.com\/wp-content\/uploads\/2018\/11\/CAN-PS\u0130KOLOJ\u0130-KAPI-ORTALADIM-1.jpg\",\"contentUrl\":\"https:\/\/canpsikoloji.com\/wp-content\/uploads\/2018\/11\/CAN-PS\u0130KOLOJ\u0130-KAPI-ORTALADIM-1.jpg\",\"width\":2021,\"height\":948,\"caption\":\"Can Psikoloji Dan\u0131\u015fmanl\u0131k ve E\u011fitim Merkezi\"},\"image\":{\"@id\":\"https:\/\/canpsikoloji.com\/#\/schema\/logo\/image\/\"},\"sameAs\":[\"https:\/\/www.instagram.com\/canpsikoloji\"]}]}<\/script>\n<!-- \/ Yoast SEO plugin. -->","yoast_head_json":{"title":"Psikolog Ba\u015fak Cant\u00fcrk - Can Psikoloji Dan\u0131\u015fmanl\u0131k Merkezi","robots":{"index":"index","follow":"follow","max-snippet":"max-snippet:-1","max-image-preview":"max-image-preview:large","max-video-preview":"max-video-preview:-1"},"canonical":"https:\/\/canpsikoloji.com\/index.php\/psikolog-basak-canturk\/","og_locale":"tr_TR","og_type":"article","og_title":"Psikolog Ba\u015fak Cant\u00fcrk - Can Psikoloji Dan\u0131\u015fmanl\u0131k Merkezi","og_description":"Psikolog Ba\u015fak Cant\u00fcrk, 1993 y\u0131l\u0131nda \u0130stanbul\u2019da do\u011fmu\u015f olup Kocaeli\u2019de ikamet etmektedir. \u00d6\u011eREN\u0130M: Lise\u00a0 \u00a0 \u00a0 \u00a0 \u00a0 \u00a0 \u00a0 \u00a0: \u00dclk\u00fcn Yal\u00e7\u0131n Anadolu Lisesi Lisans\u00a0 \u00a0 \u00a0 \u00a0 \u00a0 \u00a0: Abant \u0130zzet Baysal \u00dcniversitesi, Psikoloji \u00a0E\u011e\u0130T\u0130MLER: AGTE \u00c7ocuklar ve Ergenler \u0130le EMDR 1.D\u00fczey- 2020-\u00dcmran KORKMAZLAR \u00c7ocuk Merkezli Oyun Terapisi-2018- Reyhana SEEDAT \u00c7ocukta \u00d6fke Sorunlar\u0131 ve [&hellip;]","og_url":"https:\/\/canpsikoloji.com\/index.php\/psikolog-basak-canturk\/","og_site_name":"Can Psikoloji Dan\u0131\u015fmanl\u0131k Merkezi","article_modified_time":"2022-11-08T08:23:23+00:00","og_image":[{"url":"https:\/\/canpsikoloji.com\/wp-content\/uploads\/2022\/11\/WhatsApp-Image-2022-11-08-at-11.21.41-300x300.jpeg","type":"","width":"","height":""}],"twitter_card":"summary_large_image","twitter_misc":{"Tahmini okuma s\u00fcresi":"2 dakika"},"schema":{"@context":"https:\/\/schema.org","@graph":[{"@type":"WebPage","@id":"https:\/\/canpsikoloji.com\/index.php\/psikolog-basak-canturk\/","url":"https:\/\/canpsikoloji.com\/index.php\/psikolog-basak-canturk\/","name":"Psikolog Ba\u015fak Cant\u00fcrk - Can Psikoloji Dan\u0131\u015fmanl\u0131k Merkezi","isPartOf":{"@id":"https:\/\/canpsikoloji.com\/#website"},"primaryImageOfPage":{"@id":"https:\/\/canpsikoloji.com\/index.php\/psikolog-basak-canturk\/#primaryimage"},"image":{"@id":"https:\/\/canpsikoloji.com\/index.php\/psikolog-basak-canturk\/#primaryimage"},"thumbnailUrl":"https:\/\/canpsikoloji.com\/wp-content\/uploads\/2022\/11\/WhatsApp-Image-2022-11-08-at-11.21.41-300x300.jpeg","datePublished":"2020-08-22T17:02:54+00:00","dateModified":"2022-11-08T08:23:23+00:00","breadcrumb":{"@id":"https:\/\/canpsikoloji.com\/index.php\/psikolog-basak-canturk\/#breadcrumb"},"inLanguage":"tr","potentialAction":[{"@type":"ReadAction","target":["https:\/\/canpsikoloji.com\/index.php\/psikolog-basak-canturk\/"]}]},{"@type":"ImageObject","inLanguage":"tr","@id":"https:\/\/canpsikoloji.com\/index.php\/psikolog-basak-canturk\/#primaryimage","url":"https:\/\/canpsikoloji.com\/wp-content\/uploads\/2022\/11\/WhatsApp-Image-2022-11-08-at-11.21.41.jpeg","contentUrl":"https:\/\/canpsikoloji.com\/wp-content\/uploads\/2022\/11\/WhatsApp-Image-2022-11-08-at-11.21.41.jpeg","width":1600,"height":1600},{"@type":"BreadcrumbList","@id":"https:\/\/canpsikoloji.com\/index.php\/psikolog-basak-canturk\/#breadcrumb","itemListElement":[{"@type":"ListItem","position":1,"name":"Ana sayfa","item":"https:\/\/canpsikoloji.com\/"},{"@type":"ListItem","position":2,"name":"Psikolog Ba\u015fak Cant\u00fcrk"}]},{"@type":"WebSite","@id":"https:\/\/canpsikoloji.com\/#website","url":"https:\/\/canpsikoloji.com\/","name":"Can Psikoloji Dan\u0131\u015fmanl\u0131k ve E\u011fitim Merkezi","description":"","publisher":{"@id":"https:\/\/canpsikoloji.com\/#organization"},"potentialAction":[{"@type":"SearchAction","target":{"@type":"EntryPoint","urlTemplate":"https:\/\/canpsikoloji.com\/?s={search_term_string}"},"query-input":{"@type":"PropertyValueSpecification","valueRequired":true,"valueName":"search_term_string"}}],"inLanguage":"tr"},{"@type":"Organization","@id":"https:\/\/canpsikoloji.com\/#organization","name":"Can Psikoloji Dan\u0131\u015fmanl\u0131k ve E\u011fitim Merkezi","url":"https:\/\/canpsikoloji.com\/","logo":{"@type":"ImageObject","inLanguage":"tr","@id":"https:\/\/canpsikoloji.com\/#\/schema\/logo\/image\/","url":"https:\/\/canpsikoloji.com\/wp-content\/uploads\/2018\/11\/CAN-PS\u0130KOLOJ\u0130-KAPI-ORTALADIM-1.jpg","contentUrl":"https:\/\/canpsikoloji.com\/wp-content\/uploads\/2018\/11\/CAN-PS\u0130KOLOJ\u0130-KAPI-ORTALADIM-1.jpg","width":2021,"height":948,"caption":"Can Psikoloji Dan\u0131\u015fmanl\u0131k ve E\u011fitim Merkezi"},"image":{"@id":"https:\/\/canpsikoloji.com\/#\/schema\/logo\/image\/"},"sameAs":["https:\/\/www.instagram.com\/canpsikoloji"]}]}},"_links":{"self":[{"href":"https:\/\/canpsikoloji.com\/index.php\/wp-json\/wp\/v2\/pages\/623","targetHints":{"allow":["GET"]}}],"collection":[{"href":"https:\/\/canpsikoloji.com\/index.php\/wp-json\/wp\/v2\/pages"}],"about":[{"href":"https:\/\/canpsikoloji.com\/index.php\/wp-json\/wp\/v2\/types\/page"}],"author":[{"embeddable":true,"href":"https:\/\/canpsikoloji.com\/index.php\/wp-json\/wp\/v2\/users\/1"}],"replies":[{"embeddable":true,"href":"https:\/\/canpsikoloji.com\/index.php\/wp-json\/wp\/v2\/comments?post=623"}],"version-history":[{"count":12,"href":"https:\/\/canpsikoloji.com\/index.php\/wp-json\/wp\/v2\/pages\/623\/revisions"}],"predecessor-version":[{"id":770,"href":"https:\/\/canpsikoloji.com\/index.php\/wp-json\/wp\/v2\/pages\/623\/revisions\/770"}],"wp:attachment":[{"href":"https:\/\/canpsikoloji.com\/index.php\/wp-json\/wp\/v2\/media?parent=623"}],"curies":[{"name":"wp","href":"https:\/\/api.w.org\/{rel}","templated":true}]}}