{"id":827,"date":"2023-10-09T16:59:55","date_gmt":"2023-10-09T13:59:55","guid":{"rendered":"https:\/\/canpsikoloji.com\/?page_id=827"},"modified":"2023-10-09T17:02:33","modified_gmt":"2023-10-09T14:02:33","slug":"psikolojik-danisman-burcu-sen","status":"publish","type":"page","link":"https:\/\/canpsikoloji.com\/index.php\/psikolojik-danisman-burcu-sen\/","title":{"rendered":"Psikolojik Dan\u0131\u015fman Burcu \u015een"},"content":{"rendered":"<p><img loading=\"lazy\" decoding=\"async\" class=\"size-full wp-image-828 aligncenter\" src=\"https:\/\/canpsikoloji.com\/wp-content\/uploads\/2023\/10\/BURCU-SEN.jpg\" alt=\"\" width=\"168\" height=\"210\" \/><\/p>\n<p>Psikolojik Dan\u0131\u015fman Burcu \u015eEN, 1990 y\u0131l\u0131nda Ankara\u2019da do\u011fmu\u015f olup Kocaeli\u2019de ikamet etmektedir.<\/p>\n<p><strong>\u00d6\u011eREN\u0130M:<\/strong><\/p>\n<ul>\n<li>Lise\u00a0 \u00a0 \u00a0\u00a0 \u00a0: Etimesgut Anadolu Lisesi<\/li>\n<li>Lisans\u00a0\u00a0 \u00a0: Gazi \u00dcniversitesi- Rehberlik ve Psikolojik Dan\u0131\u015fmanl\u0131k<\/li>\n<\/ul>\n<p><strong>\u00a0E\u011e\u0130T\u0130MLER:<\/strong><\/p>\n<ul>\n<li>EMDR 1. D\u00fczey- Emre Konuk-EMDR Derne\u011fi- 2023<\/li>\n<li>Cinsel Terapi E\u011fitimi \u2013Cem KE\u00c7E-C\u0130SED- 2023<\/li>\n<li>Bili\u015fsel Davran\u0131\u015f\u00e7\u0131 Terapi E\u011fitimi-Prof. Dr. Murad ATMACA-Aktif Psikoloji Akademisi-2022<\/li>\n<li>\u00c7ocuk Merkezli Oyun Terapisi- Elif MAC\u0130T-2022<\/li>\n<li>Filial Terapi-Elif Macit-2022<\/li>\n<\/ul>\n<p><strong>DENEY\u0130M:<\/strong><\/p>\n<p>Gazi \u00dcniversitesi Psikolojik Dan\u0131\u015fmanl\u0131k ve Rehberlik B\u00f6l\u00fcm\u00fcnden 2014 y\u0131l\u0131nda mezun olduktan sonra \u00e7e\u015fitli ilkokul, ortaokul, RAM gibi kurumlarda psikolojik dan\u0131\u015fman olarak \u00e7al\u0131\u015ft\u0131.<\/p>\n<p>2022 y\u0131l\u0131 itibariyle Gebze\u2019de Can Psikoloji Dan\u0131\u015fmanl\u0131k ve E\u011fitim Merkezi\u2019nde Dan\u0131\u015fan g\u00f6rmektedir.<\/p>\n<p><strong>\u00dcYE OLDU\u011eU DERNEKLER:<\/strong><\/p>\n<ul>\n<li>EMDR Derne\u011fi<\/li>\n<\/ul>\n","protected":false},"excerpt":{"rendered":"<p class=\"qua-blog-post-description\">Psikolojik Dan\u0131\u015fman Burcu \u015eEN, 1990 y\u0131l\u0131nda Ankara\u2019da do\u011fmu\u015f olup Kocaeli\u2019de ikamet etmektedir. \u00d6\u011eREN\u0130M: Lise\u00a0 \u00a0 \u00a0\u00a0 \u00a0: Etimesgut Anadolu Lisesi Lisans\u00a0\u00a0 \u00a0: Gazi \u00dcniversitesi- Rehberlik ve Psikolojik Dan\u0131\u015fmanl\u0131k \u00a0E\u011e\u0130T\u0130MLER: EMDR 1. D\u00fczey- Emre Konuk-EMDR Derne\u011fi- 2023 Cinsel Terapi E\u011fitimi \u2013Cem KE\u00c7E-C\u0130SED- 2023 Bili\u015fsel Davran\u0131\u015f\u00e7\u0131 Terapi E\u011fitimi-Prof. Dr. Murad ATMACA-Aktif Psikoloji Akademisi-2022 \u00c7ocuk Merkezli Oyun Terapisi- [&hellip;]<\/p>\n","protected":false},"author":1,"featured_media":0,"parent":0,"menu_order":0,"comment_status":"closed","ping_status":"closed","template":"","meta":{"footnotes":""},"class_list":["post-827","page","type-page","status-publish","hentry"],"yoast_head":"<!-- This site is optimized with the Yoast SEO plugin v24.9 - https:\/\/yoast.com\/wordpress\/plugins\/seo\/ -->\n<title>Psikolojik Dan\u0131\u015fman Burcu \u015een - Can Psikoloji Dan\u0131\u015fmanl\u0131k Merkezi<\/title>\n<meta name=\"robots\" content=\"index, follow, max-snippet:-1, max-image-preview:large, max-video-preview:-1\" \/>\n<link rel=\"canonical\" href=\"https:\/\/canpsikoloji.com\/index.php\/psikolojik-danisman-burcu-sen\/\" \/>\n<meta property=\"og:locale\" content=\"tr_TR\" \/>\n<meta property=\"og:type\" content=\"article\" \/>\n<meta property=\"og:title\" content=\"Psikolojik Dan\u0131\u015fman Burcu \u015een - Can Psikoloji Dan\u0131\u015fmanl\u0131k Merkezi\" \/>\n<meta property=\"og:description\" content=\"Psikolojik Dan\u0131\u015fman Burcu \u015eEN, 1990 y\u0131l\u0131nda Ankara\u2019da do\u011fmu\u015f olup Kocaeli\u2019de ikamet etmektedir. \u00d6\u011eREN\u0130M: Lise\u00a0 \u00a0 \u00a0\u00a0 \u00a0: Etimesgut Anadolu Lisesi Lisans\u00a0\u00a0 \u00a0: Gazi \u00dcniversitesi- Rehberlik ve Psikolojik Dan\u0131\u015fmanl\u0131k \u00a0E\u011e\u0130T\u0130MLER: EMDR 1. D\u00fczey- Emre Konuk-EMDR Derne\u011fi- 2023 Cinsel Terapi E\u011fitimi \u2013Cem KE\u00c7E-C\u0130SED- 2023 Bili\u015fsel Davran\u0131\u015f\u00e7\u0131 Terapi E\u011fitimi-Prof. Dr. Murad ATMACA-Aktif Psikoloji Akademisi-2022 \u00c7ocuk Merkezli Oyun Terapisi- [&hellip;]\" \/>\n<meta property=\"og:url\" content=\"https:\/\/canpsikoloji.com\/index.php\/psikolojik-danisman-burcu-sen\/\" \/>\n<meta property=\"og:site_name\" content=\"Can Psikoloji Dan\u0131\u015fmanl\u0131k Merkezi\" \/>\n<meta property=\"article:modified_time\" content=\"2023-10-09T14:02:33+00:00\" \/>\n<meta property=\"og:image\" content=\"https:\/\/canpsikoloji.com\/wp-content\/uploads\/2023\/10\/BURCU-SEN.jpg\" \/>\n<meta name=\"twitter:card\" content=\"summary_large_image\" \/>\n<meta name=\"twitter:label1\" content=\"Tahmini okuma s\u00fcresi\" \/>\n\t<meta name=\"twitter:data1\" content=\"1 dakika\" \/>\n<script type=\"application\/ld+json\" class=\"yoast-schema-graph\">{\"@context\":\"https:\/\/schema.org\",\"@graph\":[{\"@type\":\"WebPage\",\"@id\":\"https:\/\/canpsikoloji.com\/index.php\/psikolojik-danisman-burcu-sen\/\",\"url\":\"https:\/\/canpsikoloji.com\/index.php\/psikolojik-danisman-burcu-sen\/\",\"name\":\"Psikolojik Dan\u0131\u015fman Burcu \u015een - Can Psikoloji Dan\u0131\u015fmanl\u0131k Merkezi\",\"isPartOf\":{\"@id\":\"https:\/\/canpsikoloji.com\/#website\"},\"primaryImageOfPage\":{\"@id\":\"https:\/\/canpsikoloji.com\/index.php\/psikolojik-danisman-burcu-sen\/#primaryimage\"},\"image\":{\"@id\":\"https:\/\/canpsikoloji.com\/index.php\/psikolojik-danisman-burcu-sen\/#primaryimage\"},\"thumbnailUrl\":\"https:\/\/canpsikoloji.com\/wp-content\/uploads\/2023\/10\/BURCU-SEN.jpg\",\"datePublished\":\"2023-10-09T13:59:55+00:00\",\"dateModified\":\"2023-10-09T14:02:33+00:00\",\"breadcrumb\":{\"@id\":\"https:\/\/canpsikoloji.com\/index.php\/psikolojik-danisman-burcu-sen\/#breadcrumb\"},\"inLanguage\":\"tr\",\"potentialAction\":[{\"@type\":\"ReadAction\",\"target\":[\"https:\/\/canpsikoloji.com\/index.php\/psikolojik-danisman-burcu-sen\/\"]}]},{\"@type\":\"ImageObject\",\"inLanguage\":\"tr\",\"@id\":\"https:\/\/canpsikoloji.com\/index.php\/psikolojik-danisman-burcu-sen\/#primaryimage\",\"url\":\"https:\/\/canpsikoloji.com\/wp-content\/uploads\/2023\/10\/BURCU-SEN.jpg\",\"contentUrl\":\"https:\/\/canpsikoloji.com\/wp-content\/uploads\/2023\/10\/BURCU-SEN.jpg\",\"width\":168,\"height\":210},{\"@type\":\"BreadcrumbList\",\"@id\":\"https:\/\/canpsikoloji.com\/index.php\/psikolojik-danisman-burcu-sen\/#breadcrumb\",\"itemListElement\":[{\"@type\":\"ListItem\",\"position\":1,\"name\":\"Ana sayfa\",\"item\":\"https:\/\/canpsikoloji.com\/\"},{\"@type\":\"ListItem\",\"position\":2,\"name\":\"Psikolojik Dan\u0131\u015fman Burcu \u015een\"}]},{\"@type\":\"WebSite\",\"@id\":\"https:\/\/canpsikoloji.com\/#website\",\"url\":\"https:\/\/canpsikoloji.com\/\",\"name\":\"Can Psikoloji Dan\u0131\u015fmanl\u0131k ve E\u011fitim Merkezi\",\"description\":\"\",\"publisher\":{\"@id\":\"https:\/\/canpsikoloji.com\/#organization\"},\"potentialAction\":[{\"@type\":\"SearchAction\",\"target\":{\"@type\":\"EntryPoint\",\"urlTemplate\":\"https:\/\/canpsikoloji.com\/?s={search_term_string}\"},\"query-input\":{\"@type\":\"PropertyValueSpecification\",\"valueRequired\":true,\"valueName\":\"search_term_string\"}}],\"inLanguage\":\"tr\"},{\"@type\":\"Organization\",\"@id\":\"https:\/\/canpsikoloji.com\/#organization\",\"name\":\"Can Psikoloji Dan\u0131\u015fmanl\u0131k ve E\u011fitim Merkezi\",\"url\":\"https:\/\/canpsikoloji.com\/\",\"logo\":{\"@type\":\"ImageObject\",\"inLanguage\":\"tr\",\"@id\":\"https:\/\/canpsikoloji.com\/#\/schema\/logo\/image\/\",\"url\":\"https:\/\/canpsikoloji.com\/wp-content\/uploads\/2018\/11\/CAN-PS\u0130KOLOJ\u0130-KAPI-ORTALADIM-1.jpg\",\"contentUrl\":\"https:\/\/canpsikoloji.com\/wp-content\/uploads\/2018\/11\/CAN-PS\u0130KOLOJ\u0130-KAPI-ORTALADIM-1.jpg\",\"width\":2021,\"height\":948,\"caption\":\"Can Psikoloji Dan\u0131\u015fmanl\u0131k ve E\u011fitim Merkezi\"},\"image\":{\"@id\":\"https:\/\/canpsikoloji.com\/#\/schema\/logo\/image\/\"},\"sameAs\":[\"https:\/\/www.instagram.com\/canpsikoloji\"]}]}<\/script>\n<!-- \/ Yoast SEO plugin. -->","yoast_head_json":{"title":"Psikolojik Dan\u0131\u015fman Burcu \u015een - Can Psikoloji Dan\u0131\u015fmanl\u0131k Merkezi","robots":{"index":"index","follow":"follow","max-snippet":"max-snippet:-1","max-image-preview":"max-image-preview:large","max-video-preview":"max-video-preview:-1"},"canonical":"https:\/\/canpsikoloji.com\/index.php\/psikolojik-danisman-burcu-sen\/","og_locale":"tr_TR","og_type":"article","og_title":"Psikolojik Dan\u0131\u015fman Burcu \u015een - Can Psikoloji Dan\u0131\u015fmanl\u0131k Merkezi","og_description":"Psikolojik Dan\u0131\u015fman Burcu \u015eEN, 1990 y\u0131l\u0131nda Ankara\u2019da do\u011fmu\u015f olup Kocaeli\u2019de ikamet etmektedir. \u00d6\u011eREN\u0130M: Lise\u00a0 \u00a0 \u00a0\u00a0 \u00a0: Etimesgut Anadolu Lisesi Lisans\u00a0\u00a0 \u00a0: Gazi \u00dcniversitesi- Rehberlik ve Psikolojik Dan\u0131\u015fmanl\u0131k \u00a0E\u011e\u0130T\u0130MLER: EMDR 1. D\u00fczey- Emre Konuk-EMDR Derne\u011fi- 2023 Cinsel Terapi E\u011fitimi \u2013Cem KE\u00c7E-C\u0130SED- 2023 Bili\u015fsel Davran\u0131\u015f\u00e7\u0131 Terapi E\u011fitimi-Prof. Dr. Murad ATMACA-Aktif Psikoloji Akademisi-2022 \u00c7ocuk Merkezli Oyun Terapisi- [&hellip;]","og_url":"https:\/\/canpsikoloji.com\/index.php\/psikolojik-danisman-burcu-sen\/","og_site_name":"Can Psikoloji Dan\u0131\u015fmanl\u0131k Merkezi","article_modified_time":"2023-10-09T14:02:33+00:00","og_image":[{"url":"https:\/\/canpsikoloji.com\/wp-content\/uploads\/2023\/10\/BURCU-SEN.jpg","type":"","width":"","height":""}],"twitter_card":"summary_large_image","twitter_misc":{"Tahmini okuma s\u00fcresi":"1 dakika"},"schema":{"@context":"https:\/\/schema.org","@graph":[{"@type":"WebPage","@id":"https:\/\/canpsikoloji.com\/index.php\/psikolojik-danisman-burcu-sen\/","url":"https:\/\/canpsikoloji.com\/index.php\/psikolojik-danisman-burcu-sen\/","name":"Psikolojik Dan\u0131\u015fman Burcu \u015een - Can Psikoloji Dan\u0131\u015fmanl\u0131k Merkezi","isPartOf":{"@id":"https:\/\/canpsikoloji.com\/#website"},"primaryImageOfPage":{"@id":"https:\/\/canpsikoloji.com\/index.php\/psikolojik-danisman-burcu-sen\/#primaryimage"},"image":{"@id":"https:\/\/canpsikoloji.com\/index.php\/psikolojik-danisman-burcu-sen\/#primaryimage"},"thumbnailUrl":"https:\/\/canpsikoloji.com\/wp-content\/uploads\/2023\/10\/BURCU-SEN.jpg","datePublished":"2023-10-09T13:59:55+00:00","dateModified":"2023-10-09T14:02:33+00:00","breadcrumb":{"@id":"https:\/\/canpsikoloji.com\/index.php\/psikolojik-danisman-burcu-sen\/#breadcrumb"},"inLanguage":"tr","potentialAction":[{"@type":"ReadAction","target":["https:\/\/canpsikoloji.com\/index.php\/psikolojik-danisman-burcu-sen\/"]}]},{"@type":"ImageObject","inLanguage":"tr","@id":"https:\/\/canpsikoloji.com\/index.php\/psikolojik-danisman-burcu-sen\/#primaryimage","url":"https:\/\/canpsikoloji.com\/wp-content\/uploads\/2023\/10\/BURCU-SEN.jpg","contentUrl":"https:\/\/canpsikoloji.com\/wp-content\/uploads\/2023\/10\/BURCU-SEN.jpg","width":168,"height":210},{"@type":"BreadcrumbList","@id":"https:\/\/canpsikoloji.com\/index.php\/psikolojik-danisman-burcu-sen\/#breadcrumb","itemListElement":[{"@type":"ListItem","position":1,"name":"Ana sayfa","item":"https:\/\/canpsikoloji.com\/"},{"@type":"ListItem","position":2,"name":"Psikolojik Dan\u0131\u015fman Burcu \u015een"}]},{"@type":"WebSite","@id":"https:\/\/canpsikoloji.com\/#website","url":"https:\/\/canpsikoloji.com\/","name":"Can Psikoloji Dan\u0131\u015fmanl\u0131k ve E\u011fitim Merkezi","description":"","publisher":{"@id":"https:\/\/canpsikoloji.com\/#organization"},"potentialAction":[{"@type":"SearchAction","target":{"@type":"EntryPoint","urlTemplate":"https:\/\/canpsikoloji.com\/?s={search_term_string}"},"query-input":{"@type":"PropertyValueSpecification","valueRequired":true,"valueName":"search_term_string"}}],"inLanguage":"tr"},{"@type":"Organization","@id":"https:\/\/canpsikoloji.com\/#organization","name":"Can Psikoloji Dan\u0131\u015fmanl\u0131k ve E\u011fitim Merkezi","url":"https:\/\/canpsikoloji.com\/","logo":{"@type":"ImageObject","inLanguage":"tr","@id":"https:\/\/canpsikoloji.com\/#\/schema\/logo\/image\/","url":"https:\/\/canpsikoloji.com\/wp-content\/uploads\/2018\/11\/CAN-PS\u0130KOLOJ\u0130-KAPI-ORTALADIM-1.jpg","contentUrl":"https:\/\/canpsikoloji.com\/wp-content\/uploads\/2018\/11\/CAN-PS\u0130KOLOJ\u0130-KAPI-ORTALADIM-1.jpg","width":2021,"height":948,"caption":"Can Psikoloji Dan\u0131\u015fmanl\u0131k ve E\u011fitim Merkezi"},"image":{"@id":"https:\/\/canpsikoloji.com\/#\/schema\/logo\/image\/"},"sameAs":["https:\/\/www.instagram.com\/canpsikoloji"]}]}},"_links":{"self":[{"href":"https:\/\/canpsikoloji.com\/index.php\/wp-json\/wp\/v2\/pages\/827","targetHints":{"allow":["GET"]}}],"collection":[{"href":"https:\/\/canpsikoloji.com\/index.php\/wp-json\/wp\/v2\/pages"}],"about":[{"href":"https:\/\/canpsikoloji.com\/index.php\/wp-json\/wp\/v2\/types\/page"}],"author":[{"embeddable":true,"href":"https:\/\/canpsikoloji.com\/index.php\/wp-json\/wp\/v2\/users\/1"}],"replies":[{"embeddable":true,"href":"https:\/\/canpsikoloji.com\/index.php\/wp-json\/wp\/v2\/comments?post=827"}],"version-history":[{"count":2,"href":"https:\/\/canpsikoloji.com\/index.php\/wp-json\/wp\/v2\/pages\/827\/revisions"}],"predecessor-version":[{"id":831,"href":"https:\/\/canpsikoloji.com\/index.php\/wp-json\/wp\/v2\/pages\/827\/revisions\/831"}],"wp:attachment":[{"href":"https:\/\/canpsikoloji.com\/index.php\/wp-json\/wp\/v2\/media?parent=827"}],"curies":[{"name":"wp","href":"https:\/\/api.w.org\/{rel}","templated":true}]}}