{"id":9,"date":"2018-11-01T22:50:37","date_gmt":"2018-11-01T19:50:37","guid":{"rendered":"https:\/\/canpsikoloji.com\/?page_id=9"},"modified":"2019-10-09T16:56:48","modified_gmt":"2019-10-09T13:56:48","slug":"hakkimizda","status":"publish","type":"page","link":"https:\/\/canpsikoloji.com\/index.php\/hakkimizda\/","title":{"rendered":"Hakk\u0131m\u0131zda"},"content":{"rendered":"<p><img loading=\"lazy\" decoding=\"async\" class=\"aligncenter wp-image-401 size-large\" src=\"https:\/\/canpsikoloji.com\/wp-content\/uploads\/2019\/10\/fm-1024x307.jpg\" alt=\"\" width=\"1024\" height=\"307\" srcset=\"https:\/\/canpsikoloji.com\/wp-content\/uploads\/2019\/10\/fm-1024x307.jpg 1024w, https:\/\/canpsikoloji.com\/wp-content\/uploads\/2019\/10\/fm-300x90.jpg 300w, https:\/\/canpsikoloji.com\/wp-content\/uploads\/2019\/10\/fm-768x230.jpg 768w, https:\/\/canpsikoloji.com\/wp-content\/uploads\/2019\/10\/fm.jpg 2000w\" sizes=\"auto, (max-width: 1024px) 100vw, 1024px\" \/><\/p>\n<p><center><\/center><center><\/center><\/p>\n<p>Can Psikoloji Dan\u0131\u015fmanl\u0131k ve E\u011fitim Merkezi insana ve insanla ilgili olan her konuya yarg\u0131s\u0131z, yans\u0131z, \u00f6l\u00e7\u00fclebilir ve \u00e7a\u011fda\u015f bak\u0131\u015f a\u00e7\u0131s\u0131 ile katk\u0131da bulunmay\u0131 ama\u00e7 edinmi\u015ftir.<\/p>\n<p>Can Psikoloji\u2019nin misyonu bireylerin, \u00e7ocuklar\u0131n, gen\u00e7lerin, ailelerin, \u00e7iftlerin ve kurumlar\u0131n ger\u00e7ek performanslar\u0131na ula\u015fmalar\u0131n\u0131 sa\u011flamak, doyum ve mutluluk hissini tatmay\u0131 hedefledikleri bu de\u011fi\u015fim s\u00fcre\u00e7lerinde onlara bilimsel temelli, i\u015flevsel, ula\u015f\u0131labilir \u00e7\u00f6z\u00fcmler \u00fcretmek ve bu yolculukta etik ilkeler \u00e7er\u00e7evesinde ilerlemektir.<\/p>\n<p>Psikoloji alan\u0131 kapsam\u0131nda, etik kurallar d\u00e2hilinde insan ve dolay\u0131s\u0131 ile dan\u0131\u015fan\/hasta odakl\u0131 &nbsp;\u00e7al\u0131\u015fmalar y\u00fcr\u00fctmek temel de\u011ferlerimizdendir.<\/p>\n<p>Bireysel ve kurumsal ruh sa\u011fl\u0131\u011f\u0131 hizmetlerimizin yan\u0131 s\u0131ra Can Psikoloji olarak sosyal sorumluluk bilincimiz ve hassasiyetimiz do\u011frultusunda projeler \u00fcretir, mevcut projelere uzmanl\u0131\u011f\u0131m\u0131z d\u00e2hilinde destek ve dan\u0131\u015fmanl\u0131k veririz.<\/p>\n<p>Ekibimizin uzmanlar\u0131 farkl\u0131 terapi teknikleri ile \u00e7al\u0131\u015fmakta ve \u00e7al\u0131\u015fma \u015fekli ve yap\u0131s\u0131n\u0131, g\u00f6r\u00fc\u015fme s\u0131kl\u0131\u011f\u0131 ve uzunlu\u011funu dan\u0131\u015fan\u0131n\/hastan\u0131n ihtiyac\u0131 do\u011frultusunda, dan\u0131\u015fan\/hasta ile birlikte belirlemektedir.<\/p>\n","protected":false},"excerpt":{"rendered":"<p class=\"qua-blog-post-description\">Can Psikoloji Dan\u0131\u015fmanl\u0131k ve E\u011fitim Merkezi insana ve insanla ilgili olan her konuya yarg\u0131s\u0131z, yans\u0131z, \u00f6l\u00e7\u00fclebilir ve \u00e7a\u011fda\u015f bak\u0131\u015f a\u00e7\u0131s\u0131 ile katk\u0131da bulunmay\u0131 ama\u00e7 edinmi\u015ftir. Can Psikoloji\u2019nin misyonu bireylerin, \u00e7ocuklar\u0131n, gen\u00e7lerin, ailelerin, \u00e7iftlerin ve kurumlar\u0131n ger\u00e7ek performanslar\u0131na ula\u015fmalar\u0131n\u0131 sa\u011flamak, doyum ve mutluluk hissini tatmay\u0131 hedefledikleri bu de\u011fi\u015fim s\u00fcre\u00e7lerinde onlara bilimsel temelli, i\u015flevsel, ula\u015f\u0131labilir \u00e7\u00f6z\u00fcmler \u00fcretmek [&hellip;]<\/p>\n","protected":false},"author":1,"featured_media":0,"parent":0,"menu_order":0,"comment_status":"closed","ping_status":"closed","template":"","meta":{"footnotes":""},"class_list":["post-9","page","type-page","status-publish","hentry"],"yoast_head":"<!-- This site is optimized with the Yoast SEO plugin v24.9 - https:\/\/yoast.com\/wordpress\/plugins\/seo\/ -->\n<title>Hakk\u0131m\u0131zda - Can Psikoloji Dan\u0131\u015fmanl\u0131k Merkezi<\/title>\n<meta name=\"robots\" content=\"index, follow, max-snippet:-1, max-image-preview:large, max-video-preview:-1\" \/>\n<link rel=\"canonical\" href=\"https:\/\/canpsikoloji.com\/index.php\/hakkimizda\/\" \/>\n<meta property=\"og:locale\" content=\"tr_TR\" \/>\n<meta property=\"og:type\" content=\"article\" \/>\n<meta property=\"og:title\" content=\"Hakk\u0131m\u0131zda - Can Psikoloji Dan\u0131\u015fmanl\u0131k Merkezi\" \/>\n<meta property=\"og:description\" content=\"Can Psikoloji Dan\u0131\u015fmanl\u0131k ve E\u011fitim Merkezi insana ve insanla ilgili olan her konuya yarg\u0131s\u0131z, yans\u0131z, \u00f6l\u00e7\u00fclebilir ve \u00e7a\u011fda\u015f bak\u0131\u015f a\u00e7\u0131s\u0131 ile katk\u0131da bulunmay\u0131 ama\u00e7 edinmi\u015ftir. Can Psikoloji\u2019nin misyonu bireylerin, \u00e7ocuklar\u0131n, gen\u00e7lerin, ailelerin, \u00e7iftlerin ve kurumlar\u0131n ger\u00e7ek performanslar\u0131na ula\u015fmalar\u0131n\u0131 sa\u011flamak, doyum ve mutluluk hissini tatmay\u0131 hedefledikleri bu de\u011fi\u015fim s\u00fcre\u00e7lerinde onlara bilimsel temelli, i\u015flevsel, ula\u015f\u0131labilir \u00e7\u00f6z\u00fcmler \u00fcretmek [&hellip;]\" \/>\n<meta property=\"og:url\" content=\"https:\/\/canpsikoloji.com\/index.php\/hakkimizda\/\" \/>\n<meta property=\"og:site_name\" content=\"Can Psikoloji Dan\u0131\u015fmanl\u0131k Merkezi\" \/>\n<meta property=\"article:modified_time\" content=\"2019-10-09T13:56:48+00:00\" \/>\n<meta property=\"og:image\" content=\"https:\/\/canpsikoloji.com\/wp-content\/uploads\/2019\/10\/fm-1024x307.jpg\" \/>\n<meta name=\"twitter:card\" content=\"summary_large_image\" \/>\n<meta name=\"twitter:label1\" content=\"Tahmini okuma s\u00fcresi\" \/>\n\t<meta name=\"twitter:data1\" content=\"1 dakika\" \/>\n<script type=\"application\/ld+json\" class=\"yoast-schema-graph\">{\"@context\":\"https:\/\/schema.org\",\"@graph\":[{\"@type\":\"WebPage\",\"@id\":\"https:\/\/canpsikoloji.com\/index.php\/hakkimizda\/\",\"url\":\"https:\/\/canpsikoloji.com\/index.php\/hakkimizda\/\",\"name\":\"Hakk\u0131m\u0131zda - Can Psikoloji Dan\u0131\u015fmanl\u0131k Merkezi\",\"isPartOf\":{\"@id\":\"https:\/\/canpsikoloji.com\/#website\"},\"primaryImageOfPage\":{\"@id\":\"https:\/\/canpsikoloji.com\/index.php\/hakkimizda\/#primaryimage\"},\"image\":{\"@id\":\"https:\/\/canpsikoloji.com\/index.php\/hakkimizda\/#primaryimage\"},\"thumbnailUrl\":\"https:\/\/canpsikoloji.com\/wp-content\/uploads\/2019\/10\/fm-1024x307.jpg\",\"datePublished\":\"2018-11-01T19:50:37+00:00\",\"dateModified\":\"2019-10-09T13:56:48+00:00\",\"breadcrumb\":{\"@id\":\"https:\/\/canpsikoloji.com\/index.php\/hakkimizda\/#breadcrumb\"},\"inLanguage\":\"tr\",\"potentialAction\":[{\"@type\":\"ReadAction\",\"target\":[\"https:\/\/canpsikoloji.com\/index.php\/hakkimizda\/\"]}]},{\"@type\":\"ImageObject\",\"inLanguage\":\"tr\",\"@id\":\"https:\/\/canpsikoloji.com\/index.php\/hakkimizda\/#primaryimage\",\"url\":\"https:\/\/canpsikoloji.com\/wp-content\/uploads\/2019\/10\/fm-1024x307.jpg\",\"contentUrl\":\"https:\/\/canpsikoloji.com\/wp-content\/uploads\/2019\/10\/fm-1024x307.jpg\"},{\"@type\":\"BreadcrumbList\",\"@id\":\"https:\/\/canpsikoloji.com\/index.php\/hakkimizda\/#breadcrumb\",\"itemListElement\":[{\"@type\":\"ListItem\",\"position\":1,\"name\":\"Ana sayfa\",\"item\":\"https:\/\/canpsikoloji.com\/\"},{\"@type\":\"ListItem\",\"position\":2,\"name\":\"Hakk\u0131m\u0131zda\"}]},{\"@type\":\"WebSite\",\"@id\":\"https:\/\/canpsikoloji.com\/#website\",\"url\":\"https:\/\/canpsikoloji.com\/\",\"name\":\"Can Psikoloji Dan\u0131\u015fmanl\u0131k ve E\u011fitim Merkezi\",\"description\":\"\",\"publisher\":{\"@id\":\"https:\/\/canpsikoloji.com\/#organization\"},\"potentialAction\":[{\"@type\":\"SearchAction\",\"target\":{\"@type\":\"EntryPoint\",\"urlTemplate\":\"https:\/\/canpsikoloji.com\/?s={search_term_string}\"},\"query-input\":{\"@type\":\"PropertyValueSpecification\",\"valueRequired\":true,\"valueName\":\"search_term_string\"}}],\"inLanguage\":\"tr\"},{\"@type\":\"Organization\",\"@id\":\"https:\/\/canpsikoloji.com\/#organization\",\"name\":\"Can Psikoloji Dan\u0131\u015fmanl\u0131k ve E\u011fitim Merkezi\",\"url\":\"https:\/\/canpsikoloji.com\/\",\"logo\":{\"@type\":\"ImageObject\",\"inLanguage\":\"tr\",\"@id\":\"https:\/\/canpsikoloji.com\/#\/schema\/logo\/image\/\",\"url\":\"https:\/\/canpsikoloji.com\/wp-content\/uploads\/2018\/11\/CAN-PS\u0130KOLOJ\u0130-KAPI-ORTALADIM-1.jpg\",\"contentUrl\":\"https:\/\/canpsikoloji.com\/wp-content\/uploads\/2018\/11\/CAN-PS\u0130KOLOJ\u0130-KAPI-ORTALADIM-1.jpg\",\"width\":2021,\"height\":948,\"caption\":\"Can Psikoloji Dan\u0131\u015fmanl\u0131k ve E\u011fitim Merkezi\"},\"image\":{\"@id\":\"https:\/\/canpsikoloji.com\/#\/schema\/logo\/image\/\"},\"sameAs\":[\"https:\/\/www.instagram.com\/canpsikoloji\"]}]}<\/script>\n<!-- \/ Yoast SEO plugin. -->","yoast_head_json":{"title":"Hakk\u0131m\u0131zda - Can Psikoloji Dan\u0131\u015fmanl\u0131k Merkezi","robots":{"index":"index","follow":"follow","max-snippet":"max-snippet:-1","max-image-preview":"max-image-preview:large","max-video-preview":"max-video-preview:-1"},"canonical":"https:\/\/canpsikoloji.com\/index.php\/hakkimizda\/","og_locale":"tr_TR","og_type":"article","og_title":"Hakk\u0131m\u0131zda - Can Psikoloji Dan\u0131\u015fmanl\u0131k Merkezi","og_description":"Can Psikoloji Dan\u0131\u015fmanl\u0131k ve E\u011fitim Merkezi insana ve insanla ilgili olan her konuya yarg\u0131s\u0131z, yans\u0131z, \u00f6l\u00e7\u00fclebilir ve \u00e7a\u011fda\u015f bak\u0131\u015f a\u00e7\u0131s\u0131 ile katk\u0131da bulunmay\u0131 ama\u00e7 edinmi\u015ftir. Can Psikoloji\u2019nin misyonu bireylerin, \u00e7ocuklar\u0131n, gen\u00e7lerin, ailelerin, \u00e7iftlerin ve kurumlar\u0131n ger\u00e7ek performanslar\u0131na ula\u015fmalar\u0131n\u0131 sa\u011flamak, doyum ve mutluluk hissini tatmay\u0131 hedefledikleri bu de\u011fi\u015fim s\u00fcre\u00e7lerinde onlara bilimsel temelli, i\u015flevsel, ula\u015f\u0131labilir \u00e7\u00f6z\u00fcmler \u00fcretmek [&hellip;]","og_url":"https:\/\/canpsikoloji.com\/index.php\/hakkimizda\/","og_site_name":"Can Psikoloji Dan\u0131\u015fmanl\u0131k Merkezi","article_modified_time":"2019-10-09T13:56:48+00:00","og_image":[{"url":"https:\/\/canpsikoloji.com\/wp-content\/uploads\/2019\/10\/fm-1024x307.jpg","type":"","width":"","height":""}],"twitter_card":"summary_large_image","twitter_misc":{"Tahmini okuma s\u00fcresi":"1 dakika"},"schema":{"@context":"https:\/\/schema.org","@graph":[{"@type":"WebPage","@id":"https:\/\/canpsikoloji.com\/index.php\/hakkimizda\/","url":"https:\/\/canpsikoloji.com\/index.php\/hakkimizda\/","name":"Hakk\u0131m\u0131zda - Can Psikoloji Dan\u0131\u015fmanl\u0131k Merkezi","isPartOf":{"@id":"https:\/\/canpsikoloji.com\/#website"},"primaryImageOfPage":{"@id":"https:\/\/canpsikoloji.com\/index.php\/hakkimizda\/#primaryimage"},"image":{"@id":"https:\/\/canpsikoloji.com\/index.php\/hakkimizda\/#primaryimage"},"thumbnailUrl":"https:\/\/canpsikoloji.com\/wp-content\/uploads\/2019\/10\/fm-1024x307.jpg","datePublished":"2018-11-01T19:50:37+00:00","dateModified":"2019-10-09T13:56:48+00:00","breadcrumb":{"@id":"https:\/\/canpsikoloji.com\/index.php\/hakkimizda\/#breadcrumb"},"inLanguage":"tr","potentialAction":[{"@type":"ReadAction","target":["https:\/\/canpsikoloji.com\/index.php\/hakkimizda\/"]}]},{"@type":"ImageObject","inLanguage":"tr","@id":"https:\/\/canpsikoloji.com\/index.php\/hakkimizda\/#primaryimage","url":"https:\/\/canpsikoloji.com\/wp-content\/uploads\/2019\/10\/fm-1024x307.jpg","contentUrl":"https:\/\/canpsikoloji.com\/wp-content\/uploads\/2019\/10\/fm-1024x307.jpg"},{"@type":"BreadcrumbList","@id":"https:\/\/canpsikoloji.com\/index.php\/hakkimizda\/#breadcrumb","itemListElement":[{"@type":"ListItem","position":1,"name":"Ana sayfa","item":"https:\/\/canpsikoloji.com\/"},{"@type":"ListItem","position":2,"name":"Hakk\u0131m\u0131zda"}]},{"@type":"WebSite","@id":"https:\/\/canpsikoloji.com\/#website","url":"https:\/\/canpsikoloji.com\/","name":"Can Psikoloji Dan\u0131\u015fmanl\u0131k ve E\u011fitim Merkezi","description":"","publisher":{"@id":"https:\/\/canpsikoloji.com\/#organization"},"potentialAction":[{"@type":"SearchAction","target":{"@type":"EntryPoint","urlTemplate":"https:\/\/canpsikoloji.com\/?s={search_term_string}"},"query-input":{"@type":"PropertyValueSpecification","valueRequired":true,"valueName":"search_term_string"}}],"inLanguage":"tr"},{"@type":"Organization","@id":"https:\/\/canpsikoloji.com\/#organization","name":"Can Psikoloji Dan\u0131\u015fmanl\u0131k ve E\u011fitim Merkezi","url":"https:\/\/canpsikoloji.com\/","logo":{"@type":"ImageObject","inLanguage":"tr","@id":"https:\/\/canpsikoloji.com\/#\/schema\/logo\/image\/","url":"https:\/\/canpsikoloji.com\/wp-content\/uploads\/2018\/11\/CAN-PS\u0130KOLOJ\u0130-KAPI-ORTALADIM-1.jpg","contentUrl":"https:\/\/canpsikoloji.com\/wp-content\/uploads\/2018\/11\/CAN-PS\u0130KOLOJ\u0130-KAPI-ORTALADIM-1.jpg","width":2021,"height":948,"caption":"Can Psikoloji Dan\u0131\u015fmanl\u0131k ve E\u011fitim Merkezi"},"image":{"@id":"https:\/\/canpsikoloji.com\/#\/schema\/logo\/image\/"},"sameAs":["https:\/\/www.instagram.com\/canpsikoloji"]}]}},"_links":{"self":[{"href":"https:\/\/canpsikoloji.com\/index.php\/wp-json\/wp\/v2\/pages\/9","targetHints":{"allow":["GET"]}}],"collection":[{"href":"https:\/\/canpsikoloji.com\/index.php\/wp-json\/wp\/v2\/pages"}],"about":[{"href":"https:\/\/canpsikoloji.com\/index.php\/wp-json\/wp\/v2\/types\/page"}],"author":[{"embeddable":true,"href":"https:\/\/canpsikoloji.com\/index.php\/wp-json\/wp\/v2\/users\/1"}],"replies":[{"embeddable":true,"href":"https:\/\/canpsikoloji.com\/index.php\/wp-json\/wp\/v2\/comments?post=9"}],"version-history":[{"count":14,"href":"https:\/\/canpsikoloji.com\/index.php\/wp-json\/wp\/v2\/pages\/9\/revisions"}],"predecessor-version":[{"id":472,"href":"https:\/\/canpsikoloji.com\/index.php\/wp-json\/wp\/v2\/pages\/9\/revisions\/472"}],"wp:attachment":[{"href":"https:\/\/canpsikoloji.com\/index.php\/wp-json\/wp\/v2\/media?parent=9"}],"curies":[{"name":"wp","href":"https:\/\/api.w.org\/{rel}","templated":true}]}}